{"id":37081,"date":"2026-02-27T00:37:20","date_gmt":"2026-02-27T00:37:20","guid":{"rendered":"https:\/\/nordicmart.andreevmaster.com\/product\/feandrea-kissanpeti-lelujousella\/"},"modified":"2026-02-27T09:54:27","modified_gmt":"2026-02-27T09:54:27","slug":"feandrea-kissanpeti-lelujousella","status":"publish","type":"product","link":"https:\/\/nordicmart.andreevmaster.com\/fi\/tuote\/feandrea-kissanpeti-lelujousella\/","title":{"rendered":"Feandrea kissanpeti lelujousella"},"content":{"rendered":"<p>FEANDREAn luovissa ty\u00f6pajoissa kaksi suloista kissanpentua hyppii ymp\u00e4riins\u00e4, tutkii kaikki raapimispuut henkil\u00f6kohtaisesti ja antaa el\u00e4imellisen palautteensa niist\u00e4. N\u00e4in FEANDREAn suunnittelijat saavat ensik\u00e4den, tai pikemminkin ensik\u00e4p\u00e4l\u00e4n, tietoa siit\u00e4, t\u00e4ytt\u00e4v\u00e4tk\u00f6 tuotteet hemmoteltujen viiksekk\u00e4iden vaatimukset.T\u00e4m\u00e4n kissan talon kohokohdat yhdell\u00e4 silm\u00e4yksell\u00e4: &#8211; Vanerista valmistettu rakenne takaa pitk\u00e4n k\u00e4ytt\u00f6i\u00e4n &#8211; Tilava kissanpes\u00e4 pitki\u00e4 p\u00e4iv\u00e4unia varten &#8211; Viihtyis\u00e4 huopakatto &#8211; 1 sisalmatto hauskaa raapimista varten &#8211; 1 hauska lelujousi Tuotetiedot:- V\u00e4ri: vaaleanharmaa-luonnonv\u00e4rit &#8211; Materiaali: vaneri, huopa &#8211; Koko: 60 x 40 x 35 cm (P x L x K) &#8211; Paino: 3,1 kg Toimitus sis\u00e4lt\u00e4\u00e4: &#8211; 1 x kissanpes\u00e4 &#8211; 1 x ohjeet (DE, EN, FR, ES, IT)<\/p>\n","protected":false},"excerpt":{"rendered":"<p>Feandrea kissanluola, raapimispuu, kissanpeti, vaneri, lelujousi PCB06NGX<\/p>\n","protected":false},"featured_media":0,"comment_status":"open","ping_status":"closed","template":"","meta":[],"product_brand":[],"product_cat":[32],"product_tag":[],"class_list":{"0":"post-37081","1":"product","2":"type-product","3":"status-publish","5":"product_cat-uncategorized-fi","7":"first","8":"instock","9":"shipping-taxable","10":"purchasable","11":"product-type-simple"},"_links":{"self":[{"href":"https:\/\/nordicmart.andreevmaster.com\/fi\/wp-json\/wp\/v2\/product\/37081","targetHints":{"allow":["GET"]}}],"collection":[{"href":"https:\/\/nordicmart.andreevmaster.com\/fi\/wp-json\/wp\/v2\/product"}],"about":[{"href":"https:\/\/nordicmart.andreevmaster.com\/fi\/wp-json\/wp\/v2\/types\/product"}],"replies":[{"embeddable":true,"href":"https:\/\/nordicmart.andreevmaster.com\/fi\/wp-json\/wp\/v2\/comments?post=37081"}],"wp:attachment":[{"href":"https:\/\/nordicmart.andreevmaster.com\/fi\/wp-json\/wp\/v2\/media?parent=37081"}],"wp:term":[{"taxonomy":"product_brand","embeddable":true,"href":"https:\/\/nordicmart.andreevmaster.com\/fi\/wp-json\/wp\/v2\/product_brand?post=37081"},{"taxonomy":"product_cat","embeddable":true,"href":"https:\/\/nordicmart.andreevmaster.com\/fi\/wp-json\/wp\/v2\/product_cat?post=37081"},{"taxonomy":"product_tag","embeddable":true,"href":"https:\/\/nordicmart.andreevmaster.com\/fi\/wp-json\/wp\/v2\/product_tag?post=37081"}],"curies":[{"name":"wp","href":"https:\/\/api.w.org\/{rel}","templated":true}]}}