{"id":37080,"date":"2026-02-27T00:37:20","date_gmt":"2026-02-27T00:37:20","guid":{"rendered":"https:\/\/nordicmart.andreevmaster.com\/product\/feandrea-taitettava-kissanpesa\/"},"modified":"2026-02-27T09:54:26","modified_gmt":"2026-02-27T09:54:26","slug":"feandrea-taitettava-kissanpesa","status":"publish","type":"product","link":"https:\/\/nordicmart.andreevmaster.com\/fi\/tuote\/feandrea-taitettava-kissanpesa\/","title":{"rendered":"Feandrea taitettava kissanpes\u00e4"},"content":{"rendered":"<p>FEANDREA:n suunnittelijat haluavat, ett\u00e4 kissasi saavat mahdollisimman mukavan kodin, jossa ne voivat tuntea olonsa todella kotoisaksi. T\u00e4t\u00e4 varten he ovat jo luoneet lukuisia raapimispuita, jotka l\u00f6yd\u00e4t my\u00f6s t\u00e4lt\u00e4 alustalta. Suuri, korkea raapimispuu ei kuitenkaan sovi jokaiseen asuntoon, ja ehk\u00e4 etsit vain pient\u00e4 kissanpes\u00e4\u00e4, joka on helppo kuljettaa ja sijoittaa esimerkiksi makuuhuoneeseen tai ty\u00f6huoneeseen \u2013 n\u00e4ihin huoneisiin on nimitt\u00e4in melko vaikea sijoittaa raapimispuita. Pieni lelu, suuri ilo T\u00e4m\u00e4 kuution muotoinen kissan piilopaikka voidaan taittaa kokoon ja se mahtuu my\u00f6s ahtaisiin makuuhuoneisiin tai toimistosi nurkkaan. Kompakteista mitoistaan (39 x 39 x 38 cm) huolimatta se ei menet\u00e4 mukavuuttaan kissallesi, sill\u00e4 sek\u00e4 luola ett\u00e4 makuualusta on varustettu mukavalla pehmustetulla tyynyll\u00e4. Ilahduta kissaasi t\u00e4ll\u00e4 kissanpes\u00e4ll\u00e4 ja l\u00e4het\u00e4 meille muutama kuva kommentteihin! Tuotetiedot: &#8211; V\u00e4ri: harmaa &#8211; Materiaali: pellava, huopa, pehmolelu, MDF &#8211; Koko: 39 x 39 x 37 cm &#8211; Paino: 2 kg &#8211; Maks. kantavuus: 10 kg Toimitus sis\u00e4lt\u00e4\u00e4: &#8211; 1 x kissanluola &#8211; 1 x ohjeet (DE, EN, ES, FR, IT)<\/p>\n","protected":false},"excerpt":{"rendered":"<p>Feandrea taitettava kissanpes\u00e4, kissan talo makuualustalla ja k\u00e4\u00e4nnett\u00e4v\u00e4ll\u00e4 tyynyll\u00e4, kissan piilopaikka, kissan lelu, kuution muotoinen, 39 x 39 x 37 cm, naarmuuntumaton, pellava, huopa, MDF, harmaa PCB04G<\/p>\n","protected":false},"featured_media":45054,"comment_status":"open","ping_status":"closed","template":"","meta":[],"product_brand":[],"product_cat":[32],"product_tag":[],"class_list":{"0":"post-37080","1":"product","2":"type-product","3":"status-publish","4":"has-post-thumbnail","6":"product_cat-uncategorized-fi","8":"first","9":"instock","10":"shipping-taxable","11":"purchasable","12":"product-type-simple"},"_links":{"self":[{"href":"https:\/\/nordicmart.andreevmaster.com\/fi\/wp-json\/wp\/v2\/product\/37080","targetHints":{"allow":["GET"]}}],"collection":[{"href":"https:\/\/nordicmart.andreevmaster.com\/fi\/wp-json\/wp\/v2\/product"}],"about":[{"href":"https:\/\/nordicmart.andreevmaster.com\/fi\/wp-json\/wp\/v2\/types\/product"}],"replies":[{"embeddable":true,"href":"https:\/\/nordicmart.andreevmaster.com\/fi\/wp-json\/wp\/v2\/comments?post=37080"}],"wp:featuredmedia":[{"embeddable":true,"href":"https:\/\/nordicmart.andreevmaster.com\/fi\/wp-json\/wp\/v2\/media\/45054"}],"wp:attachment":[{"href":"https:\/\/nordicmart.andreevmaster.com\/fi\/wp-json\/wp\/v2\/media?parent=37080"}],"wp:term":[{"taxonomy":"product_brand","embeddable":true,"href":"https:\/\/nordicmart.andreevmaster.com\/fi\/wp-json\/wp\/v2\/product_brand?post=37080"},{"taxonomy":"product_cat","embeddable":true,"href":"https:\/\/nordicmart.andreevmaster.com\/fi\/wp-json\/wp\/v2\/product_cat?post=37080"},{"taxonomy":"product_tag","embeddable":true,"href":"https:\/\/nordicmart.andreevmaster.com\/fi\/wp-json\/wp\/v2\/product_tag?post=37080"}],"curies":[{"name":"wp","href":"https:\/\/api.w.org\/{rel}","templated":true}]}}