{"id":37078,"date":"2026-02-27T00:37:20","date_gmt":"2026-02-27T00:37:20","guid":{"rendered":"https:\/\/nordicmart.andreevmaster.com\/product\/feandrea-9-muotoinen-kissanpeti-harmaa-valkoinen\/"},"modified":"2026-02-27T09:54:26","modified_gmt":"2026-02-27T09:54:26","slug":"feandrea-9-muotoinen-kissanpeti-harmaa-valkoinen","status":"publish","type":"product","link":"https:\/\/nordicmart.andreevmaster.com\/fi\/tuote\/feandrea-9-muotoinen-kissanpeti-harmaa-valkoinen\/","title":{"rendered":"Feandrea 9-muotoinen kissanpeti harmaa-valkoinen"},"content":{"rendered":"<p>FEANDREA:n suunnittelijat haluavat, ett\u00e4 kissasi saavat mahdollisimman mukavan kodin, jossa ne voivat tuntea olonsa todella kotoisaksi. T\u00e4t\u00e4 varten he ovat jo luoneet lukuisia raapimispuita, jotka l\u00f6yd\u00e4t my\u00f6s t\u00e4lt\u00e4 alustalta. Suuri, korkea raapimispuu ei kuitenkaan sovi jokaiseen asuntoon, ja ehk\u00e4 etsit vain pient\u00e4 kissanpes\u00e4\u00e4, joka on helppo kuljettaa ja sijoittaa esimerkiksi makuuhuoneeseen tai ty\u00f6huoneeseen \u2013 n\u00e4ihin huoneisiin on nimitt\u00e4in melko vaikea sijoittaa suuria raapimispuita. Pieni lelu, suuri ilo T\u00e4m\u00e4 9:n muotoinen kissan makuualusta mahtuu my\u00f6s ahtaisiin makuuhuoneisiin tai toimistosi nurkkaan. Kompakteista mitoistaan (48 x 39,8 x 39,8 cm) huolimatta se ei menet\u00e4 mukavuuttaan kissallesi, sill\u00e4 alustat on varustettu mukavilla matoilla. Ilahduta kissaasi t\u00e4ll\u00e4 kissanmakuualustalla ja l\u00e4het\u00e4 meille muutama kuva kommentteihin! Tuotetiedot: &#8211; V\u00e4ri: valkoinen, harmaa &#8211; Materiaali: puuvilla, Oxford-kangas, MDF &#8211; Koko: 48 x 40 x 40 cm &#8211; Yl\u00e4osan koko: 44 x 35 cm &#8211; Paino: 3 kg &#8211; Maks. kantavuus: 15 kg Toimitus sis\u00e4lt\u00e4\u00e4: &#8211; 1 x kissan makuualusta &#8211; 1 x ohjeet (DE, EN, ES, FR, IT)<\/p>\n","protected":false},"excerpt":{"rendered":"<p>Feandrea kissan makuualusta 2 suurella makuualustalla, kissan huonekalut 2 tasolla, mukava kissan makuualusta, kissan lelu, kest\u00e4v\u00e4, Oxford-kangas, MDF, 48 x 40 x 40 cm, 9-muotoinen, valkoinen, harmaa PCB02WG<\/p>\n","protected":false},"featured_media":45052,"comment_status":"open","ping_status":"closed","template":"","meta":[],"product_brand":[],"product_cat":[32],"product_tag":[],"class_list":{"0":"post-37078","1":"product","2":"type-product","3":"status-publish","4":"has-post-thumbnail","6":"product_cat-uncategorized-fi","8":"first","9":"instock","10":"shipping-taxable","11":"purchasable","12":"product-type-simple"},"_links":{"self":[{"href":"https:\/\/nordicmart.andreevmaster.com\/fi\/wp-json\/wp\/v2\/product\/37078","targetHints":{"allow":["GET"]}}],"collection":[{"href":"https:\/\/nordicmart.andreevmaster.com\/fi\/wp-json\/wp\/v2\/product"}],"about":[{"href":"https:\/\/nordicmart.andreevmaster.com\/fi\/wp-json\/wp\/v2\/types\/product"}],"replies":[{"embeddable":true,"href":"https:\/\/nordicmart.andreevmaster.com\/fi\/wp-json\/wp\/v2\/comments?post=37078"}],"wp:featuredmedia":[{"embeddable":true,"href":"https:\/\/nordicmart.andreevmaster.com\/fi\/wp-json\/wp\/v2\/media\/45052"}],"wp:attachment":[{"href":"https:\/\/nordicmart.andreevmaster.com\/fi\/wp-json\/wp\/v2\/media?parent=37078"}],"wp:term":[{"taxonomy":"product_brand","embeddable":true,"href":"https:\/\/nordicmart.andreevmaster.com\/fi\/wp-json\/wp\/v2\/product_brand?post=37078"},{"taxonomy":"product_cat","embeddable":true,"href":"https:\/\/nordicmart.andreevmaster.com\/fi\/wp-json\/wp\/v2\/product_cat?post=37078"},{"taxonomy":"product_tag","embeddable":true,"href":"https:\/\/nordicmart.andreevmaster.com\/fi\/wp-json\/wp\/v2\/product_tag?post=37078"}],"curies":[{"name":"wp","href":"https:\/\/api.w.org\/{rel}","templated":true}]}}