{"id":37077,"date":"2026-02-27T00:37:19","date_gmt":"2026-02-27T00:37:19","guid":{"rendered":"https:\/\/nordicmart.andreevmaster.com\/product\/feandrea-riippumatto-kissoille-ja-koirille-paino-enintaan-12-kg\/"},"modified":"2026-02-27T09:54:26","modified_gmt":"2026-02-27T09:54:26","slug":"feandrea-riippumatto-kissoille-ja-koirille-paino-enintaan-12-kg","status":"publish","type":"product","link":"https:\/\/nordicmart.andreevmaster.com\/fi\/tuote\/feandrea-riippumatto-kissoille-ja-koirille-paino-enintaan-12-kg\/","title":{"rendered":"Feandrea riippumatto kissoille ja koirille, paino enint\u00e4\u00e4n 12 kg"},"content":{"rendered":"<p>FEANDREA kissan riippumatto, korotettu kissanpeti, pieni koiranpeti, lemmikeille enint\u00e4\u00e4n 8 kg, vapaasti seisova lemmikkipeti kes\u00e4ksi, irrotettava verkko, konepest\u00e4v\u00e4, soikea, harmaa PCB001G01<br \/>\nV\u00e4ri: harmaa<br \/>\nMateriaali: ter\u00e4s, Oxford-kangas, synteettinen kuitukangas, nitriilikumi<br \/>\nKoko: 52 x 42 x 20 cm (P x L x K)<br \/>\nPaino: 1,5 kg<\/p>\n","protected":false},"excerpt":{"rendered":"<p>FEANDREA kissan riippumatto, korotettu kissanpeti, pieni koiranpeti, lemmikeille enint\u00e4\u00e4n 8 kg, vapaasti seisova lemmikkipeti kes\u00e4ksi, irrotettava verkko, konepest\u00e4v\u00e4, soikea, harmaa PCB001G01<\/p>\n","protected":false},"featured_media":45051,"comment_status":"open","ping_status":"closed","template":"","meta":[],"product_brand":[],"product_cat":[32],"product_tag":[],"class_list":{"0":"post-37077","1":"product","2":"type-product","3":"status-publish","4":"has-post-thumbnail","6":"product_cat-uncategorized-fi","8":"first","9":"instock","10":"shipping-taxable","11":"purchasable","12":"product-type-simple"},"_links":{"self":[{"href":"https:\/\/nordicmart.andreevmaster.com\/fi\/wp-json\/wp\/v2\/product\/37077","targetHints":{"allow":["GET"]}}],"collection":[{"href":"https:\/\/nordicmart.andreevmaster.com\/fi\/wp-json\/wp\/v2\/product"}],"about":[{"href":"https:\/\/nordicmart.andreevmaster.com\/fi\/wp-json\/wp\/v2\/types\/product"}],"replies":[{"embeddable":true,"href":"https:\/\/nordicmart.andreevmaster.com\/fi\/wp-json\/wp\/v2\/comments?post=37077"}],"wp:featuredmedia":[{"embeddable":true,"href":"https:\/\/nordicmart.andreevmaster.com\/fi\/wp-json\/wp\/v2\/media\/45051"}],"wp:attachment":[{"href":"https:\/\/nordicmart.andreevmaster.com\/fi\/wp-json\/wp\/v2\/media?parent=37077"}],"wp:term":[{"taxonomy":"product_brand","embeddable":true,"href":"https:\/\/nordicmart.andreevmaster.com\/fi\/wp-json\/wp\/v2\/product_brand?post=37077"},{"taxonomy":"product_cat","embeddable":true,"href":"https:\/\/nordicmart.andreevmaster.com\/fi\/wp-json\/wp\/v2\/product_cat?post=37077"},{"taxonomy":"product_tag","embeddable":true,"href":"https:\/\/nordicmart.andreevmaster.com\/fi\/wp-json\/wp\/v2\/product_tag?post=37077"}],"curies":[{"name":"wp","href":"https:\/\/api.w.org\/{rel}","templated":true}]}}