{"id":37067,"date":"2026-02-27T00:37:17","date_gmt":"2026-02-27T00:37:17","guid":{"rendered":"https:\/\/nordicmart.andreevmaster.com\/product\/feandrea-raapimispuu-53-cm-korkea-pehmopallolla-ja-kellolla\/"},"modified":"2026-02-27T09:54:23","modified_gmt":"2026-02-27T09:54:23","slug":"feandrea-raapimispuu-53-cm-korkea-pehmopallolla-ja-kellolla","status":"publish","type":"product","link":"https:\/\/nordicmart.andreevmaster.com\/fi\/tuote\/feandrea-raapimispuu-53-cm-korkea-pehmopallolla-ja-kellolla\/","title":{"rendered":"Feandrea raapimispuu 53 cm korkea, pehmopallolla ja kellolla"},"content":{"rendered":"<p>Feandrea raapimispuu, korkeus 53 cm, raapimispylv\u00e4s, paksuus 11 cm, kissapuu, raapimispylv\u00e4s kissanpennuille, pienille ja keskikokoisille kissoille, sisalpylv\u00e4s, pehmopallo ja kello, kyyhkynharmaa PCA023G01<br \/>\nV\u00e4ri: kyyhkynharmaa<br \/>\nMateriaali: sisali, MDF (keskitihe\u00e4 kuitulevy), pehmolelu<br \/>\nKoko: 36 x 30 x 53 cm (P x L x K)<br \/>\nPaino: 2,7 kg<\/p>\n","protected":false},"excerpt":{"rendered":"<p>Feandrea raapimispuu, korkeus 53 cm, raapimispylv\u00e4s, paksuus 11 cm, kissapuu, raapimispylv\u00e4s kissanpennuille, pienille ja keskikokoisille kissoille, sisalpylv\u00e4s, pehmopallo ja kello, kyyhkynharmaa PCA023G01<\/p>\n","protected":false},"featured_media":45041,"comment_status":"open","ping_status":"closed","template":"","meta":[],"product_brand":[],"product_cat":[32],"product_tag":[],"class_list":{"0":"post-37067","1":"product","2":"type-product","3":"status-publish","4":"has-post-thumbnail","6":"product_cat-uncategorized-fi","8":"first","9":"instock","10":"shipping-taxable","11":"purchasable","12":"product-type-simple"},"_links":{"self":[{"href":"https:\/\/nordicmart.andreevmaster.com\/fi\/wp-json\/wp\/v2\/product\/37067","targetHints":{"allow":["GET"]}}],"collection":[{"href":"https:\/\/nordicmart.andreevmaster.com\/fi\/wp-json\/wp\/v2\/product"}],"about":[{"href":"https:\/\/nordicmart.andreevmaster.com\/fi\/wp-json\/wp\/v2\/types\/product"}],"replies":[{"embeddable":true,"href":"https:\/\/nordicmart.andreevmaster.com\/fi\/wp-json\/wp\/v2\/comments?post=37067"}],"wp:featuredmedia":[{"embeddable":true,"href":"https:\/\/nordicmart.andreevmaster.com\/fi\/wp-json\/wp\/v2\/media\/45041"}],"wp:attachment":[{"href":"https:\/\/nordicmart.andreevmaster.com\/fi\/wp-json\/wp\/v2\/media?parent=37067"}],"wp:term":[{"taxonomy":"product_brand","embeddable":true,"href":"https:\/\/nordicmart.andreevmaster.com\/fi\/wp-json\/wp\/v2\/product_brand?post=37067"},{"taxonomy":"product_cat","embeddable":true,"href":"https:\/\/nordicmart.andreevmaster.com\/fi\/wp-json\/wp\/v2\/product_cat?post=37067"},{"taxonomy":"product_tag","embeddable":true,"href":"https:\/\/nordicmart.andreevmaster.com\/fi\/wp-json\/wp\/v2\/product_tag?post=37067"}],"curies":[{"name":"wp","href":"https:\/\/api.w.org\/{rel}","templated":true}]}}