{"id":37064,"date":"2026-02-27T00:37:16","date_gmt":"2026-02-27T00:37:16","guid":{"rendered":"https:\/\/nordicmart.andreevmaster.com\/product\/feandrea-kissanraapimispuu-71-cm-jossa-taso\/"},"modified":"2026-02-27T09:54:23","modified_gmt":"2026-02-27T09:54:23","slug":"feandrea-kissanraapimispuu-71-cm-jossa-taso","status":"publish","type":"product","link":"https:\/\/nordicmart.andreevmaster.com\/fi\/tuote\/feandrea-kissanraapimispuu-71-cm-jossa-taso\/","title":{"rendered":"Feandrea kissanraapimispuu 71 cm, jossa taso"},"content":{"rendered":"<p>FEANDREAn luovassa ty\u00f6pajassa hyppii kaksi pient\u00e4 kissanpentua, jotka tutkivat raapimispuita henkil\u00f6kohtaisesti ja antavat el\u00e4imellist\u00e4 palautetta. N\u00e4in FEANDREAn suunnittelijat tiet\u00e4v\u00e4t ensik\u00e4den, mitk\u00e4 tuotteet vastaavat arvokkaiden kissanpentujemme tarpeita. Kissanpuun edut yhdell\u00e4 silm\u00e4yksell\u00e4: &#8211; Kest\u00e4v\u00e4: Kest\u00e4v\u00e4t materiaalit pitk\u00e4aikaiseen k\u00e4ytt\u00f6\u00f6n. &#8211; Leve\u00e4 taso: Tilava taso tarjoaa kissalle tilaa nokosille. &#8211; Helppo puhdistaa: Kissanraapimispuun taso on irrotettavissa pesua varten ja se voidaan puhdistaa karvanpoistajalla. &#8211; Vakaa: Leve\u00e4 pohja ja 4 liukumatonta tyyny\u00e4 pit\u00e4v\u00e4t kiipeilypuun vakaana. &#8211; Helppo asentaa: Rakenteen yksinkertaisuuden ansiosta asennus on helppoa. &#8211; Sopiva korkeus: 71 cm:n korkeudella se on ihanteellinen kissoille venyttelem\u00e4\u00e4n raapimisen aikana. &#8211; Sis\u00e4lt\u00e4\u00e4 pallon: Ripustettava pallo tarjoaa lis\u00e4\u00e4 leikkimist\u00e4. Tuotetiedot: &#8211; V\u00e4ri: tummanharmaa &#8211; Materiaali: lastulevy, pehmustettu kangas, sisalmatto &#8211; Koko: 45 x 40 x 71 cm (P x L x K) &#8211; Paino: 4,5 kg Toimitus sis\u00e4lt\u00e4\u00e4: &#8211; 1 x kissan raapimispuu &#8211; 1 x ohjeet<\/p>\n","protected":false},"excerpt":{"rendered":"<p>Feandrea raapimispuu, kissapuu, jossa on pehmustettu alusta 40 x 30 cm, kissan raapimispuu, korkeus 71 cm, raapimispylv\u00e4s sisalilla, pehmustettu, tummanharmaa PCA022G01<\/p>\n","protected":false},"featured_media":45038,"comment_status":"open","ping_status":"closed","template":"","meta":[],"product_brand":[],"product_cat":[32],"product_tag":[],"class_list":{"0":"post-37064","1":"product","2":"type-product","3":"status-publish","4":"has-post-thumbnail","6":"product_cat-uncategorized-fi","8":"first","9":"instock","10":"shipping-taxable","11":"purchasable","12":"product-type-simple"},"_links":{"self":[{"href":"https:\/\/nordicmart.andreevmaster.com\/fi\/wp-json\/wp\/v2\/product\/37064","targetHints":{"allow":["GET"]}}],"collection":[{"href":"https:\/\/nordicmart.andreevmaster.com\/fi\/wp-json\/wp\/v2\/product"}],"about":[{"href":"https:\/\/nordicmart.andreevmaster.com\/fi\/wp-json\/wp\/v2\/types\/product"}],"replies":[{"embeddable":true,"href":"https:\/\/nordicmart.andreevmaster.com\/fi\/wp-json\/wp\/v2\/comments?post=37064"}],"wp:featuredmedia":[{"embeddable":true,"href":"https:\/\/nordicmart.andreevmaster.com\/fi\/wp-json\/wp\/v2\/media\/45038"}],"wp:attachment":[{"href":"https:\/\/nordicmart.andreevmaster.com\/fi\/wp-json\/wp\/v2\/media?parent=37064"}],"wp:term":[{"taxonomy":"product_brand","embeddable":true,"href":"https:\/\/nordicmart.andreevmaster.com\/fi\/wp-json\/wp\/v2\/product_brand?post=37064"},{"taxonomy":"product_cat","embeddable":true,"href":"https:\/\/nordicmart.andreevmaster.com\/fi\/wp-json\/wp\/v2\/product_cat?post=37064"},{"taxonomy":"product_tag","embeddable":true,"href":"https:\/\/nordicmart.andreevmaster.com\/fi\/wp-json\/wp\/v2\/product_tag?post=37064"}],"curies":[{"name":"wp","href":"https:\/\/api.w.org\/{rel}","templated":true}]}}