{"id":37063,"date":"2026-02-27T00:37:15","date_gmt":"2026-02-27T00:37:15","guid":{"rendered":"https:\/\/nordicmart.andreevmaster.com\/product\/feandrea-raapimispylvas-73-cm-lelulla\/"},"modified":"2026-02-27T09:54:23","modified_gmt":"2026-02-27T09:54:23","slug":"feandrea-raapimispylvas-73-cm-lelulla","status":"publish","type":"product","link":"https:\/\/nordicmart.andreevmaster.com\/fi\/tuote\/feandrea-raapimispylvas-73-cm-lelulla\/","title":{"rendered":"Feandrea-raapimispylv\u00e4s 73 cm lelulla"},"content":{"rendered":"<p>FEANDREAn luovassa ty\u00f6pajassa kaksi pient\u00e4 kissanpentua hyppii ymp\u00e4riins\u00e4, tutkii raapimispuita henkil\u00f6kohtaisesti ja antaa aitoa el\u00e4inperhett\u00e4. N\u00e4in FEANDREAn suunnittelijat saavat ensik\u00e4den tietoa siit\u00e4, mitk\u00e4 tuotteet vastaavat rakkaiden kissanpentujemme tarpeita. Kissanraapimispuun edut yhdell\u00e4 silm\u00e4yksell\u00e4: &#8211; Vintage-ruskea viimeistely sopii huonekaluihisi. &#8211; Leve\u00e4 pohja ja 4 liukumatonta tyyny\u00e4 pit\u00e4v\u00e4t kissanraapimispuun vakaana. &#8211; 73 cm:n korkeus on ihanteellinen kissoille, jotta ne voivat venytt\u00e4\u00e4 raapimisen aikana. &#8211; Kest\u00e4v\u00e4 materiaali pitk\u00e4aikaiseen k\u00e4ytt\u00f6\u00f6n. &#8211; Yksinkertainen rakenne helpottaa asennusta. &#8211; Rei\u00e4ss\u00e4 roikkuva pallo tarjoaa lis\u00e4\u00e4 leikkimist\u00e4. Tuotetiedot: &#8211; V\u00e4ri: vintage-ruskea &#8211; Materiaali: puulevy, sisalnaru (paksuus 8 mm) &#8211; Koko: 38 x 38 x 73 cm (P x L x K) &#8211; Paino: 3,8 kg Toimitus sis\u00e4lt\u00e4\u00e4: &#8211; 1 x kissanraapimispuu &#8211; 1 x ohjeet<\/p>\n","protected":false},"excerpt":{"rendered":"<p>Feandrea kissanraapimispuu, raapimispylv\u00e4s, raapimispuu luonnollisesta sisalk\u00f6ydest\u00e4, raapimispuu pehmolelulla, raapimissuoja huonekaluille, korkeus 73 cm, vintage-ruskea PCA021X01<\/p>\n","protected":false},"featured_media":45037,"comment_status":"open","ping_status":"closed","template":"","meta":[],"product_brand":[],"product_cat":[32],"product_tag":[],"class_list":{"0":"post-37063","1":"product","2":"type-product","3":"status-publish","4":"has-post-thumbnail","6":"product_cat-uncategorized-fi","8":"first","9":"instock","10":"shipping-taxable","11":"purchasable","12":"product-type-simple"},"_links":{"self":[{"href":"https:\/\/nordicmart.andreevmaster.com\/fi\/wp-json\/wp\/v2\/product\/37063","targetHints":{"allow":["GET"]}}],"collection":[{"href":"https:\/\/nordicmart.andreevmaster.com\/fi\/wp-json\/wp\/v2\/product"}],"about":[{"href":"https:\/\/nordicmart.andreevmaster.com\/fi\/wp-json\/wp\/v2\/types\/product"}],"replies":[{"embeddable":true,"href":"https:\/\/nordicmart.andreevmaster.com\/fi\/wp-json\/wp\/v2\/comments?post=37063"}],"wp:featuredmedia":[{"embeddable":true,"href":"https:\/\/nordicmart.andreevmaster.com\/fi\/wp-json\/wp\/v2\/media\/45037"}],"wp:attachment":[{"href":"https:\/\/nordicmart.andreevmaster.com\/fi\/wp-json\/wp\/v2\/media?parent=37063"}],"wp:term":[{"taxonomy":"product_brand","embeddable":true,"href":"https:\/\/nordicmart.andreevmaster.com\/fi\/wp-json\/wp\/v2\/product_brand?post=37063"},{"taxonomy":"product_cat","embeddable":true,"href":"https:\/\/nordicmart.andreevmaster.com\/fi\/wp-json\/wp\/v2\/product_cat?post=37063"},{"taxonomy":"product_tag","embeddable":true,"href":"https:\/\/nordicmart.andreevmaster.com\/fi\/wp-json\/wp\/v2\/product_tag?post=37063"}],"curies":[{"name":"wp","href":"https:\/\/api.w.org\/{rel}","templated":true}]}}