{"id":37062,"date":"2026-02-27T00:37:15","date_gmt":"2026-02-27T00:37:15","guid":{"rendered":"https:\/\/nordicmart.andreevmaster.com\/product\/feandrea-raapimispuu-luonnollisesta-sisalkoydesta-mukana-pehmolelu\/"},"modified":"2026-02-27T09:54:22","modified_gmt":"2026-02-27T09:54:22","slug":"feandrea-raapimispuu-luonnollisesta-sisalkoydesta-mukana-pehmolelu","status":"publish","type":"product","link":"https:\/\/nordicmart.andreevmaster.com\/fi\/tuote\/feandrea-raapimispuu-luonnollisesta-sisalkoydesta-mukana-pehmolelu\/","title":{"rendered":"Feandrea raapimispuu luonnollisesta sisalk\u00f6ydest\u00e4, mukana pehmolelu"},"content":{"rendered":"<p>Feandrea kissanraapimispuu, raapimispylv\u00e4s, raapimispuu luonnollisesta sisalk\u00f6ydest\u00e4, raapimispuu pehmolelulla, raapimissuoja huonekaluille, korkeus 73 cm, vintage-ruskea PCA021X01<br \/>\nV\u00e4ri: greige<br \/>\nMateriaali: lastulevy, sisalk\u00f6ysi (paksuus 8 mm)<br \/>\nKoko: 38 x 38 x 73 cm (P x L x K)<br \/>\nPaino: 3,8 kg<\/p>\n","protected":false},"excerpt":{"rendered":"<p>Feandrea kissanraapimispuu, raapimispylv\u00e4s, raapimispuu luonnollisesta sisalk\u00f6ydest\u00e4, raapimispuu pehmolelulla, raapimissuoja huonekaluille, korkeus 73 cm, vintage-ruskea PCA021X01<\/p>\n","protected":false},"featured_media":45036,"comment_status":"open","ping_status":"closed","template":"","meta":[],"product_brand":[],"product_cat":[32],"product_tag":[],"class_list":{"0":"post-37062","1":"product","2":"type-product","3":"status-publish","4":"has-post-thumbnail","6":"product_cat-uncategorized-fi","8":"first","9":"instock","10":"shipping-taxable","11":"purchasable","12":"product-type-simple"},"_links":{"self":[{"href":"https:\/\/nordicmart.andreevmaster.com\/fi\/wp-json\/wp\/v2\/product\/37062","targetHints":{"allow":["GET"]}}],"collection":[{"href":"https:\/\/nordicmart.andreevmaster.com\/fi\/wp-json\/wp\/v2\/product"}],"about":[{"href":"https:\/\/nordicmart.andreevmaster.com\/fi\/wp-json\/wp\/v2\/types\/product"}],"replies":[{"embeddable":true,"href":"https:\/\/nordicmart.andreevmaster.com\/fi\/wp-json\/wp\/v2\/comments?post=37062"}],"wp:featuredmedia":[{"embeddable":true,"href":"https:\/\/nordicmart.andreevmaster.com\/fi\/wp-json\/wp\/v2\/media\/45036"}],"wp:attachment":[{"href":"https:\/\/nordicmart.andreevmaster.com\/fi\/wp-json\/wp\/v2\/media?parent=37062"}],"wp:term":[{"taxonomy":"product_brand","embeddable":true,"href":"https:\/\/nordicmart.andreevmaster.com\/fi\/wp-json\/wp\/v2\/product_brand?post=37062"},{"taxonomy":"product_cat","embeddable":true,"href":"https:\/\/nordicmart.andreevmaster.com\/fi\/wp-json\/wp\/v2\/product_cat?post=37062"},{"taxonomy":"product_tag","embeddable":true,"href":"https:\/\/nordicmart.andreevmaster.com\/fi\/wp-json\/wp\/v2\/product_tag?post=37062"}],"curies":[{"name":"wp","href":"https:\/\/api.w.org\/{rel}","templated":true}]}}