{"id":37060,"date":"2026-02-27T00:37:14","date_gmt":"2026-02-27T00:37:14","guid":{"rendered":"https:\/\/nordicmart.andreevmaster.com\/product\/feandrea-sisalnaru-kissa-ja-koirapuuhun\/"},"modified":"2026-02-27T09:54:22","modified_gmt":"2026-02-27T09:54:22","slug":"feandrea-sisalnaru-kissa-ja-koirapuuhun","status":"publish","type":"product","link":"https:\/\/nordicmart.andreevmaster.com\/fi\/tuote\/feandrea-sisalnaru-kissa-ja-koirapuuhun\/","title":{"rendered":"Feandrea sisalnaru kissa- ja koirapuuhun"},"content":{"rendered":"<p>Tuotetiedot: &#8211; V\u00e4ri: beige &#8211; Materiaali: sisal &#8211; Koko: 6 mm x 20 m (\u00d8 x L) &#8211; Lelun tangon pituus: 33 cm &#8211; Paino: 0,4 kg Toimitus sis\u00e4lt\u00e4\u00e4: &#8211; 1 x sisalnaru &#8211; 1 x kissan lelu Huomautukset: &#8211; Kirist\u00e4 naru asennuksen aikana.- On suositeltavaa k\u00e4ytt\u00e4\u00e4 k\u00e4sineit\u00e4 k\u00e4yt\u00f6n aikana. &#8211; \u00c4l\u00e4 anna kissasi pureskella tai sy\u00f6d\u00e4 kissan lelua. &#8211; Tuote saattaa tuoksua &#8221;uudelta&#8221; avattaessa pakkausta. T\u00e4ll\u00f6in voit sijoittaa sen hyvin ilmastoituun tilaan, jotta tuoksu h\u00e4vi\u00e4\u00e4 lyhyess\u00e4 ajassa.<\/p>\n","protected":false},"excerpt":{"rendered":"<p>Feandrea Sisal-k\u00f6ysi kissa-puuhun, 20 m, varaosa, beige PCA001W01<\/p>\n","protected":false},"featured_media":45034,"comment_status":"open","ping_status":"closed","template":"","meta":[],"product_brand":[],"product_cat":[32],"product_tag":[],"class_list":{"0":"post-37060","1":"product","2":"type-product","3":"status-publish","4":"has-post-thumbnail","6":"product_cat-uncategorized-fi","8":"first","9":"instock","10":"shipping-taxable","11":"purchasable","12":"product-type-simple"},"_links":{"self":[{"href":"https:\/\/nordicmart.andreevmaster.com\/fi\/wp-json\/wp\/v2\/product\/37060","targetHints":{"allow":["GET"]}}],"collection":[{"href":"https:\/\/nordicmart.andreevmaster.com\/fi\/wp-json\/wp\/v2\/product"}],"about":[{"href":"https:\/\/nordicmart.andreevmaster.com\/fi\/wp-json\/wp\/v2\/types\/product"}],"replies":[{"embeddable":true,"href":"https:\/\/nordicmart.andreevmaster.com\/fi\/wp-json\/wp\/v2\/comments?post=37060"}],"wp:featuredmedia":[{"embeddable":true,"href":"https:\/\/nordicmart.andreevmaster.com\/fi\/wp-json\/wp\/v2\/media\/45034"}],"wp:attachment":[{"href":"https:\/\/nordicmart.andreevmaster.com\/fi\/wp-json\/wp\/v2\/media?parent=37060"}],"wp:term":[{"taxonomy":"product_brand","embeddable":true,"href":"https:\/\/nordicmart.andreevmaster.com\/fi\/wp-json\/wp\/v2\/product_brand?post=37060"},{"taxonomy":"product_cat","embeddable":true,"href":"https:\/\/nordicmart.andreevmaster.com\/fi\/wp-json\/wp\/v2\/product_cat?post=37060"},{"taxonomy":"product_tag","embeddable":true,"href":"https:\/\/nordicmart.andreevmaster.com\/fi\/wp-json\/wp\/v2\/product_tag?post=37060"}],"curies":[{"name":"wp","href":"https:\/\/api.w.org\/{rel}","templated":true}]}}