{"id":37059,"date":"2026-02-27T00:37:14","date_gmt":"2026-02-27T00:37:14","guid":{"rendered":"https:\/\/nordicmart.andreevmaster.com\/product\/feandrea-koiran-turvaistuin-pienille-koirille\/"},"modified":"2026-02-27T09:54:22","modified_gmt":"2026-02-27T09:54:22","slug":"feandrea-koiran-turvaistuin-pienille-koirille","status":"publish","type":"product","link":"https:\/\/nordicmart.andreevmaster.com\/fi\/tuote\/feandrea-koiran-turvaistuin-pienille-koirille\/","title":{"rendered":"Feandrea koiran turvaistuin pienille koirille"},"content":{"rendered":"<p>Nauti n\u00e4kymist\u00e4, karvainen yst\u00e4v\u00e4: Pelokas koirasi hyppii ymp\u00e4riins\u00e4, kun ajat autoa? Ehk\u00e4 se vain tuntee olonsa ahtaaksi. Ennen kuin se h\u00e4iritsee ajamista, nosta koirasi istuinkorokkeella. N\u00e4kym\u00e4 ikkunasta antaa sille vapauden tunteen. Turvallinen, vakaa ja tukeva: koiranistuimessa on hihna p\u00e4\u00e4ntuelle ja selk\u00e4nojalle sek\u00e4 2 sivuhihnaa takana, joiden l\u00e4pi turvavy\u00f6 voidaan vet\u00e4\u00e4 lis\u00e4vakauden takaamiseksi, ja 1 s\u00e4\u00e4dett\u00e4v\u00e4 kiinnitysk\u00f6ysi (pituus enint\u00e4\u00e4n 25 cm) voidaan kiinnitt\u00e4\u00e4 koiran valjaisiin \u2013 t\u00e4ll\u00e4 lemmikkien autoturvaistuimella kaikki on turvallista ja suojattua. Sopii lemmikeille, joiden paino on enint\u00e4\u00e4n 8,2 kg: t\u00e4m\u00e4 42 x 32 x 22,5 cm kokoinen koiran turvaistuin kest\u00e4\u00e4 jopa 11,8 kg:n painon, mutta 8,2\u201311,8 kg painavat lemmikit voivat olla liian suuria istuakseen siin\u00e4 mukavasti. Mittaa ja punnitse lemmikkisi. Suositellut rodut: chihuahua, yorkshirenterrieri, havannankoirat, shih tzu, maltankoira, toy-villakoira, k\u00e4\u00e4pi\u00f6m\u00e4yr\u00e4koira, pienispitz, mopsi, jack russell terrieri. Tuotetiedot:- V\u00e4ri: musta-beige &#8211; Materiaali: Oxford-kangas, fleece, ter\u00e4s &#8211; Koko: 42 x 32 x 22,5 cm (P x L x K) &#8211; Paino: 1,3 kg &#8211; Maks. staattinen kantavuus: 11,8 kg Toimitus sis\u00e4lt\u00e4\u00e4: &#8211; 1 x koiranistuin &#8211; 1 x ohjeet<\/p>\n","protected":false},"excerpt":{"rendered":"<p>Feandrea koiran turvaistuin, pienille koirille, musta-beige PBS042B01<\/p>\n","protected":false},"featured_media":45033,"comment_status":"open","ping_status":"closed","template":"","meta":[],"product_brand":[],"product_cat":[32],"product_tag":[],"class_list":{"0":"post-37059","1":"product","2":"type-product","3":"status-publish","4":"has-post-thumbnail","6":"product_cat-uncategorized-fi","8":"first","9":"instock","10":"shipping-taxable","11":"purchasable","12":"product-type-simple"},"_links":{"self":[{"href":"https:\/\/nordicmart.andreevmaster.com\/fi\/wp-json\/wp\/v2\/product\/37059","targetHints":{"allow":["GET"]}}],"collection":[{"href":"https:\/\/nordicmart.andreevmaster.com\/fi\/wp-json\/wp\/v2\/product"}],"about":[{"href":"https:\/\/nordicmart.andreevmaster.com\/fi\/wp-json\/wp\/v2\/types\/product"}],"replies":[{"embeddable":true,"href":"https:\/\/nordicmart.andreevmaster.com\/fi\/wp-json\/wp\/v2\/comments?post=37059"}],"wp:featuredmedia":[{"embeddable":true,"href":"https:\/\/nordicmart.andreevmaster.com\/fi\/wp-json\/wp\/v2\/media\/45033"}],"wp:attachment":[{"href":"https:\/\/nordicmart.andreevmaster.com\/fi\/wp-json\/wp\/v2\/media?parent=37059"}],"wp:term":[{"taxonomy":"product_brand","embeddable":true,"href":"https:\/\/nordicmart.andreevmaster.com\/fi\/wp-json\/wp\/v2\/product_brand?post=37059"},{"taxonomy":"product_cat","embeddable":true,"href":"https:\/\/nordicmart.andreevmaster.com\/fi\/wp-json\/wp\/v2\/product_cat?post=37059"},{"taxonomy":"product_tag","embeddable":true,"href":"https:\/\/nordicmart.andreevmaster.com\/fi\/wp-json\/wp\/v2\/product_tag?post=37059"}],"curies":[{"name":"wp","href":"https:\/\/api.w.org\/{rel}","templated":true}]}}