{"id":37058,"date":"2026-02-27T00:37:14","date_gmt":"2026-02-27T00:37:14","guid":{"rendered":"https:\/\/nordicmart.andreevmaster.com\/product\/saaasema-fischer-6690-22\/"},"modified":"2026-02-27T09:54:22","modified_gmt":"2026-02-27T09:54:22","slug":"saaasema-fischer-6690-22","status":"publish","type":"product","link":"https:\/\/nordicmart.andreevmaster.com\/fi\/tuote\/saaasema-fischer-6690-22\/","title":{"rendered":"S\u00e4\u00e4asema  Fischer  6690-22"},"content":{"rendered":"<p>S\u00e4\u00e4asema &#8211; Barometri L\u00e4mp\u00f6mittari Kosteusmittari &#8211; 6690-22&nbsp; Fisher Weather Station 6690-22 on yhdistelm\u00e4 korkealaatuisia mittauslaitteita klassisessa muodossa. Asema sis\u00e4lt\u00e4\u00e4 barometrin, kosteusmittarin ja l\u00e4mp\u00f6mittarin. Laitteen on valmistanut tunnettu saksalainen Fisher-yritys, joka on ollut mittauslaitealalla jo yli 70 vuotta. &nbsp; Mittauslaitteet on asetettu timanttileikattuun messinkikehykseen . Laitteen pohja on valmistettu mahonki-v\u00e4risest\u00e4 puusta. Klassinen yhdistelm\u00e4 mahonki- ja messinkiosia antaa laitteelle hienostuneen ilmeen, joka sopii t\u00e4ydellisesti kaappi-, klassiseen tai kolonialistiseen sisustukseen. Esteettisen ulkon\u00e4k\u00f6ns\u00e4 ansiosta laite on paitsi k\u00e4yt\u00e4nn\u00f6llinen, my\u00f6s ainutlaatuinen sisustuselementti. Tuotetiedot: Valmistaja: Fischer Mitat: 39 x 11,5 cm Materiaali: messinki, puu Viimeistely: mahonki K\u00e4ytt\u00f6kohde: sis\u00e4tilat Barometrin mittaustarkkuus: \u00b1 3 hPa Kosteusmittarin mittaustarkkuus: \u00b1 5 % r.h. (20 &#8230; 100 %), + 1 asteikko L\u00e4mp\u00f6mittarin mittaustarkkuus: \u00b1 1 K, + 1 asteikko &nbsp; &nbsp; Mittauslaitteiden kalibrointi &nbsp; Barometrin, l\u00e4mp\u00f6mittarin ja kosteusmittarin kalibrointi on suoritettu tehtaalla. Voimakkaiden iskujen vuoksi uusi s\u00e4\u00e4t\u00f6 voi kuitenkin olla tarpeen. Barometrin ja kosteusmittarin s\u00e4\u00e4t\u00f6 suoritetaan ruuvimeisselill\u00e4 s\u00e4\u00e4t\u00e4m\u00e4ll\u00e4 laitteen takana olevaa ruuvia mukana toimitetun k\u00e4ytt\u00f6ohjeen suositusten mukaisesti. L\u00e4mp\u00f6mittarin osalta, jos elohopeapylv\u00e4s on rikkoutunut, muutama voimakas nyk\u00e4isy auttaa. S\u00e4\u00e4aseman avulla voit seurata kotisi s\u00e4\u00e4olosuhteita ja huolehtia terveydest\u00e4si. Jotta lukemat olisivat mahdollisimman tarkkoja, v\u00e4lt\u00e4 sijoittamasta s\u00e4\u00e4asemaa uunin tai patterin l\u00e4helle. Varmista my\u00f6s, ett\u00e4 se ei ole liian kauan auringonvalossa, sill\u00e4 se voi h\u00e4irit\u00e4 sen toimintaa. &nbsp;<\/p>\n","protected":false},"excerpt":{"rendered":"<p>S\u00e4\u00e4asema &#8211; Barometri L\u00e4mp\u00f6mittari Kosteusmittari &#8211; 6690-22&nbsp; Fisher Weather Station 6690-22 on yhdistelm\u00e4 korkealaatuisia mittauslaitteita klassisessa muodossa. Asema sis\u00e4lt\u00e4\u00e4 barometrin, kosteusmittarin ja l\u00e4mp\u00f6mittarin. Laitteen on valmistanut tunnettu saksalainen Fisher-yritys, joka on ollut mittauslaitealalla jo yli 70 vuotta. &nbsp; Mittauslaitteet on asetettu timanttileikattuun messinkikehykseen . Laitteen pohja on valmistettu mahonki-v\u00e4risest\u00e4 puusta. Klassinen yhdistelm\u00e4 mahonki- ja messinkiosia [&hellip;]<\/p>\n","protected":false},"featured_media":45032,"comment_status":"open","ping_status":"closed","template":"","meta":[],"product_brand":[],"product_cat":[32],"product_tag":[],"class_list":{"0":"post-37058","1":"product","2":"type-product","3":"status-publish","4":"has-post-thumbnail","6":"product_cat-uncategorized-fi","8":"first","9":"instock","10":"shipping-taxable","11":"purchasable","12":"product-type-simple"},"_links":{"self":[{"href":"https:\/\/nordicmart.andreevmaster.com\/fi\/wp-json\/wp\/v2\/product\/37058","targetHints":{"allow":["GET"]}}],"collection":[{"href":"https:\/\/nordicmart.andreevmaster.com\/fi\/wp-json\/wp\/v2\/product"}],"about":[{"href":"https:\/\/nordicmart.andreevmaster.com\/fi\/wp-json\/wp\/v2\/types\/product"}],"replies":[{"embeddable":true,"href":"https:\/\/nordicmart.andreevmaster.com\/fi\/wp-json\/wp\/v2\/comments?post=37058"}],"wp:featuredmedia":[{"embeddable":true,"href":"https:\/\/nordicmart.andreevmaster.com\/fi\/wp-json\/wp\/v2\/media\/45032"}],"wp:attachment":[{"href":"https:\/\/nordicmart.andreevmaster.com\/fi\/wp-json\/wp\/v2\/media?parent=37058"}],"wp:term":[{"taxonomy":"product_brand","embeddable":true,"href":"https:\/\/nordicmart.andreevmaster.com\/fi\/wp-json\/wp\/v2\/product_brand?post=37058"},{"taxonomy":"product_cat","embeddable":true,"href":"https:\/\/nordicmart.andreevmaster.com\/fi\/wp-json\/wp\/v2\/product_cat?post=37058"},{"taxonomy":"product_tag","embeddable":true,"href":"https:\/\/nordicmart.andreevmaster.com\/fi\/wp-json\/wp\/v2\/product_tag?post=37058"}],"curies":[{"name":"wp","href":"https:\/\/api.w.org\/{rel}","templated":true}]}}