{"id":37057,"date":"2026-02-27T00:37:14","date_gmt":"2026-02-27T00:37:14","guid":{"rendered":"https:\/\/nordicmart.andreevmaster.com\/product\/saaasema-fischer-9103-22-001\/"},"modified":"2026-02-27T09:54:21","modified_gmt":"2026-02-27T09:54:21","slug":"saaasema-fischer-9103-22-001","status":"publish","type":"product","link":"https:\/\/nordicmart.andreevmaster.com\/fi\/tuote\/saaasema-fischer-9103-22-001\/","title":{"rendered":"S\u00e4\u00e4asema &#8211; Fischer &#8211; 9103-22-001"},"content":{"rendered":"<p>&nbsp;S\u00e4\u00e4asema &#8211; Fischer &#8211; 9103-22-001&nbsp;Esittelemme tyylikk\u00e4\u00e4n ja eritt\u00e4in tarkan s\u00e4\u00e4aseman, jonka on valmistanut saksalainen Fischer-yritys. Sarja sis\u00e4lt\u00e4\u00e4 barometrin, kosteusmittarin ja l\u00e4mp\u00f6mittarin. Fisher-s\u00e4\u00e4aseman avulla voit hallita kotisi mikroilmastoa. Barometrin avulla voit seurata paineen laskuja ja nousuja. Hygrometri n\u00e4ytt\u00e4\u00e4 kodin ilmankosteuden, ja l\u00e4mp\u00f6tilan voit lukea l\u00e4mp\u00f6mittarista. Kaikki t\u00e4m\u00e4 eritt\u00e4in klassisessa, tyylikk\u00e4\u00e4ss\u00e4 muodossa. Messinkikehyksiset mittarit on sijoitettu tummalle puualustalle. Mittareiden valkoiset, tyylikk\u00e4\u00e4t kellotaulut kontrastoivat tumman fontin ja puukehysten kanssa. T\u00e4m\u00e4 kotis\u00e4\u00e4asema sopii erinomaisesti englantilaistyylisiin, toimistotyylisiin ja kolonialistiseen tyyliin sisustettuihin huoneisiin. Laite voidaan ripustaa vaakasuoraan tai pystysuoraan k\u00e4\u00e4nt\u00e4m\u00e4ll\u00e4 kiinnikkeit\u00e4. Se on tunnettujen Fisher-yhti\u00f6n valmistama korkealaatuinen tuote. Fischer-yhti\u00f6 perustettiin vuonna 1945 Drebachissa, Saksassa, ja se on valmistanut siell\u00e4 barometrej\u00e4, kosteusmittareita ja l\u00e4mp\u00f6mittareita siit\u00e4 l\u00e4htien. Yhti\u00f6ll\u00e4 on yli 70 vuoden kokemus alalta. Nyky\u00e4\u00e4n Fischer on tunnettu ja arvostettu korkealaatuisten tuotteiden toimittaja. Kaikki tuotteet on valmistettu k\u00e4sity\u00f6n\u00e4 yksinomaan Saksan Erzgebirge-vuoristossa. Mitat: Pituus 28 cm Korkeus 12 cm Barometrin halkaisija 10 cm L\u00e4mp\u00f6mittarin ja kosteusmittarin halkaisija 6,5 cm Huomio! Barometrin, l\u00e4mp\u00f6mittarin ja kosteusmittarin kalibrointi on suoritettu tehtaalla. Voimakkaiden iskujen vuoksi uusi s\u00e4\u00e4t\u00f6 voi kuitenkin olla tarpeen. T\u00e4t\u00e4 varten barometrin ja kosteusmittarin tapauksessa k\u00e4yt\u00e4 ruuvimeisseli\u00e4 ja s\u00e4\u00e4d\u00e4 laitteen takana olevaa ruuvia mukana toimitetun k\u00e4ytt\u00f6ohjeen mukaisesti. L\u00e4mp\u00f6mittarin tapauksessa, kun elohopeapylv\u00e4s on repeytynyt, se voidaan korjata nyk\u00e4isem\u00e4ll\u00e4 pylv\u00e4st\u00e4 useita kertoja voimakkaasti.<\/p>\n","protected":false},"excerpt":{"rendered":"<p>&nbsp;S\u00e4\u00e4asema &#8211; Fischer &#8211; 9103-22-001&nbsp;Esittelemme tyylikk\u00e4\u00e4n ja eritt\u00e4in tarkan s\u00e4\u00e4aseman, jonka on valmistanut saksalainen Fischer-yritys. Sarja sis\u00e4lt\u00e4\u00e4 barometrin, kosteusmittarin ja l\u00e4mp\u00f6mittarin. Fisher-s\u00e4\u00e4aseman avulla voit hallita kotisi mikroilmastoa. Barometrin avulla voit seurata paineen laskuja ja nousuja. Hygrometri n\u00e4ytt\u00e4\u00e4 kodin ilmankosteuden, ja l\u00e4mp\u00f6tilan voit lukea l\u00e4mp\u00f6mittarista. Kaikki t\u00e4m\u00e4 eritt\u00e4in klassisessa, tyylikk\u00e4\u00e4ss\u00e4 muodossa. Messinkikehyksiset mittarit on sijoitettu tummalle [&hellip;]<\/p>\n","protected":false},"featured_media":45031,"comment_status":"open","ping_status":"closed","template":"","meta":[],"product_brand":[],"product_cat":[32],"product_tag":[],"class_list":{"0":"post-37057","1":"product","2":"type-product","3":"status-publish","4":"has-post-thumbnail","6":"product_cat-uncategorized-fi","8":"first","9":"instock","10":"shipping-taxable","11":"purchasable","12":"product-type-simple"},"_links":{"self":[{"href":"https:\/\/nordicmart.andreevmaster.com\/fi\/wp-json\/wp\/v2\/product\/37057","targetHints":{"allow":["GET"]}}],"collection":[{"href":"https:\/\/nordicmart.andreevmaster.com\/fi\/wp-json\/wp\/v2\/product"}],"about":[{"href":"https:\/\/nordicmart.andreevmaster.com\/fi\/wp-json\/wp\/v2\/types\/product"}],"replies":[{"embeddable":true,"href":"https:\/\/nordicmart.andreevmaster.com\/fi\/wp-json\/wp\/v2\/comments?post=37057"}],"wp:featuredmedia":[{"embeddable":true,"href":"https:\/\/nordicmart.andreevmaster.com\/fi\/wp-json\/wp\/v2\/media\/45031"}],"wp:attachment":[{"href":"https:\/\/nordicmart.andreevmaster.com\/fi\/wp-json\/wp\/v2\/media?parent=37057"}],"wp:term":[{"taxonomy":"product_brand","embeddable":true,"href":"https:\/\/nordicmart.andreevmaster.com\/fi\/wp-json\/wp\/v2\/product_brand?post=37057"},{"taxonomy":"product_cat","embeddable":true,"href":"https:\/\/nordicmart.andreevmaster.com\/fi\/wp-json\/wp\/v2\/product_cat?post=37057"},{"taxonomy":"product_tag","embeddable":true,"href":"https:\/\/nordicmart.andreevmaster.com\/fi\/wp-json\/wp\/v2\/product_tag?post=37057"}],"curies":[{"name":"wp","href":"https:\/\/api.w.org\/{rel}","templated":true}]}}