{"id":37056,"date":"2026-02-27T00:37:13","date_gmt":"2026-02-27T00:37:13","guid":{"rendered":"https:\/\/nordicmart.andreevmaster.com\/product\/themis-lahja-lakimiehelle-mc-90205\/"},"modified":"2026-02-27T09:54:21","modified_gmt":"2026-02-27T09:54:21","slug":"themis-lahja-lakimiehelle-mc-90205","status":"publish","type":"product","link":"https:\/\/nordicmart.andreevmaster.com\/fi\/tuote\/themis-lahja-lakimiehelle-mc-90205\/","title":{"rendered":"Themis &#8211; Lahja lakimiehelle &#8211; MC-90205"},"content":{"rendered":"<p>Themis &#8211; Lahja lakimiehelle &#8211; MC-90205&nbsp;&nbsp;&nbsp;Themis on yksi suosituimmista symboleista lakimaailmassa. Jumalattaren pienoispatsas sopii erinomaisesti lahjaksi lakimiehelle tai tuomarille. Se on upea koriste lakitoimistossa tai tuomarin ty\u00f6huoneessa. Patsas on valkoinen, ja siin\u00e4 on kultaisia yksityiskohtia silm\u00e4lapun, vaa&#8217;an ja miekan muodossa.&nbsp;Themis \u2013 lain ja oikeuden symboli. Kreikkalaisen mytologian mukaan Temida oli jumalatar ja oikeuden, lain ja ikuisen j\u00e4rjestyksen henkil\u00f6itym\u00e4. Themisin silmill\u00e4 oleva erottuva silm\u00e4lappu on puolueettomuuden symboli. Themis on kuvattu my\u00f6s kolmen muun attribuutin kanssa: vaa&#8217;alla, jolla h\u00e4n punnitsee tuomittavien hyv\u00e4t ja pahat teot, miekalla, joka symboloi halua lopettaa riidat ja suojella jumalattarta itse\u00e4\u00e4n, sek\u00e4 jalkojensa alla olevalla k\u00e4\u00e4rmeell\u00e4, joka kuvastaa voittoa pahuudesta. Tuotetiedot: Mitat: 35 x 14 x 12 cm Materiaali: polyresiin (hartsikonglomeraatti)K\u00e4sinmaalattuV\u00e4ri: valkoinen, kultainen&nbsp;Themis-patsas sopii erinomaisesti:&nbsp;Lahjaksi lakimiehelleLahjaksi oikeustieteen opiskelijalleLahjaksi tuomarilleSisustukseksi lakitoimistoonSisustukseksi tuomarin toimistoon&nbsp;<\/p>\n","protected":false},"excerpt":{"rendered":"<p>Themis &#8211; Lahja lakimiehelle &#8211; MC-90205&nbsp;&nbsp;&nbsp;Themis on yksi suosituimmista symboleista lakimaailmassa. Jumalattaren pienoispatsas sopii erinomaisesti lahjaksi lakimiehelle tai tuomarille. Se on upea koriste lakitoimistossa tai tuomarin ty\u00f6huoneessa. Patsas on valkoinen, ja siin\u00e4 on kultaisia yksityiskohtia silm\u00e4lapun, vaa&#8217;an ja miekan muodossa.&nbsp;Themis \u2013 lain ja oikeuden symboli. Kreikkalaisen mytologian mukaan Temida oli jumalatar ja oikeuden, lain ja [&hellip;]<\/p>\n","protected":false},"featured_media":45030,"comment_status":"open","ping_status":"closed","template":"","meta":[],"product_brand":[],"product_cat":[32],"product_tag":[],"class_list":{"0":"post-37056","1":"product","2":"type-product","3":"status-publish","4":"has-post-thumbnail","6":"product_cat-uncategorized-fi","8":"first","9":"instock","10":"shipping-taxable","11":"purchasable","12":"product-type-simple"},"_links":{"self":[{"href":"https:\/\/nordicmart.andreevmaster.com\/fi\/wp-json\/wp\/v2\/product\/37056","targetHints":{"allow":["GET"]}}],"collection":[{"href":"https:\/\/nordicmart.andreevmaster.com\/fi\/wp-json\/wp\/v2\/product"}],"about":[{"href":"https:\/\/nordicmart.andreevmaster.com\/fi\/wp-json\/wp\/v2\/types\/product"}],"replies":[{"embeddable":true,"href":"https:\/\/nordicmart.andreevmaster.com\/fi\/wp-json\/wp\/v2\/comments?post=37056"}],"wp:featuredmedia":[{"embeddable":true,"href":"https:\/\/nordicmart.andreevmaster.com\/fi\/wp-json\/wp\/v2\/media\/45030"}],"wp:attachment":[{"href":"https:\/\/nordicmart.andreevmaster.com\/fi\/wp-json\/wp\/v2\/media?parent=37056"}],"wp:term":[{"taxonomy":"product_brand","embeddable":true,"href":"https:\/\/nordicmart.andreevmaster.com\/fi\/wp-json\/wp\/v2\/product_brand?post=37056"},{"taxonomy":"product_cat","embeddable":true,"href":"https:\/\/nordicmart.andreevmaster.com\/fi\/wp-json\/wp\/v2\/product_cat?post=37056"},{"taxonomy":"product_tag","embeddable":true,"href":"https:\/\/nordicmart.andreevmaster.com\/fi\/wp-json\/wp\/v2\/product_tag?post=37056"}],"curies":[{"name":"wp","href":"https:\/\/api.w.org\/{rel}","templated":true}]}}