{"id":37055,"date":"2026-02-27T00:37:13","date_gmt":"2026-02-27T00:37:13","guid":{"rendered":"https:\/\/nordicmart.andreevmaster.com\/product\/arkkienkeli-mikael-koriste-esine-mc-90181\/"},"modified":"2026-02-27T09:54:21","modified_gmt":"2026-02-27T09:54:21","slug":"arkkienkeli-mikael-koriste-esine-mc-90181","status":"publish","type":"product","link":"https:\/\/nordicmart.andreevmaster.com\/fi\/tuote\/arkkienkeli-mikael-koriste-esine-mc-90181\/","title":{"rendered":"Arkkienkeli Mikael &#8211; koriste-esine &#8211; MC-90181"},"content":{"rendered":"<p>Arkkienkeli Mikael &#8211; koriste-esine &#8211; MC-90181&nbsp;&nbsp;T\u00e4m\u00e4 alkuper\u00e4inen koriste-esine kuvaa arkkienkeli Mikaelin ja Luciferin v\u00e4lisen taistelun huipentumaa. Mikael, valon ja hyvyyden symboli, voittaa langenneet enkelit. Dynaaminen sommitelma ja yksityiskohtainen ty\u00f6nj\u00e4lki tekev\u00e4t t\u00e4st\u00e4 hahmosta upean koriste-elementin. Valmistettu korkealaatuisesta polyresiinist\u00e4.&nbsp;Arkkienkeli Mikael on yksi tunnetuimmista hahmoista uskonnossa ja taiteessa. H\u00e4nen kuvansa, jossa h\u00e4net usein esitet\u00e4\u00e4n taistelemassa demoneita vastaan, kantaa syv\u00e4\u00e4 symboliikkaa. Mikael on voiman, rohkeuden ja uskollisuuden Jumalalle ruumiillistuma. Enkelien armeijan johtajana h\u00e4n symboloi hyv\u00e4n voittoa pahasta. H\u00e4nen miekkaansa pidet\u00e4\u00e4n voiman ja oikeuden symbolina, ja vaakat, joita h\u00e4n usein pit\u00e4\u00e4 k\u00e4dess\u00e4\u00e4n, symboloivat lopullista tuomiota ja ihmisen tekojen punnitsemista.&nbsp;&nbsp;Tuotetiedot:&nbsp;Mitat: Korkeus 13 cm, leveys 12 cm, syvyys 5 cm.Paino: 0,72 kgMateriaali: polyresiiniv\u00e4ri: kulta, ruskean s\u00e4vyt&nbsp;<\/p>\n","protected":false},"excerpt":{"rendered":"<p>Arkkienkeli Mikael &#8211; koriste-esine &#8211; MC-90181&nbsp;&nbsp;T\u00e4m\u00e4 alkuper\u00e4inen koriste-esine kuvaa arkkienkeli Mikaelin ja Luciferin v\u00e4lisen taistelun huipentumaa. Mikael, valon ja hyvyyden symboli, voittaa langenneet enkelit. Dynaaminen sommitelma ja yksityiskohtainen ty\u00f6nj\u00e4lki tekev\u00e4t t\u00e4st\u00e4 hahmosta upean koriste-elementin. Valmistettu korkealaatuisesta polyresiinist\u00e4.&nbsp;Arkkienkeli Mikael on yksi tunnetuimmista hahmoista uskonnossa ja taiteessa. H\u00e4nen kuvansa, jossa h\u00e4net usein esitet\u00e4\u00e4n taistelemassa demoneita vastaan, kantaa [&hellip;]<\/p>\n","protected":false},"featured_media":45029,"comment_status":"open","ping_status":"closed","template":"","meta":[],"product_brand":[],"product_cat":[32],"product_tag":[],"class_list":{"0":"post-37055","1":"product","2":"type-product","3":"status-publish","4":"has-post-thumbnail","6":"product_cat-uncategorized-fi","8":"first","9":"instock","10":"shipping-taxable","11":"purchasable","12":"product-type-simple"},"_links":{"self":[{"href":"https:\/\/nordicmart.andreevmaster.com\/fi\/wp-json\/wp\/v2\/product\/37055","targetHints":{"allow":["GET"]}}],"collection":[{"href":"https:\/\/nordicmart.andreevmaster.com\/fi\/wp-json\/wp\/v2\/product"}],"about":[{"href":"https:\/\/nordicmart.andreevmaster.com\/fi\/wp-json\/wp\/v2\/types\/product"}],"replies":[{"embeddable":true,"href":"https:\/\/nordicmart.andreevmaster.com\/fi\/wp-json\/wp\/v2\/comments?post=37055"}],"wp:featuredmedia":[{"embeddable":true,"href":"https:\/\/nordicmart.andreevmaster.com\/fi\/wp-json\/wp\/v2\/media\/45029"}],"wp:attachment":[{"href":"https:\/\/nordicmart.andreevmaster.com\/fi\/wp-json\/wp\/v2\/media?parent=37055"}],"wp:term":[{"taxonomy":"product_brand","embeddable":true,"href":"https:\/\/nordicmart.andreevmaster.com\/fi\/wp-json\/wp\/v2\/product_brand?post=37055"},{"taxonomy":"product_cat","embeddable":true,"href":"https:\/\/nordicmart.andreevmaster.com\/fi\/wp-json\/wp\/v2\/product_cat?post=37055"},{"taxonomy":"product_tag","embeddable":true,"href":"https:\/\/nordicmart.andreevmaster.com\/fi\/wp-json\/wp\/v2\/product_tag?post=37055"}],"curies":[{"name":"wp","href":"https:\/\/api.w.org\/{rel}","templated":true}]}}