{"id":37054,"date":"2026-02-27T00:37:13","date_gmt":"2026-02-27T00:37:13","guid":{"rendered":"https:\/\/nordicmart.andreevmaster.com\/product\/falk-maurice-ajettava-traktori-punainen-tyontoleikki-tyontoleikki-sailytyslokero-1-vuotiaille\/"},"modified":"2026-02-27T09:54:21","modified_gmt":"2026-02-27T09:54:21","slug":"falk-maurice-ajettava-traktori-punainen-tyontoleikki-tyontoleikki-sailytyslokero-1-vuotiaille","status":"publish","type":"product","link":"https:\/\/nordicmart.andreevmaster.com\/fi\/tuote\/falk-maurice-ajettava-traktori-punainen-tyontoleikki-tyontoleikki-sailytyslokero-1-vuotiaille\/","title":{"rendered":"FALK Maurice ajettava traktori punainen ty\u00f6nt\u00f6leikki Ty\u00f6nt\u00f6leikki s\u00e4ilytyslokero 1-vuotiaille"},"content":{"rendered":"<p>Maurice on ranskalaisen Falk-br\u00e4ndin vieh\u00e4tt\u00e4v\u00e4 traktori, joka seuraa lapsesi ensimm\u00e4isi\u00e4 askelia. Kirkkaat v\u00e4rit ja py\u00f6ristetyt muodot ilahduttavat jokaista pient\u00e4 lasta. Traktorin k\u00e4ynnist\u00e4minen pienell\u00e4 \u00e4\u00e4nikytkimell\u00e4 ja \u00e4\u00e4nitorvella ohjauspy\u00f6r\u00e4ss\u00e4 on loistava ensimm\u00e4inen oppitunti, joka stimuloi lapsesi motorisia taitoja ja kuuloa. Ajamalla ajelulelua, leikkim\u00e4ll\u00e4 \u00e4\u00e4nitorvella varustetulla ohjauspy\u00f6r\u00e4ll\u00e4 ja k\u00e4\u00e4nt\u00e4m\u00e4ll\u00e4 py\u00f6ri\u00e4 lapsi harjoittelee koordinaatiota ja tasapainoa. Lelun takana seisoessaan lapsi voi k\u00e4ytt\u00e4\u00e4 ergonomista selk\u00e4nojaa oppiakseen k\u00e4velem\u00e4\u00e4n leikin kautta, ilman pelkoa ja t\u00e4ysin turvallisesti. Istuimen alla on pieni s\u00e4ilytyslokero aarteiden s\u00e4ilytt\u00e4mist\u00e4 varten.Ominaisuudet: &#8211; 12 kuukauden ik\u00e4isille lapsille &#8211; Ajo-lelu toimii ty\u00f6nt\u00f6leikkikaluna, joka auttaa lapsia oppimaan k\u00e4velem\u00e4\u00e4n &#8211; Varustettu \u00e4\u00e4nitorvella varustetulla ohjauspy\u00f6r\u00e4ll\u00e4 &#8211; Mukava istuin, jossa on s\u00e4ilytystilaa pienille esineille &#8211; Selk\u00e4noja, jossa on kahva, josta lapsi voi pit\u00e4\u00e4 kiinni &#8211; Erityiset kielekkeet edess\u00e4 ja takana est\u00e4v\u00e4t kaatumisen &#8211; Istuimen korkeus lattiasta: 23 cm &#8211; Kahvan korkeus: 46 cm &#8211; Valmistettu 80 % kierr\u00e4tetyst\u00e4 muovista<\/p>\n<p>Setti sis\u00e4lt\u00e4\u00e4:<\/p>\n<p>&#8211; Maurice-traktori &#8211; ty\u00f6nt\u00f6leikkikalu<\/p>\n<p>Lelu kehitt\u00e4\u00e4:<\/p>\n<p>&#8211; Motorisia taitoja &#8211; Tasapainoa &#8211; Motorista koordinaatiota &#8211; Itsen\u00e4isyytt\u00e4<\/p>\n","protected":false},"excerpt":{"rendered":"<p>Maurice on ranskalaisen Falk-br\u00e4ndin vieh\u00e4tt\u00e4v\u00e4 traktori, joka seuraa lapsesi ensimm\u00e4isi\u00e4 askelia. Kirkkaat v\u00e4rit ja py\u00f6ristetyt muodot ilahduttavat jokaista pient\u00e4 lasta. Traktorin k\u00e4ynnist\u00e4minen pienell\u00e4 \u00e4\u00e4nikytkimell\u00e4 ja \u00e4\u00e4nitorvella ohjauspy\u00f6r\u00e4ss\u00e4 on loistava ensimm\u00e4inen oppitunti, joka stimuloi lapsesi motorisia taitoja ja kuuloa. Ajamalla ajelulelua, leikkim\u00e4ll\u00e4 \u00e4\u00e4nitorvella varustetulla ohjauspy\u00f6r\u00e4ll\u00e4 ja k\u00e4\u00e4nt\u00e4m\u00e4ll\u00e4 py\u00f6ri\u00e4 lapsi harjoittelee koordinaatiota ja tasapainoa. Lelun takana seisoessaan [&hellip;]<\/p>\n","protected":false},"featured_media":0,"comment_status":"open","ping_status":"closed","template":"","meta":[],"product_brand":[],"product_cat":[32],"product_tag":[],"class_list":{"0":"post-37054","1":"product","2":"type-product","3":"status-publish","5":"product_cat-uncategorized-fi","7":"first","8":"instock","9":"shipping-taxable","10":"purchasable","11":"product-type-simple"},"_links":{"self":[{"href":"https:\/\/nordicmart.andreevmaster.com\/fi\/wp-json\/wp\/v2\/product\/37054","targetHints":{"allow":["GET"]}}],"collection":[{"href":"https:\/\/nordicmart.andreevmaster.com\/fi\/wp-json\/wp\/v2\/product"}],"about":[{"href":"https:\/\/nordicmart.andreevmaster.com\/fi\/wp-json\/wp\/v2\/types\/product"}],"replies":[{"embeddable":true,"href":"https:\/\/nordicmart.andreevmaster.com\/fi\/wp-json\/wp\/v2\/comments?post=37054"}],"wp:attachment":[{"href":"https:\/\/nordicmart.andreevmaster.com\/fi\/wp-json\/wp\/v2\/media?parent=37054"}],"wp:term":[{"taxonomy":"product_brand","embeddable":true,"href":"https:\/\/nordicmart.andreevmaster.com\/fi\/wp-json\/wp\/v2\/product_brand?post=37054"},{"taxonomy":"product_cat","embeddable":true,"href":"https:\/\/nordicmart.andreevmaster.com\/fi\/wp-json\/wp\/v2\/product_cat?post=37054"},{"taxonomy":"product_tag","embeddable":true,"href":"https:\/\/nordicmart.andreevmaster.com\/fi\/wp-json\/wp\/v2\/product_tag?post=37054"}],"curies":[{"name":"wp","href":"https:\/\/api.w.org\/{rel}","templated":true}]}}