{"id":37053,"date":"2026-02-27T00:37:13","date_gmt":"2026-02-27T00:37:13","guid":{"rendered":"https:\/\/nordicmart.andreevmaster.com\/product\/dinosaur-park-water-table-step-2-water-sandbox-fountain-2\/"},"modified":"2026-02-27T09:54:21","modified_gmt":"2026-02-27T09:54:21","slug":"dinosaur-park-water-table-step-2-water-sandbox-fountain-2","status":"publish","type":"product","link":"https:\/\/nordicmart.andreevmaster.com\/fi\/tuote\/dinosaur-park-water-table-step-2-water-sandbox-fountain-2\/","title":{"rendered":"Dinosaur Park Water Table Step 2 Water Sandbox Fountain"},"content":{"rendered":"<p>Dinosaur Park Adventure pienille tutkimusmatkailijoille on Step2:n eksklusiivinen tuote, joka tarjoaa tuntikausia hauskaa ulkona. T\u00e4m\u00e4 vakaa, kaksiosainen vesip\u00f6yt\u00e4 pienille esihistoriallisesta ajasta kiinnostuneille on varustettu suurella hiekkalaatikolla ja uima-altaalla. <\/p>\n<p>Ominaisuudet: <\/p>\n<p>* &#8211; 2-in-1-vesip\u00f6yt\u00e4 ja hiekkalaatikkosetti on loistava lis\u00e4 mihin tahansa takapihan leikkikentt\u00e4\u00e4n.* &#8211; Vakaa, kaksiosainen vesip\u00f6yt\u00e4 pienille esihistoriasta kiinnostuneille lapsille on varustettu suurella hiekkalaatikolla ja uima-altaalla. * &#8211; Mukana lis\u00e4varusteita, jotka tuovat vaihtelua vesileikkeihin! * &#8211; Pohjassa on tyhjennystulppa, jonka avulla s\u00e4ili\u00f6 on helppo tyhjent\u00e4\u00e4 leikin j\u00e4lkeen.* &#8211; Keskell\u00e4 on realistinen palmu ja tulivuori, joka toimii my\u00f6s hiekkalaatikon kannena. * &#8211; Vesileikkip\u00f6yd\u00e4n mukana toimitetaan 7 erilaista lis\u00e4varustetta, kuten kelluvia dinosaurusfiguureja, lapio ja vesis\u00e4ili\u00f6it\u00e4, jotka parantavat lapsen motorisia taitoja ja stimuloivat mielikuvitusta. Step2 \u2013 ensinn\u00e4kin laatu, toiseksi upeat lelut! Jos etsit laatua ja turvallisuutta valitessasi leluja lapsellesi, amerikkalaisen Step2-yrityksen koko upea lelutarjonta t\u00e4ytt\u00e4\u00e4 varmasti lasten, vanhempien, p\u00e4iv\u00e4kotien, lastentarhojen ja muiden oppilaitosten odotukset. Step2 on valmistanut parhaita leluja Yhdysvalloissa jo vuosikymmenien ajan! Valikoima sis\u00e4lt\u00e4\u00e4 hiekkalaatikoita, puutarham\u00f6kkej\u00e4, leikkikentti\u00e4, ty\u00f6pajoja, ajettavia leluja, keitti\u00f6it\u00e4 ja lastenhuonekaluja.<\/p>\n","protected":false},"excerpt":{"rendered":"<p>Dinosaur Park Adventure pienille tutkimusmatkailijoille on Step2:n eksklusiivinen tuote, joka tarjoaa tuntikausia hauskaa ulkona. T\u00e4m\u00e4 vakaa, kaksiosainen vesip\u00f6yt\u00e4 pienille esihistoriallisesta ajasta kiinnostuneille on varustettu suurella hiekkalaatikolla ja uima-altaalla. Ominaisuudet: * &#8211; 2-in-1-vesip\u00f6yt\u00e4 ja hiekkalaatikkosetti on loistava lis\u00e4 mihin tahansa takapihan leikkikentt\u00e4\u00e4n.* &#8211; Vakaa, kaksiosainen vesip\u00f6yt\u00e4 pienille esihistoriasta kiinnostuneille lapsille on varustettu suurella hiekkalaatikolla ja uima-altaalla. [&hellip;]<\/p>\n","protected":false},"featured_media":0,"comment_status":"open","ping_status":"closed","template":"","meta":[],"product_brand":[],"product_cat":[32],"product_tag":[],"class_list":{"0":"post-37053","1":"product","2":"type-product","3":"status-publish","5":"product_cat-uncategorized-fi","7":"first","8":"instock","9":"shipping-taxable","10":"purchasable","11":"product-type-simple"},"_links":{"self":[{"href":"https:\/\/nordicmart.andreevmaster.com\/fi\/wp-json\/wp\/v2\/product\/37053","targetHints":{"allow":["GET"]}}],"collection":[{"href":"https:\/\/nordicmart.andreevmaster.com\/fi\/wp-json\/wp\/v2\/product"}],"about":[{"href":"https:\/\/nordicmart.andreevmaster.com\/fi\/wp-json\/wp\/v2\/types\/product"}],"replies":[{"embeddable":true,"href":"https:\/\/nordicmart.andreevmaster.com\/fi\/wp-json\/wp\/v2\/comments?post=37053"}],"wp:attachment":[{"href":"https:\/\/nordicmart.andreevmaster.com\/fi\/wp-json\/wp\/v2\/media?parent=37053"}],"wp:term":[{"taxonomy":"product_brand","embeddable":true,"href":"https:\/\/nordicmart.andreevmaster.com\/fi\/wp-json\/wp\/v2\/product_brand?post=37053"},{"taxonomy":"product_cat","embeddable":true,"href":"https:\/\/nordicmart.andreevmaster.com\/fi\/wp-json\/wp\/v2\/product_cat?post=37053"},{"taxonomy":"product_tag","embeddable":true,"href":"https:\/\/nordicmart.andreevmaster.com\/fi\/wp-json\/wp\/v2\/product_tag?post=37053"}],"curies":[{"name":"wp","href":"https:\/\/api.w.org\/{rel}","templated":true}]}}