{"id":37052,"date":"2026-02-27T00:37:12","date_gmt":"2026-02-27T00:37:12","guid":{"rendered":"https:\/\/nordicmart.andreevmaster.com\/product\/step2-laguna-kaksitasoinen-vesipoyta-hiekkalaatikko\/"},"modified":"2026-02-27T09:54:20","modified_gmt":"2026-02-27T09:54:20","slug":"step2-laguna-kaksitasoinen-vesipoyta-hiekkalaatikko","status":"publish","type":"product","link":"https:\/\/nordicmart.andreevmaster.com\/fi\/tuote\/step2-laguna-kaksitasoinen-vesipoyta-hiekkalaatikko\/","title":{"rendered":"STEP2 Laguna kaksitasoinen vesip\u00f6yt\u00e4-hiekkalaatikko"},"content":{"rendered":"<p>Step2 Laguna kaksitasoinen vesip\u00f6yt\u00e4<\/p>\n<p>Ominaisuudet: \u2022 Mahdollisuus luoda vesiputous. \u2022 Meriel\u00e4inten avulla voimme vierailla merenneidon laguunissa tai uida delfiinien kanssa. \u2022 Merit\u00e4htim\u00e4inen vesisuihku. \u2022 Voimme k\u00e4ytt\u00e4\u00e4 riisi\u00e4, papuja tai kuivaa pastaa aistileikkeihin. \u2022 Sateenvarjo mukana. \u2022 Mukana leikkitarvikkeet: siivil\u00e4, hyppylauta, vesilauta, 3 kuppia, 4 hahmoa, merit\u00e4hti-vesipy\u00f6r\u00e4. \u2022 Yl\u00e4altaaseen mahtuu 7,57 litraa vett\u00e4, ala-altaaseen 11,30 litraa vett\u00e4. \u2022 Helppo koota. Mitat: 43,5 x 110 x 63,5 cm, (sateenvarjo mukaan lukien) 52,5 x 157,5 x 110 cm. Pakkauksen mitat: 64,5 x 32,5 x 77 cm. Paino: 8,2 kg. 2-vuotiaille ja sit\u00e4 vanhemmille. Jos etsit laatua ja turvallisuutta valitessasi leluja lapsellesi, amerikkalaisen Step2-yrityksen laaja valikoima upeita leluja t\u00e4ytt\u00e4\u00e4 varmasti lasten, vanhempien, p\u00e4iv\u00e4kotien, lastentarhojen ja muiden oppilaitosten odotukset. Step2 on valmistanut parhaita leluja Yhdysvalloissa jo vuosikymmenien ajan! Valikoima sis\u00e4lt\u00e4\u00e4 hiekkalaatikoita, puutarham\u00f6kkej\u00e4, leikkikentti\u00e4, ty\u00f6pajoja, ajettavia leluja, keitti\u00f6it\u00e4 ja lastenhuonekaluja.<\/p>\n","protected":false},"excerpt":{"rendered":"<p>Step2 Laguna kaksitasoinen vesip\u00f6yt\u00e4 Ominaisuudet: \u2022 Mahdollisuus luoda vesiputous. \u2022 Meriel\u00e4inten avulla voimme vierailla merenneidon laguunissa tai uida delfiinien kanssa. \u2022 Merit\u00e4htim\u00e4inen vesisuihku. \u2022 Voimme k\u00e4ytt\u00e4\u00e4 riisi\u00e4, papuja tai kuivaa pastaa aistileikkeihin. \u2022 Sateenvarjo mukana. \u2022 Mukana leikkitarvikkeet: siivil\u00e4, hyppylauta, vesilauta, 3 kuppia, 4 hahmoa, merit\u00e4hti-vesipy\u00f6r\u00e4. \u2022 Yl\u00e4altaaseen mahtuu 7,57 litraa vett\u00e4, ala-altaaseen 11,30 litraa [&hellip;]<\/p>\n","protected":false},"featured_media":0,"comment_status":"open","ping_status":"closed","template":"","meta":[],"product_brand":[],"product_cat":[32],"product_tag":[],"class_list":{"0":"post-37052","1":"product","2":"type-product","3":"status-publish","5":"product_cat-uncategorized-fi","7":"first","8":"instock","9":"shipping-taxable","10":"purchasable","11":"product-type-simple"},"_links":{"self":[{"href":"https:\/\/nordicmart.andreevmaster.com\/fi\/wp-json\/wp\/v2\/product\/37052","targetHints":{"allow":["GET"]}}],"collection":[{"href":"https:\/\/nordicmart.andreevmaster.com\/fi\/wp-json\/wp\/v2\/product"}],"about":[{"href":"https:\/\/nordicmart.andreevmaster.com\/fi\/wp-json\/wp\/v2\/types\/product"}],"replies":[{"embeddable":true,"href":"https:\/\/nordicmart.andreevmaster.com\/fi\/wp-json\/wp\/v2\/comments?post=37052"}],"wp:attachment":[{"href":"https:\/\/nordicmart.andreevmaster.com\/fi\/wp-json\/wp\/v2\/media?parent=37052"}],"wp:term":[{"taxonomy":"product_brand","embeddable":true,"href":"https:\/\/nordicmart.andreevmaster.com\/fi\/wp-json\/wp\/v2\/product_brand?post=37052"},{"taxonomy":"product_cat","embeddable":true,"href":"https:\/\/nordicmart.andreevmaster.com\/fi\/wp-json\/wp\/v2\/product_cat?post=37052"},{"taxonomy":"product_tag","embeddable":true,"href":"https:\/\/nordicmart.andreevmaster.com\/fi\/wp-json\/wp\/v2\/product_tag?post=37052"}],"curies":[{"name":"wp","href":"https:\/\/api.w.org\/{rel}","templated":true}]}}