{"id":37051,"date":"2026-02-27T00:37:12","date_gmt":"2026-02-27T00:37:12","guid":{"rendered":"https:\/\/nordicmart.andreevmaster.com\/product\/step2-vuoristorata-punaisella-ajettavalla-lelulla\/"},"modified":"2026-02-27T09:54:20","modified_gmt":"2026-02-27T09:54:20","slug":"step2-vuoristorata-punaisella-ajettavalla-lelulla","status":"publish","type":"product","link":"https:\/\/nordicmart.andreevmaster.com\/fi\/tuote\/step2-vuoristorata-punaisella-ajettavalla-lelulla\/","title":{"rendered":"STEP2 Vuoristorata punaisella ajettavalla lelulla"},"content":{"rendered":"<p>* &#8211; 2 sarjaa luistamattomia askelmia lukittuu tukevasti 3-osaisiin kiskoihin, jolloin alustalle p\u00e4\u00e4see molemmilta puolilta.<br \/>\n* &#8211; Syvennykset pit\u00e4v\u00e4t vaunun paikallaan, kunnes lapset ovat valmiita ajamaan.<br \/>\n* &#8211; Coaster-vaunussa on korkea selk\u00e4noja, k\u00e4sijohde ja jalkatuet turvallista ajamista varten.* &#8211; Helppo puhdistaa: k\u00e4yt\u00e4 desinfiointipyyhkeit\u00e4 tai kotitalouspuhdistusaineita milloin tahansa!<br \/>\n* &#8211; Aikuisen on teht\u00e4v\u00e4 vain v\u00e4h\u00e4inen kokoonpano.<br \/>\n* &#8211; Pakkaus sis\u00e4lt\u00e4\u00e4: 3-osaisen ajoradan, vuoristoradan, alustan askelmat.<\/p>\n<p>Step2 \u2013 ensinn\u00e4kin laatu, sitten upeat lelut! Jos asetat laadun ja turvallisuuden etusijalle valitessasi leluja lapsellesi, amerikkalaisen Step2-yrityksen koko upea lelutarjonta t\u00e4ytt\u00e4\u00e4 varmasti lasten, vanhempien, p\u00e4iv\u00e4kotien, lastentarhojen ja muiden oppilaitosten odotukset. Step2 on valmistanut parhaita leluja Yhdysvalloissa jo vuosikymmenien ajan! Valikoimaan kuuluu hiekkalaatikoita, puutarham\u00f6kkej\u00e4, leikkikentti\u00e4, ty\u00f6pajoja, ajettavia leluja, keitti\u00f6it\u00e4 ja lastenhuonekaluja.<\/p>\n","protected":false},"excerpt":{"rendered":"<p>* &#8211; 2 sarjaa luistamattomia askelmia lukittuu tukevasti 3-osaisiin kiskoihin, jolloin alustalle p\u00e4\u00e4see molemmilta puolilta. * &#8211; Syvennykset pit\u00e4v\u00e4t vaunun paikallaan, kunnes lapset ovat valmiita ajamaan. * &#8211; Coaster-vaunussa on korkea selk\u00e4noja, k\u00e4sijohde ja jalkatuet turvallista ajamista varten.* &#8211; Helppo puhdistaa: k\u00e4yt\u00e4 desinfiointipyyhkeit\u00e4 tai kotitalouspuhdistusaineita milloin tahansa! * &#8211; Aikuisen on teht\u00e4v\u00e4 vain v\u00e4h\u00e4inen kokoonpano. [&hellip;]<\/p>\n","protected":false},"featured_media":0,"comment_status":"open","ping_status":"closed","template":"","meta":[],"product_brand":[],"product_cat":[32],"product_tag":[],"class_list":{"0":"post-37051","1":"product","2":"type-product","3":"status-publish","5":"product_cat-uncategorized-fi","7":"first","8":"instock","9":"shipping-taxable","10":"purchasable","11":"product-type-simple"},"_links":{"self":[{"href":"https:\/\/nordicmart.andreevmaster.com\/fi\/wp-json\/wp\/v2\/product\/37051","targetHints":{"allow":["GET"]}}],"collection":[{"href":"https:\/\/nordicmart.andreevmaster.com\/fi\/wp-json\/wp\/v2\/product"}],"about":[{"href":"https:\/\/nordicmart.andreevmaster.com\/fi\/wp-json\/wp\/v2\/types\/product"}],"replies":[{"embeddable":true,"href":"https:\/\/nordicmart.andreevmaster.com\/fi\/wp-json\/wp\/v2\/comments?post=37051"}],"wp:attachment":[{"href":"https:\/\/nordicmart.andreevmaster.com\/fi\/wp-json\/wp\/v2\/media?parent=37051"}],"wp:term":[{"taxonomy":"product_brand","embeddable":true,"href":"https:\/\/nordicmart.andreevmaster.com\/fi\/wp-json\/wp\/v2\/product_brand?post=37051"},{"taxonomy":"product_cat","embeddable":true,"href":"https:\/\/nordicmart.andreevmaster.com\/fi\/wp-json\/wp\/v2\/product_cat?post=37051"},{"taxonomy":"product_tag","embeddable":true,"href":"https:\/\/nordicmart.andreevmaster.com\/fi\/wp-json\/wp\/v2\/product_tag?post=37051"}],"curies":[{"name":"wp","href":"https:\/\/api.w.org\/{rel}","templated":true}]}}