{"id":37050,"date":"2026-02-27T00:37:12","date_gmt":"2026-02-27T00:37:12","guid":{"rendered":"https:\/\/nordicmart.andreevmaster.com\/product\/step2-waterfall-discovery-wall-little-explorer-2\/"},"modified":"2026-02-27T09:54:20","modified_gmt":"2026-02-27T09:54:20","slug":"step2-waterfall-discovery-wall-little-explorer-2","status":"publish","type":"product","link":"https:\/\/nordicmart.andreevmaster.com\/fi\/tuote\/step2-waterfall-discovery-wall-little-explorer-2\/","title":{"rendered":"STEP2 Waterfall Discovery Wall\u2122 Little Explorer"},"content":{"rendered":"<p>Waterfall Discovery Wall\u2122 on upea vesileikkisetti ja Step2:n eksklusiivinen tuote. Kaksipuolinen vuori vesiputouksella sis\u00e4lt\u00e4\u00e4 13 erilaista lis\u00e4varustetta, jotka takaavat hauskan ajan koko perheelle. Lapset voivat nauttia t\u00e4ydellisest\u00e4 vapaudesta, sill\u00e4 jokainen vesilabyrintin osa voidaan siirt\u00e4\u00e4 toiseen paikkaan omien suunnitelmien mukaan. Pienet tutkimusmatkailijat iloitsevat katsellessaan veden virtaavan esteiden l\u00e4pi. Koko sarja on valmistettu Yhdysvalloissa korkealaatuisesta muovista. Vesip\u00f6yt\u00e4 sis\u00e4lt\u00e4\u00e4 13-osaisen lis\u00e4varustesarjan. Paino: 5,4 kg Step2 \u2013 ensinn\u00e4kin laatu, sitten upeat lelut! Jos etsit laatua ja turvallisuutta valitessasi leluja lapsellesi, amerikkalaisen Step2-yrityksen koko upea lelusarja t\u00e4ytt\u00e4\u00e4 varmasti lasten, vanhempien, p\u00e4iv\u00e4kotien, lastentarhojen ja muiden oppilaitosten odotukset. Step2 on valmistanut parhaita leluja Yhdysvalloissa jo vuosikymmenien ajan! Valikoima sis\u00e4lt\u00e4\u00e4 hiekkalaatikoita, puutarham\u00f6kkej\u00e4, leikkikentti\u00e4, ty\u00f6pajoja, ajettavia leluja, keitti\u00f6it\u00e4 ja lastenhuonekaluja.<\/p>\n","protected":false},"excerpt":{"rendered":"<p>Waterfall Discovery Wall\u2122 on upea vesileikkisetti ja Step2:n eksklusiivinen tuote. Kaksipuolinen vuori vesiputouksella sis\u00e4lt\u00e4\u00e4 13 erilaista lis\u00e4varustetta, jotka takaavat hauskan ajan koko perheelle. Lapset voivat nauttia t\u00e4ydellisest\u00e4 vapaudesta, sill\u00e4 jokainen vesilabyrintin osa voidaan siirt\u00e4\u00e4 toiseen paikkaan omien suunnitelmien mukaan. Pienet tutkimusmatkailijat iloitsevat katsellessaan veden virtaavan esteiden l\u00e4pi. Koko sarja on valmistettu Yhdysvalloissa korkealaatuisesta muovista. Vesip\u00f6yt\u00e4 [&hellip;]<\/p>\n","protected":false},"featured_media":0,"comment_status":"open","ping_status":"closed","template":"","meta":[],"product_brand":[],"product_cat":[32],"product_tag":[],"class_list":{"0":"post-37050","1":"product","2":"type-product","3":"status-publish","5":"product_cat-uncategorized-fi","7":"first","8":"instock","9":"shipping-taxable","10":"purchasable","11":"product-type-simple"},"_links":{"self":[{"href":"https:\/\/nordicmart.andreevmaster.com\/fi\/wp-json\/wp\/v2\/product\/37050","targetHints":{"allow":["GET"]}}],"collection":[{"href":"https:\/\/nordicmart.andreevmaster.com\/fi\/wp-json\/wp\/v2\/product"}],"about":[{"href":"https:\/\/nordicmart.andreevmaster.com\/fi\/wp-json\/wp\/v2\/types\/product"}],"replies":[{"embeddable":true,"href":"https:\/\/nordicmart.andreevmaster.com\/fi\/wp-json\/wp\/v2\/comments?post=37050"}],"wp:attachment":[{"href":"https:\/\/nordicmart.andreevmaster.com\/fi\/wp-json\/wp\/v2\/media?parent=37050"}],"wp:term":[{"taxonomy":"product_brand","embeddable":true,"href":"https:\/\/nordicmart.andreevmaster.com\/fi\/wp-json\/wp\/v2\/product_brand?post=37050"},{"taxonomy":"product_cat","embeddable":true,"href":"https:\/\/nordicmart.andreevmaster.com\/fi\/wp-json\/wp\/v2\/product_cat?post=37050"},{"taxonomy":"product_tag","embeddable":true,"href":"https:\/\/nordicmart.andreevmaster.com\/fi\/wp-json\/wp\/v2\/product_tag?post=37050"}],"curies":[{"name":"wp","href":"https:\/\/api.w.org\/{rel}","templated":true}]}}