{"id":37049,"date":"2026-02-27T00:37:12","date_gmt":"2026-02-27T00:37:12","guid":{"rendered":"https:\/\/nordicmart.andreevmaster.com\/product\/step2-tornileikkipaikka-keinulla-ja-liukumaella\/"},"modified":"2026-02-27T09:54:20","modified_gmt":"2026-02-27T09:54:20","slug":"step2-tornileikkipaikka-keinulla-ja-liukumaella","status":"publish","type":"product","link":"https:\/\/nordicmart.andreevmaster.com\/fi\/tuote\/step2-tornileikkipaikka-keinulla-ja-liukumaella\/","title":{"rendered":"STEP2 Tornileikkipaikka keinulla ja liukum\u00e4ell\u00e4"},"content":{"rendered":"<p>T\u00e4m\u00e4 klassinen leikkipaikka ainutlaatuisella muotoilulla ilahduttaa jokaista lasta ja kannustaa heit\u00e4 viett\u00e4m\u00e4\u00e4n aikaa ulkona. Monitoiminen, vakaa ja yll\u00e4tyksi\u00e4 t\u00e4ynn\u00e4 oleva leikkipaikka antaa lapsille mahdollisuuden kokea urheilun j\u00e4nnityst\u00e4, tarjoaa heille tarvittavan m\u00e4\u00e4r\u00e4n liikuntaa ja kehitt\u00e4\u00e4 heid\u00e4n fyysist\u00e4 kuntoaan turvallisuuss\u00e4\u00e4nt\u00f6j\u00e4 noudattaen. Ominaisuudet: * &#8211; Leikkipaikka sis\u00e4lt\u00e4\u00e4: 130 cm pitk\u00e4n tikkaat ja liukum\u00e4en, kaksi keinuja ja ohjauspy\u00f6r\u00e4n.* &#8211; Keinun enimm\u00e4ispaino: 27 kg. * &#8211; Kaksi vahvasta, joustavasta kumista valmistettua keinuja takaavat turvallisen keinumisen sek\u00e4 pienemmille ett\u00e4 isommille lapsille. * &#8211; Kest\u00e4v\u00e4t, kaksinkertaiset muovisein\u00e4t eiv\u00e4t vaadi aikaa viev\u00e4\u00e4 ja monimutkaista huoltoa. * &#8211; Helppo koota. Step2 \u2013 ensinn\u00e4kin laatu, sitten upeat lelut! Jos etsit laatua ja turvallisuutta valitessasi leluja lapsellesi, amerikkalaisen Step2-yrityksen koko upea lelutarjonta t\u00e4ytt\u00e4\u00e4 varmasti lasten, vanhempien, p\u00e4iv\u00e4kotien, lastentarhojen ja muiden oppilaitosten odotukset. Step2 on valmistanut parhaita leluja Yhdysvalloissa jo vuosikymmenien ajan! Valikoima sis\u00e4lt\u00e4\u00e4 hiekkalaatikoita, puutarham\u00f6kkej\u00e4, leikkikentti\u00e4, ty\u00f6pajoja, ajettavia leluja, keitti\u00f6it\u00e4 ja lastenhuonekaluja.<\/p>\n","protected":false},"excerpt":{"rendered":"<p>T\u00e4m\u00e4 klassinen leikkipaikka ainutlaatuisella muotoilulla ilahduttaa jokaista lasta ja kannustaa heit\u00e4 viett\u00e4m\u00e4\u00e4n aikaa ulkona. Monitoiminen, vakaa ja yll\u00e4tyksi\u00e4 t\u00e4ynn\u00e4 oleva leikkipaikka antaa lapsille mahdollisuuden kokea urheilun j\u00e4nnityst\u00e4, tarjoaa heille tarvittavan m\u00e4\u00e4r\u00e4n liikuntaa ja kehitt\u00e4\u00e4 heid\u00e4n fyysist\u00e4 kuntoaan turvallisuuss\u00e4\u00e4nt\u00f6j\u00e4 noudattaen. Ominaisuudet: * &#8211; Leikkipaikka sis\u00e4lt\u00e4\u00e4: 130 cm pitk\u00e4n tikkaat ja liukum\u00e4en, kaksi keinuja ja ohjauspy\u00f6r\u00e4n.* &#8211; [&hellip;]<\/p>\n","protected":false},"featured_media":0,"comment_status":"open","ping_status":"closed","template":"","meta":[],"product_brand":[],"product_cat":[32],"product_tag":[],"class_list":{"0":"post-37049","1":"product","2":"type-product","3":"status-publish","5":"product_cat-uncategorized-fi","7":"first","8":"instock","9":"shipping-taxable","10":"purchasable","11":"product-type-simple"},"_links":{"self":[{"href":"https:\/\/nordicmart.andreevmaster.com\/fi\/wp-json\/wp\/v2\/product\/37049","targetHints":{"allow":["GET"]}}],"collection":[{"href":"https:\/\/nordicmart.andreevmaster.com\/fi\/wp-json\/wp\/v2\/product"}],"about":[{"href":"https:\/\/nordicmart.andreevmaster.com\/fi\/wp-json\/wp\/v2\/types\/product"}],"replies":[{"embeddable":true,"href":"https:\/\/nordicmart.andreevmaster.com\/fi\/wp-json\/wp\/v2\/comments?post=37049"}],"wp:attachment":[{"href":"https:\/\/nordicmart.andreevmaster.com\/fi\/wp-json\/wp\/v2\/media?parent=37049"}],"wp:term":[{"taxonomy":"product_brand","embeddable":true,"href":"https:\/\/nordicmart.andreevmaster.com\/fi\/wp-json\/wp\/v2\/product_brand?post=37049"},{"taxonomy":"product_cat","embeddable":true,"href":"https:\/\/nordicmart.andreevmaster.com\/fi\/wp-json\/wp\/v2\/product_cat?post=37049"},{"taxonomy":"product_tag","embeddable":true,"href":"https:\/\/nordicmart.andreevmaster.com\/fi\/wp-json\/wp\/v2\/product_tag?post=37049"}],"curies":[{"name":"wp","href":"https:\/\/api.w.org\/{rel}","templated":true}]}}