{"id":37048,"date":"2026-02-27T00:37:11","date_gmt":"2026-02-27T00:37:11","guid":{"rendered":"https:\/\/nordicmart.andreevmaster.com\/product\/step2-piknikpoyta-sateenvarjolla-ja-penkeilla\/"},"modified":"2026-02-27T09:54:19","modified_gmt":"2026-02-27T09:54:19","slug":"step2-piknikpoyta-sateenvarjolla-ja-penkeilla","status":"publish","type":"product","link":"https:\/\/nordicmart.andreevmaster.com\/fi\/tuote\/step2-piknikpoyta-sateenvarjolla-ja-penkeilla\/","title":{"rendered":"STEP2 Piknikp\u00f6yt\u00e4 sateenvarjolla ja penkeill\u00e4"},"content":{"rendered":"<p>Kuuden lapsen piknikp\u00f6yt\u00e4, jossa on kaksi penkki\u00e4, joiden istuimet on muotoiltu erityisesti lapsille. Valmistettu kiinte\u00e4st\u00e4 muovista, jossa on kaksinkertaiset, ilmat\u00e4ytteiset sein\u00e4t. Elementtien huomattava paksuus, v\u00e4hint\u00e4\u00e4n 5\u20136 cm, mahdollistaa p\u00f6yd\u00e4n pitk\u00e4aikaisen k\u00e4yt\u00f6n, ja suuri, yli 100 cm pitk\u00e4 ja 50 cm leve\u00e4 kiinte\u00e4 p\u00f6yt\u00e4levy sek\u00e4 vakaa p\u00f6yt\u00e4rakenne takaavat turvallisen leikin. Mukana oleva sateenvarjo suojaa UV-s\u00e4teilylt\u00e4. P\u00f6yd\u00e4n korkeus maasta on v\u00e4hint\u00e4\u00e4n 50 cm, joten eri pituiset lapset voivat k\u00e4ytt\u00e4\u00e4 p\u00f6yt\u00e4\u00e4. Paino: 16 kg. Enimm\u00e4isk\u00e4ytt\u00e4j\u00e4m\u00e4\u00e4r\u00e4: 6 henkil\u00f6\u00e4. Enimm\u00e4iskokonaism\u00e4\u00e4r\u00e4: 135 kg. Lapsen enimm\u00e4ispaino: 22,5 kg. Step2 \u2013 ensisijaisesti laatua, toiseksi upeita leluja! Jos asetat laadun ja turvallisuuden etusijalle valitessasi leluja lapsellesi, amerikkalaisen Step2-yrityksen upea lelutarjonta t\u00e4ytt\u00e4\u00e4 varmasti lasten, vanhempien, p\u00e4iv\u00e4kotien, lastentarhojen ja muiden oppilaitosten odotukset. Step2 on valmistanut parhaita leluja Yhdysvalloissa jo vuosikymmenien ajan! Valikoimaan kuuluu hiekkalaatikoita, puutarham\u00f6kkej\u00e4, leikkikentti\u00e4, ty\u00f6pajoja, ajettavia leluja, keitti\u00f6it\u00e4 ja lastenhuonekaluja.<\/p>\n","protected":false},"excerpt":{"rendered":"<p>Kuuden lapsen piknikp\u00f6yt\u00e4, jossa on kaksi penkki\u00e4, joiden istuimet on muotoiltu erityisesti lapsille. Valmistettu kiinte\u00e4st\u00e4 muovista, jossa on kaksinkertaiset, ilmat\u00e4ytteiset sein\u00e4t. Elementtien huomattava paksuus, v\u00e4hint\u00e4\u00e4n 5\u20136 cm, mahdollistaa p\u00f6yd\u00e4n pitk\u00e4aikaisen k\u00e4yt\u00f6n, ja suuri, yli 100 cm pitk\u00e4 ja 50 cm leve\u00e4 kiinte\u00e4 p\u00f6yt\u00e4levy sek\u00e4 vakaa p\u00f6yt\u00e4rakenne takaavat turvallisen leikin. Mukana oleva sateenvarjo suojaa UV-s\u00e4teilylt\u00e4. P\u00f6yd\u00e4n [&hellip;]<\/p>\n","protected":false},"featured_media":0,"comment_status":"open","ping_status":"closed","template":"","meta":[],"product_brand":[],"product_cat":[32],"product_tag":[],"class_list":{"0":"post-37048","1":"product","2":"type-product","3":"status-publish","5":"product_cat-uncategorized-fi","7":"first","8":"instock","9":"shipping-taxable","10":"purchasable","11":"product-type-simple"},"_links":{"self":[{"href":"https:\/\/nordicmart.andreevmaster.com\/fi\/wp-json\/wp\/v2\/product\/37048","targetHints":{"allow":["GET"]}}],"collection":[{"href":"https:\/\/nordicmart.andreevmaster.com\/fi\/wp-json\/wp\/v2\/product"}],"about":[{"href":"https:\/\/nordicmart.andreevmaster.com\/fi\/wp-json\/wp\/v2\/types\/product"}],"replies":[{"embeddable":true,"href":"https:\/\/nordicmart.andreevmaster.com\/fi\/wp-json\/wp\/v2\/comments?post=37048"}],"wp:attachment":[{"href":"https:\/\/nordicmart.andreevmaster.com\/fi\/wp-json\/wp\/v2\/media?parent=37048"}],"wp:term":[{"taxonomy":"product_brand","embeddable":true,"href":"https:\/\/nordicmart.andreevmaster.com\/fi\/wp-json\/wp\/v2\/product_brand?post=37048"},{"taxonomy":"product_cat","embeddable":true,"href":"https:\/\/nordicmart.andreevmaster.com\/fi\/wp-json\/wp\/v2\/product_cat?post=37048"},{"taxonomy":"product_tag","embeddable":true,"href":"https:\/\/nordicmart.andreevmaster.com\/fi\/wp-json\/wp\/v2\/product_tag?post=37048"}],"curies":[{"name":"wp","href":"https:\/\/api.w.org\/{rel}","templated":true}]}}