{"id":37047,"date":"2026-02-27T00:37:11","date_gmt":"2026-02-27T00:37:11","guid":{"rendered":"https:\/\/nordicmart.andreevmaster.com\/product\/step2-kiipeilykivi-liukumaella\/"},"modified":"2026-02-27T09:54:19","modified_gmt":"2026-02-27T09:54:19","slug":"step2-kiipeilykivi-liukumaella","status":"publish","type":"product","link":"https:\/\/nordicmart.andreevmaster.com\/fi\/tuote\/step2-kiipeilykivi-liukumaella\/","title":{"rendered":"STEP2 Kiipeilykivi liukum\u00e4ell\u00e4"},"content":{"rendered":"<p>Step2 Monkey Grove -leikkikent\u00e4n kivi on valmistettu kivest\u00e4 muistuttavasta kiinte\u00e4st\u00e4 muovista. Viisi kiipeilysein\u00e4\u00e4, joiden vaikeusaste vaihtelee. Seiniss\u00e4 on kahvat, rei\u00e4t ja askelmat. T\u00e4ydellinen ratkaisu p\u00e4iv\u00e4kodin leikkikent\u00e4lle. Ihanteellinen sek\u00e4 vanhemmille lapsille ett\u00e4 pikkulapsille!<\/p>\n<p>Ominaisuudet:<\/p>\n<p>* &#8211; Viisi kiipeilysein\u00e4\u00e4, joiden vaikeusaste vaihtelee.<br \/>\n* &#8211; Seiniss\u00e4 on kahvat, rei\u00e4t ja askelmat, jotka auttavat lapsia kiipeilem\u00e4\u00e4n.<br \/>\n* &#8211; Leve\u00e4 n\u00e4k\u00f6alatasanne on varustettu ohjauspy\u00f6r\u00e4ll\u00e4 ja s\u00e4\u00e4dett\u00e4vill\u00e4 kiikareilla.* &#8211; Pitk\u00e4 liukum\u00e4ki. * &#8211; Lukuisia k\u00e4yt\u00e4vi\u00e4, tunneleita ja piilopaikkoja. * &#8211; Alin askelma voidaan k\u00e4ytt\u00e4\u00e4 istuimena lepoa tai v\u00e4lipalaa varten. * &#8211; Tuote on valmistettu kivim\u00e4isest\u00e4 muovista. Laadukas muovi helpottaa s\u00e4ilytt\u00e4mist\u00e4, kuljetusta ja puhdistusta. Step2 \u2013 ensisijaisesti laatua, toiseksi upeita leluja! Jos etsit laatua ja turvallisuutta valitessasi leluja lapsellesi, amerikkalaisen Step2-yrityksen koko upea lelutarjonta t\u00e4ytt\u00e4\u00e4 varmasti lasten, vanhempien, p\u00e4iv\u00e4kotien, lastentarhojen ja muiden oppilaitosten odotukset. Step2 on valmistanut parhaita leluja Yhdysvalloissa jo vuosikymmenien ajan! Valikoima sis\u00e4lt\u00e4\u00e4 hiekkalaatikoita, puutarham\u00f6kkej\u00e4, leikkikentti\u00e4, ty\u00f6pajoja, ajettavia leluja, keitti\u00f6it\u00e4 ja lastenhuonekaluja.<\/p>\n","protected":false},"excerpt":{"rendered":"<p>Step2 Monkey Grove -leikkikent\u00e4n kivi on valmistettu kivest\u00e4 muistuttavasta kiinte\u00e4st\u00e4 muovista. Viisi kiipeilysein\u00e4\u00e4, joiden vaikeusaste vaihtelee. Seiniss\u00e4 on kahvat, rei\u00e4t ja askelmat. T\u00e4ydellinen ratkaisu p\u00e4iv\u00e4kodin leikkikent\u00e4lle. Ihanteellinen sek\u00e4 vanhemmille lapsille ett\u00e4 pikkulapsille! Ominaisuudet: * &#8211; Viisi kiipeilysein\u00e4\u00e4, joiden vaikeusaste vaihtelee. * &#8211; Seiniss\u00e4 on kahvat, rei\u00e4t ja askelmat, jotka auttavat lapsia kiipeilem\u00e4\u00e4n. * &#8211; Leve\u00e4 [&hellip;]<\/p>\n","protected":false},"featured_media":0,"comment_status":"open","ping_status":"closed","template":"","meta":[],"product_brand":[],"product_cat":[32],"product_tag":[],"class_list":{"0":"post-37047","1":"product","2":"type-product","3":"status-publish","5":"product_cat-uncategorized-fi","7":"first","8":"instock","9":"shipping-taxable","10":"purchasable","11":"product-type-simple"},"_links":{"self":[{"href":"https:\/\/nordicmart.andreevmaster.com\/fi\/wp-json\/wp\/v2\/product\/37047","targetHints":{"allow":["GET"]}}],"collection":[{"href":"https:\/\/nordicmart.andreevmaster.com\/fi\/wp-json\/wp\/v2\/product"}],"about":[{"href":"https:\/\/nordicmart.andreevmaster.com\/fi\/wp-json\/wp\/v2\/types\/product"}],"replies":[{"embeddable":true,"href":"https:\/\/nordicmart.andreevmaster.com\/fi\/wp-json\/wp\/v2\/comments?post=37047"}],"wp:attachment":[{"href":"https:\/\/nordicmart.andreevmaster.com\/fi\/wp-json\/wp\/v2\/media?parent=37047"}],"wp:term":[{"taxonomy":"product_brand","embeddable":true,"href":"https:\/\/nordicmart.andreevmaster.com\/fi\/wp-json\/wp\/v2\/product_brand?post=37047"},{"taxonomy":"product_cat","embeddable":true,"href":"https:\/\/nordicmart.andreevmaster.com\/fi\/wp-json\/wp\/v2\/product_cat?post=37047"},{"taxonomy":"product_tag","embeddable":true,"href":"https:\/\/nordicmart.andreevmaster.com\/fi\/wp-json\/wp\/v2\/product_tag?post=37047"}],"curies":[{"name":"wp","href":"https:\/\/api.w.org\/{rel}","templated":true}]}}