{"id":37046,"date":"2026-02-27T00:37:11","date_gmt":"2026-02-27T00:37:11","guid":{"rendered":"https:\/\/nordicmart.andreevmaster.com\/product\/pistoolin-replika-ripustimella-ripustetaan-seinalle-tr-239\/"},"modified":"2026-02-27T09:54:19","modified_gmt":"2026-02-27T09:54:19","slug":"pistoolin-replika-ripustimella-ripustetaan-seinalle-tr-239","status":"publish","type":"product","link":"https:\/\/nordicmart.andreevmaster.com\/fi\/tuote\/pistoolin-replika-ripustimella-ripustetaan-seinalle-tr-239\/","title":{"rendered":"Pistoolin replika ripustimella \u2013 ripustetaan sein\u00e4lle \u2013 TR-239"},"content":{"rendered":"<p>Pistoolin replika ripustimella \u2013 ripustetaan sein\u00e4lle \u2013 TR-239&nbsp;&nbsp;&nbsp;Elegantti replika kapselipistoolista, joka on uskollinen kopio historiallisesta alkuper\u00e4isest\u00e4. Rikkaat koristeet ja tarkka puu- ja metallity\u00f6 tekev\u00e4t siit\u00e4 ainutlaatuisen ker\u00e4ilykohteen ja silmiinpist\u00e4v\u00e4n sisustusesineen.&nbsp;&nbsp;Tuotetiedot:&nbsp;Materiaali: puu, metalliRipustimen mitat: 32 x 13 cmPistoolin pituus: 31 cmRikkaat koristeetTarkasti j\u00e4ljennetty replicaLaadukas valmistus \u2013 aito ulkon\u00e4k\u00f6, jossa on kiinnitetty huomiota jokaiseen yksityiskohtaanK\u00e4yt\u00e4nn\u00f6llinen esillepano \u2013 mukana puinen ripustin sein\u00e4lle ripustamista varten&nbsp;&nbsp;T\u00e4ydellinen lahja historian yst\u00e4ville&nbsp;&nbsp;Historiallisten aseiden ker\u00e4ilij\u00f6ille \u2013 loistava lis\u00e4 kokoelmaan.Tyylik\u00e4s koriste-esine \u2013 sopii erinomaisesti ty\u00f6huoneeseen, olohuoneeseen tai kirjastoon.Elegantti lahja \u2013 sopii erinomaisesti miehelle, joka arvostaa harvinaisia koriste-esineit\u00e4.&nbsp;&nbsp;T\u00e4m\u00e4 tuote on ker\u00e4ilij\u00e4n koriste-esine. Se ei ole lelu. Suojaa lapsilta.&nbsp;<\/p>\n","protected":false},"excerpt":{"rendered":"<p>Pistoolin replika ripustimella \u2013 ripustetaan sein\u00e4lle \u2013 TR-239&nbsp;&nbsp;&nbsp;Elegantti replika kapselipistoolista, joka on uskollinen kopio historiallisesta alkuper\u00e4isest\u00e4. Rikkaat koristeet ja tarkka puu- ja metallity\u00f6 tekev\u00e4t siit\u00e4 ainutlaatuisen ker\u00e4ilykohteen ja silmiinpist\u00e4v\u00e4n sisustusesineen.&nbsp;&nbsp;Tuotetiedot:&nbsp;Materiaali: puu, metalliRipustimen mitat: 32 x 13 cmPistoolin pituus: 31 cmRikkaat koristeetTarkasti j\u00e4ljennetty replicaLaadukas valmistus \u2013 aito ulkon\u00e4k\u00f6, jossa on kiinnitetty huomiota jokaiseen yksityiskohtaanK\u00e4yt\u00e4nn\u00f6llinen esillepano \u2013 [&hellip;]<\/p>\n","protected":false},"featured_media":45028,"comment_status":"open","ping_status":"closed","template":"","meta":[],"product_brand":[],"product_cat":[32],"product_tag":[],"class_list":{"0":"post-37046","1":"product","2":"type-product","3":"status-publish","4":"has-post-thumbnail","6":"product_cat-uncategorized-fi","8":"first","9":"instock","10":"shipping-taxable","11":"purchasable","12":"product-type-simple"},"_links":{"self":[{"href":"https:\/\/nordicmart.andreevmaster.com\/fi\/wp-json\/wp\/v2\/product\/37046","targetHints":{"allow":["GET"]}}],"collection":[{"href":"https:\/\/nordicmart.andreevmaster.com\/fi\/wp-json\/wp\/v2\/product"}],"about":[{"href":"https:\/\/nordicmart.andreevmaster.com\/fi\/wp-json\/wp\/v2\/types\/product"}],"replies":[{"embeddable":true,"href":"https:\/\/nordicmart.andreevmaster.com\/fi\/wp-json\/wp\/v2\/comments?post=37046"}],"wp:featuredmedia":[{"embeddable":true,"href":"https:\/\/nordicmart.andreevmaster.com\/fi\/wp-json\/wp\/v2\/media\/45028"}],"wp:attachment":[{"href":"https:\/\/nordicmart.andreevmaster.com\/fi\/wp-json\/wp\/v2\/media?parent=37046"}],"wp:term":[{"taxonomy":"product_brand","embeddable":true,"href":"https:\/\/nordicmart.andreevmaster.com\/fi\/wp-json\/wp\/v2\/product_brand?post=37046"},{"taxonomy":"product_cat","embeddable":true,"href":"https:\/\/nordicmart.andreevmaster.com\/fi\/wp-json\/wp\/v2\/product_cat?post=37046"},{"taxonomy":"product_tag","embeddable":true,"href":"https:\/\/nordicmart.andreevmaster.com\/fi\/wp-json\/wp\/v2\/product_tag?post=37046"}],"curies":[{"name":"wp","href":"https:\/\/api.w.org\/{rel}","templated":true}]}}