{"id":37045,"date":"2026-02-27T00:37:10","date_gmt":"2026-02-27T00:37:10","guid":{"rendered":"https:\/\/nordicmart.andreevmaster.com\/product\/smoby-balance-beam-2\/"},"modified":"2026-02-27T09:54:19","modified_gmt":"2026-02-27T09:54:19","slug":"smoby-balance-beam-2","status":"publish","type":"product","link":"https:\/\/nordicmart.andreevmaster.com\/fi\/tuote\/smoby-balance-beam-2\/","title":{"rendered":"Smoby Balance Beam"},"content":{"rendered":"<p>Smoby Balance Beam on ainutlaatuinen aistien tasapainopolku, joka on suunniteltu 2-vuotiaille ja sit\u00e4 vanhemmille lapsille. Se auttaa pieni\u00e4 kehitt\u00e4m\u00e4\u00e4n motorista koordinaatiota, harjoittelemaan tasapainoa ja kokemaan erilaisia aistimuksia. Tasapainopalkilla leikkiminen ei ole vain motoristen taitojen harjoittelua, vaan my\u00f6s hauskaa puuhaa sek\u00e4 kotona ett\u00e4 ulkona.<\/p>\n<p>Sarja koostuu nelj\u00e4st\u00e4 pitk\u00e4st\u00e4 (70 cm) paneelista, joilla on erilaiset tekstuurit, ja nelj\u00e4st\u00e4 kiinnitysalustasta. Elementit voidaan konfiguroida haluamallasi tavalla, jolloin voit luoda jopa 3,5 metrin pituisen reitin, joka sopii lapsesi kykyihin. Polkua kannattaa k\u00e4vell\u00e4 paljain jaloin, sill\u00e4 se lis\u00e4\u00e4 aistiel\u00e4myksi\u00e4 ja vaikuttaa positiivisesti hermoston kehitykseen.S\u00e4\u00e4nkest\u00e4v\u00e4n ANTI-UV-pinnoitteen ansiosta tasapainopalkki sopii k\u00e4ytett\u00e4v\u00e4ksi sek\u00e4 sis\u00e4ll\u00e4 ett\u00e4 ulkona. Tuote on puhallusmuovattu \u2013 paneelit ovat yksiosaisia, mik\u00e4 takaa niiden kest\u00e4vyyden ja keveyden sek\u00e4 poistaa tarpeen lis\u00e4asennuksille.### Ominaisuudet:<\/p>\n<p>* &#8211; Ik\u00e4: 2 vuotta<br \/>\n* &#8211; Enimm\u00e4iskuorma: 50 kg<br \/>\n* &#8211; 4 paneelia, pituus 70 cm, ja 4 kiinnitysalustaa<br \/>\n* &#8211; Pinta, jossa on erilaisia tekstuureja intensiivisten aistiel\u00e4mysten takaamiseksi<br \/>\n* &#8211; Voidaan konfiguroida haluamallasi tavalla \u2013 polun enimm\u00e4ispituus on 3,5 metri\u00e4<br \/>\n* &#8211; ANTI-UV-pinnoite \u2013 kest\u00e4\u00e4 auringonvaloa, est\u00e4\u00e4 v\u00e4rien haalistumisen<br \/>\n* &#8211; Valmistettu kest\u00e4v\u00e4st\u00e4 muovista \u2013 helppo pit\u00e4\u00e4 puhtaana<br \/>\n* &#8211; Hillityt, luonnolliset v\u00e4rit<br \/>\n* &#8211; Ymp\u00e4rist\u00f6yst\u00e4v\u00e4llinen Smoby Life -tuotesarja \u2013 57 % materiaalista on kierr\u00e4tetty\u00e4<\/p>\n<p>### Lelu kehitt\u00e4\u00e4:<\/p>\n<p>* &#8211; Motorista koordinaatiota \u2013 harjoittaa tasapainoa, kehon hallintaa ja kyky\u00e4 s\u00e4ilytt\u00e4\u00e4 tasapaino<br \/>\n* &#8211; Karkeamotorisia taitoja \u2013 tukee lihasten oikeaa kehityst\u00e4 ja parantaa ryhdin vakautta<br \/>\n* &#8211; Aistien tietoisuutta \u2013 erilaiset paneelien tekstuurit tarjoavat \u00e4rsykkeit\u00e4, jotka tukevat aistien kehityst\u00e4<br \/>\n* &#8211; Itseluottamusta ja rohkeutta \u2013 lapsi oppii v\u00e4hitellen selviytym\u00e4\u00e4n vaikeammista radan kokoonpanoista<br \/>\n* &#8211; Kognitiivisia kykyj\u00e4 \u2013 radan kokoonpanon kokeileminen tukee luovuutta ja loogista ajattelua<\/p>\n","protected":false},"excerpt":{"rendered":"<p>Smoby Balance Beam on ainutlaatuinen aistien tasapainopolku, joka on suunniteltu 2-vuotiaille ja sit\u00e4 vanhemmille lapsille. Se auttaa pieni\u00e4 kehitt\u00e4m\u00e4\u00e4n motorista koordinaatiota, harjoittelemaan tasapainoa ja kokemaan erilaisia aistimuksia. Tasapainopalkilla leikkiminen ei ole vain motoristen taitojen harjoittelua, vaan my\u00f6s hauskaa puuhaa sek\u00e4 kotona ett\u00e4 ulkona. Sarja koostuu nelj\u00e4st\u00e4 pitk\u00e4st\u00e4 (70 cm) paneelista, joilla on erilaiset tekstuurit, ja [&hellip;]<\/p>\n","protected":false},"featured_media":0,"comment_status":"open","ping_status":"closed","template":"","meta":[],"product_brand":[],"product_cat":[32],"product_tag":[],"class_list":{"0":"post-37045","1":"product","2":"type-product","3":"status-publish","5":"product_cat-uncategorized-fi","7":"first","8":"instock","9":"shipping-taxable","10":"purchasable","11":"product-type-simple"},"_links":{"self":[{"href":"https:\/\/nordicmart.andreevmaster.com\/fi\/wp-json\/wp\/v2\/product\/37045","targetHints":{"allow":["GET"]}}],"collection":[{"href":"https:\/\/nordicmart.andreevmaster.com\/fi\/wp-json\/wp\/v2\/product"}],"about":[{"href":"https:\/\/nordicmart.andreevmaster.com\/fi\/wp-json\/wp\/v2\/types\/product"}],"replies":[{"embeddable":true,"href":"https:\/\/nordicmart.andreevmaster.com\/fi\/wp-json\/wp\/v2\/comments?post=37045"}],"wp:attachment":[{"href":"https:\/\/nordicmart.andreevmaster.com\/fi\/wp-json\/wp\/v2\/media?parent=37045"}],"wp:term":[{"taxonomy":"product_brand","embeddable":true,"href":"https:\/\/nordicmart.andreevmaster.com\/fi\/wp-json\/wp\/v2\/product_brand?post=37045"},{"taxonomy":"product_cat","embeddable":true,"href":"https:\/\/nordicmart.andreevmaster.com\/fi\/wp-json\/wp\/v2\/product_cat?post=37045"},{"taxonomy":"product_tag","embeddable":true,"href":"https:\/\/nordicmart.andreevmaster.com\/fi\/wp-json\/wp\/v2\/product_tag?post=37045"}],"curies":[{"name":"wp","href":"https:\/\/api.w.org\/{rel}","templated":true}]}}