{"id":37044,"date":"2026-02-27T00:37:10","date_gmt":"2026-02-27T00:37:10","guid":{"rendered":"https:\/\/nordicmart.andreevmaster.com\/product\/smoby-life-vesi-ja-hiekkaleikkikeittio\/"},"modified":"2026-02-27T09:54:18","modified_gmt":"2026-02-27T09:54:18","slug":"smoby-life-vesi-ja-hiekkaleikkikeittio","status":"publish","type":"product","link":"https:\/\/nordicmart.andreevmaster.com\/fi\/tuote\/smoby-life-vesi-ja-hiekkaleikkikeittio\/","title":{"rendered":"Smoby Life -vesi- ja hiekkaleikkikeitti\u00f6"},"content":{"rendered":"<p>Smoby Life vesi- ja hiekkaleikkikeitti\u00f6 on ensimm\u00e4inen laatuaan oleva puutarhalelu, joka yhdist\u00e4\u00e4 veden ja hiekan leikkimisen ilon. Sen avulla lapset voivat luoda omia ulkoleikkikeitti\u00f6tarinoitaan kokeilemalla vett\u00e4, hiekkaa ja puutarhasta l\u00f6ytyvi\u00e4 luonnonmateriaaleja. Se on loistava tapa viett\u00e4\u00e4 aikaa ulkona, kehitt\u00e4\u00e4 luovuutta, k\u00e4dentaitoja ja sosiaalisia taitoja.Ominaisuudet:<\/p>\n<p>* &#8211; Ik\u00e4: 3 vuotta<br \/>\n* &#8211; Keitti\u00f6 vesi- ja hiekkaleikkeihin.<br \/>\n* &#8211; Irrotettavat astiat vedelle ja hiekalle.<br \/>\n* &#8211; Hana, jossa on vesis\u00e4\u00e4din.<br \/>\n* &#8211; Mukana 15 lis\u00e4varustetta: seula, kori, kauha, harava, lapio.<br \/>\n* &#8211; Kansi aarteiden s\u00e4ilytt\u00e4mist\u00e4 varten.<br \/>\n* &#8211; Tukeva muovirakenne.<br \/>\n* &#8211; ANTI-UV-pinnoite suojaa haalistumiselta.* &#8211; Ymp\u00e4rist\u00f6yst\u00e4v\u00e4llinen \u2013 90 % kierr\u00e4tysmateriaaleja.<br \/>\n* &#8211; Aikuisen on koottava.<\/p>\n<p>Lelu kehitt\u00e4\u00e4:<\/p>\n<p>* &#8211; Luovuutta leikkim\u00e4ll\u00e4 ruoanlaittoa.<br \/>\n* &#8211; Hienomotoriikkaa lis\u00e4varusteiden k\u00e4sittelyn kautta.<br \/>\n* &#8211; K\u00e4sien k\u00e4tevyytt\u00e4 puutarhaty\u00f6kalujen k\u00e4yt\u00f6n kautta.<br \/>\n* &#8211; Sosiaalisia taitoja ryhm\u00e4leikin kautta.<\/p>\n","protected":false},"excerpt":{"rendered":"<p>Smoby Life vesi- ja hiekkaleikkikeitti\u00f6 on ensimm\u00e4inen laatuaan oleva puutarhalelu, joka yhdist\u00e4\u00e4 veden ja hiekan leikkimisen ilon. Sen avulla lapset voivat luoda omia ulkoleikkikeitti\u00f6tarinoitaan kokeilemalla vett\u00e4, hiekkaa ja puutarhasta l\u00f6ytyvi\u00e4 luonnonmateriaaleja. Se on loistava tapa viett\u00e4\u00e4 aikaa ulkona, kehitt\u00e4\u00e4 luovuutta, k\u00e4dentaitoja ja sosiaalisia taitoja.Ominaisuudet: * &#8211; Ik\u00e4: 3 vuotta * &#8211; Keitti\u00f6 vesi- ja hiekkaleikkeihin. [&hellip;]<\/p>\n","protected":false},"featured_media":0,"comment_status":"open","ping_status":"closed","template":"","meta":[],"product_brand":[],"product_cat":[32],"product_tag":[],"class_list":{"0":"post-37044","1":"product","2":"type-product","3":"status-publish","5":"product_cat-uncategorized-fi","7":"first","8":"instock","9":"shipping-taxable","10":"purchasable","11":"product-type-simple"},"_links":{"self":[{"href":"https:\/\/nordicmart.andreevmaster.com\/fi\/wp-json\/wp\/v2\/product\/37044","targetHints":{"allow":["GET"]}}],"collection":[{"href":"https:\/\/nordicmart.andreevmaster.com\/fi\/wp-json\/wp\/v2\/product"}],"about":[{"href":"https:\/\/nordicmart.andreevmaster.com\/fi\/wp-json\/wp\/v2\/types\/product"}],"replies":[{"embeddable":true,"href":"https:\/\/nordicmart.andreevmaster.com\/fi\/wp-json\/wp\/v2\/comments?post=37044"}],"wp:attachment":[{"href":"https:\/\/nordicmart.andreevmaster.com\/fi\/wp-json\/wp\/v2\/media?parent=37044"}],"wp:term":[{"taxonomy":"product_brand","embeddable":true,"href":"https:\/\/nordicmart.andreevmaster.com\/fi\/wp-json\/wp\/v2\/product_brand?post=37044"},{"taxonomy":"product_cat","embeddable":true,"href":"https:\/\/nordicmart.andreevmaster.com\/fi\/wp-json\/wp\/v2\/product_cat?post=37044"},{"taxonomy":"product_tag","embeddable":true,"href":"https:\/\/nordicmart.andreevmaster.com\/fi\/wp-json\/wp\/v2\/product_tag?post=37044"}],"curies":[{"name":"wp","href":"https:\/\/api.w.org\/{rel}","templated":true}]}}