{"id":37043,"date":"2026-02-27T00:37:10","date_gmt":"2026-02-27T00:37:10","guid":{"rendered":"https:\/\/nordicmart.andreevmaster.com\/product\/smoby-play-center-2\/"},"modified":"2026-02-27T09:54:18","modified_gmt":"2026-02-27T09:54:18","slug":"smoby-play-center-2","status":"publish","type":"product","link":"https:\/\/nordicmart.andreevmaster.com\/fi\/tuote\/smoby-play-center-2\/","title":{"rendered":"Smoby Play Center"},"content":{"rendered":"<p>Smoby Play Center on upea ulkoleikkipaikka, joka tarjoaa lapsille tuntikausia aktiivista hauskaa ja taitojen kehitt\u00e4mist\u00e4. Sarja yhdist\u00e4\u00e4 urheilun, hauskanpidon ja rentoutumisen, luoden t\u00e4ydellisen paikan pienille. Erilaisten elementtiens\u00e4 ansiosta t\u00e4st\u00e4 kompleksista tulee jokaisen lapsen suosikkipaikka. Smoby Play Center on upea ulkoilualue, jossa yhdistyv\u00e4t urheilu, rentoutuminen ja luovuus. Liukum\u00e4ki, koripallo, jalkapallo ja kiipeilysein\u00e4 ovat vain muutamia niist\u00e4 n\u00e4ht\u00e4vyyksist\u00e4, jotka ilahduttavat jokaista pient\u00e4 lasta.Tuotteen ominaisuudet:<\/p>\n<p>* &#8211; Ik\u00e4: 2 vuotta<br \/>\n* &#8211; Koripallokori<br \/>\n* &#8211; Jalkapallomaali verkolla (palloja ei sis\u00e4lly toimitukseen)<br \/>\n* &#8211; Kiipeilysein\u00e4 voiman ja tasapainon kehitt\u00e4miseen<br \/>\n* &#8211; 150 cm pitk\u00e4 liukum\u00e4ki<br \/>\n* &#8211; Katettu leikkim\u00f6kki, jossa avattava ovi, t\u00e4ydellinen lepoon<br \/>\n* &#8211; ANTI-UV-pinnoite, joka suojaa v\u00e4rien haalistumiselta auringossa<br \/>\n* &#8211; Ymp\u00e4rist\u00f6yst\u00e4v\u00e4lliset materiaalit, 62 % materiaaleista on kierr\u00e4tetty\u00e4<br \/>\n* &#8211; Kest\u00e4v\u00e4 muovi, helppo puhdistaa<\/p>\n<p>Lelu kehitt\u00e4\u00e4:<\/p>\n<p>* &#8211; Motorista koordinaatiota ja urheilullisia taitoja<br \/>\n* &#8211; Luovuutta ja mielikuvitusta erilaisilla leikkimuodoilla<br \/>\n* &#8211; Voimaa, tasapainoa ja itseluottamusta kiipeilyss\u00e4<\/p>\n<p>[img-125951-left-thickbox_default]<\/p>\n<p>[img-125943-left-thickbox_default]<\/p>\n","protected":false},"excerpt":{"rendered":"<p>Smoby Play Center on upea ulkoleikkipaikka, joka tarjoaa lapsille tuntikausia aktiivista hauskaa ja taitojen kehitt\u00e4mist\u00e4. Sarja yhdist\u00e4\u00e4 urheilun, hauskanpidon ja rentoutumisen, luoden t\u00e4ydellisen paikan pienille. Erilaisten elementtiens\u00e4 ansiosta t\u00e4st\u00e4 kompleksista tulee jokaisen lapsen suosikkipaikka. Smoby Play Center on upea ulkoilualue, jossa yhdistyv\u00e4t urheilu, rentoutuminen ja luovuus. Liukum\u00e4ki, koripallo, jalkapallo ja kiipeilysein\u00e4 ovat vain muutamia niist\u00e4 [&hellip;]<\/p>\n","protected":false},"featured_media":0,"comment_status":"open","ping_status":"closed","template":"","meta":[],"product_brand":[],"product_cat":[32],"product_tag":[],"class_list":{"0":"post-37043","1":"product","2":"type-product","3":"status-publish","5":"product_cat-uncategorized-fi","7":"first","8":"instock","9":"shipping-taxable","10":"purchasable","11":"product-type-simple"},"_links":{"self":[{"href":"https:\/\/nordicmart.andreevmaster.com\/fi\/wp-json\/wp\/v2\/product\/37043","targetHints":{"allow":["GET"]}}],"collection":[{"href":"https:\/\/nordicmart.andreevmaster.com\/fi\/wp-json\/wp\/v2\/product"}],"about":[{"href":"https:\/\/nordicmart.andreevmaster.com\/fi\/wp-json\/wp\/v2\/types\/product"}],"replies":[{"embeddable":true,"href":"https:\/\/nordicmart.andreevmaster.com\/fi\/wp-json\/wp\/v2\/comments?post=37043"}],"wp:attachment":[{"href":"https:\/\/nordicmart.andreevmaster.com\/fi\/wp-json\/wp\/v2\/media?parent=37043"}],"wp:term":[{"taxonomy":"product_brand","embeddable":true,"href":"https:\/\/nordicmart.andreevmaster.com\/fi\/wp-json\/wp\/v2\/product_brand?post=37043"},{"taxonomy":"product_cat","embeddable":true,"href":"https:\/\/nordicmart.andreevmaster.com\/fi\/wp-json\/wp\/v2\/product_cat?post=37043"},{"taxonomy":"product_tag","embeddable":true,"href":"https:\/\/nordicmart.andreevmaster.com\/fi\/wp-json\/wp\/v2\/product_tag?post=37043"}],"curies":[{"name":"wp","href":"https:\/\/api.w.org\/{rel}","templated":true}]}}