{"id":37042,"date":"2026-02-27T00:37:10","date_gmt":"2026-02-27T00:37:10","guid":{"rendered":"https:\/\/nordicmart.andreevmaster.com\/product\/step2-varikas-2-in-1-vesipallopoyta\/"},"modified":"2026-02-27T09:54:18","modified_gmt":"2026-02-27T09:54:18","slug":"step2-varikas-2-in-1-vesipallopoyta","status":"publish","type":"product","link":"https:\/\/nordicmart.andreevmaster.com\/fi\/tuote\/step2-varikas-2-in-1-vesipallopoyta\/","title":{"rendered":"STEP2 V\u00e4rik\u00e4s 2-in-1-vesipallop\u00f6yt\u00e4"},"content":{"rendered":"<p>T\u00e4m\u00e4 v\u00e4rik\u00e4s pallop\u00f6yt\u00e4 on hauskaa vesileikki\u00e4! T\u00e4llaista p\u00f6yt\u00e4\u00e4 ei ole ennen n\u00e4hty! T\u00e4yt\u00e4 se vedell\u00e4 ja laita pallot liikkeelle katapultilla. V\u00e4rik\u00e4s muotoilu ja lukuisat palloradat auttavat lasta kehitt\u00e4m\u00e4\u00e4n motorisia taitojaan. P\u00f6yt\u00e4 sopii erinomaisesti ulko- ja sis\u00e4leikkeihin. Voit leikki\u00e4 jopa ilman vett\u00e4! P\u00f6yt\u00e4 voidaan t\u00e4ytt\u00e4\u00e4 my\u00f6s hiekalla. Tyhjennysproppu varmistaa p\u00f6yd\u00e4n nopean tyhjent\u00e4misen ja helpon puhdistamisen leikin j\u00e4lkeen.Ominaisuudet:<\/p>\n<p>* &#8211; Kolme erilaista polkua, joita pitkin pallot voivat liikkua<br \/>\n* &#8211; Pallokaruselli<br \/>\n* &#8211; Mukana 10 palloa<br \/>\n* &#8211; Kaksi katapulttia<br \/>\n* &#8211; Tilavuus 15 l<br \/>\n* &#8211; Aikuisen suorittama kokoonpano suositeltavaa<\/p>\n<p>Step2 \u2013 ensinn\u00e4kin laatu, sitten upeat lelut! Jos asetat laadun ja turvallisuuden etusijalle valitessasi leluja lapsellesi, amerikkalaisen Step2-yrityksen koko upea lelutarjonta t\u00e4ytt\u00e4\u00e4 varmasti lasten, vanhempien, p\u00e4iv\u00e4kotien, lastentarhojen ja muiden oppilaitosten odotukset. Step2 on valmistanut parhaita leluja Yhdysvalloissa jo vuosikymmenien ajan! Valikoimaan kuuluu hiekkalaatikoita, puutarham\u00f6kkej\u00e4, leikkikentti\u00e4, ty\u00f6pajoja, ajettavia leluja, keitti\u00f6it\u00e4 ja lastenhuonekaluja.<\/p>\n","protected":false},"excerpt":{"rendered":"<p>T\u00e4m\u00e4 v\u00e4rik\u00e4s pallop\u00f6yt\u00e4 on hauskaa vesileikki\u00e4! T\u00e4llaista p\u00f6yt\u00e4\u00e4 ei ole ennen n\u00e4hty! T\u00e4yt\u00e4 se vedell\u00e4 ja laita pallot liikkeelle katapultilla. V\u00e4rik\u00e4s muotoilu ja lukuisat palloradat auttavat lasta kehitt\u00e4m\u00e4\u00e4n motorisia taitojaan. P\u00f6yt\u00e4 sopii erinomaisesti ulko- ja sis\u00e4leikkeihin. Voit leikki\u00e4 jopa ilman vett\u00e4! P\u00f6yt\u00e4 voidaan t\u00e4ytt\u00e4\u00e4 my\u00f6s hiekalla. Tyhjennysproppu varmistaa p\u00f6yd\u00e4n nopean tyhjent\u00e4misen ja helpon puhdistamisen leikin [&hellip;]<\/p>\n","protected":false},"featured_media":0,"comment_status":"open","ping_status":"closed","template":"","meta":[],"product_brand":[],"product_cat":[32],"product_tag":[],"class_list":{"0":"post-37042","1":"product","2":"type-product","3":"status-publish","5":"product_cat-uncategorized-fi","7":"first","8":"instock","9":"shipping-taxable","10":"purchasable","11":"product-type-simple"},"_links":{"self":[{"href":"https:\/\/nordicmart.andreevmaster.com\/fi\/wp-json\/wp\/v2\/product\/37042","targetHints":{"allow":["GET"]}}],"collection":[{"href":"https:\/\/nordicmart.andreevmaster.com\/fi\/wp-json\/wp\/v2\/product"}],"about":[{"href":"https:\/\/nordicmart.andreevmaster.com\/fi\/wp-json\/wp\/v2\/types\/product"}],"replies":[{"embeddable":true,"href":"https:\/\/nordicmart.andreevmaster.com\/fi\/wp-json\/wp\/v2\/comments?post=37042"}],"wp:attachment":[{"href":"https:\/\/nordicmart.andreevmaster.com\/fi\/wp-json\/wp\/v2\/media?parent=37042"}],"wp:term":[{"taxonomy":"product_brand","embeddable":true,"href":"https:\/\/nordicmart.andreevmaster.com\/fi\/wp-json\/wp\/v2\/product_brand?post=37042"},{"taxonomy":"product_cat","embeddable":true,"href":"https:\/\/nordicmart.andreevmaster.com\/fi\/wp-json\/wp\/v2\/product_cat?post=37042"},{"taxonomy":"product_tag","embeddable":true,"href":"https:\/\/nordicmart.andreevmaster.com\/fi\/wp-json\/wp\/v2\/product_tag?post=37042"}],"curies":[{"name":"wp","href":"https:\/\/api.w.org\/{rel}","templated":true}]}}