{"id":37041,"date":"2026-02-27T00:37:09","date_gmt":"2026-02-27T00:37:09","guid":{"rendered":"https:\/\/nordicmart.andreevmaster.com\/product\/step2-kaksipuolinen-taulutaulu-lisavarusteilla\/"},"modified":"2026-02-27T09:54:18","modified_gmt":"2026-02-27T09:54:18","slug":"step2-kaksipuolinen-taulutaulu-lisavarusteilla","status":"publish","type":"product","link":"https:\/\/nordicmart.andreevmaster.com\/fi\/tuote\/step2-kaksipuolinen-taulutaulu-lisavarusteilla\/","title":{"rendered":"STEP2 Kaksipuolinen taulutaulu lis\u00e4varusteilla"},"content":{"rendered":"<p>Step2 kaksipuolinen taulu pikkulapsille \u2013 toisella puolella perinteinen liitutaulu ja toisella puolella tussitaulu, johon voi kiinnitt\u00e4\u00e4 vaahtomuovisia magneettikirjaimia, numeroita ja symboleja. Sarja sis\u00e4lt\u00e4\u00e4 yhteens\u00e4 94 elementti\u00e4. Se edist\u00e4\u00e4 lasten taiteellisten t\u00f6iden luomista ja auttaa vanhempia lapsia oppimaan. Pienet taiteilijat voivat osoittaa luovuuttaan ja parantaa motorisia taitojaan kirjoittamalla, piirt\u00e4m\u00e4ll\u00e4 ja sijoittamalla magneetteja. Aikuisen on koottava tauluteline vain v\u00e4h\u00e4n, ja se on helppo asentaa ja s\u00e4ilytt\u00e4\u00e4 tasaisena. Valmistettu Yhdysvalloissa, osa osista on tuontituotteita.Ominaisuudet:<\/p>\n<p>* &#8211; Laadukkaista materiaaleista valmistettu taulu sopii t\u00e4ydellisesti pienen taiteilijan huoneeseen.<br \/>\n* &#8211; Kaksipuolinen taulu \u2013 toinen puoli on perinteinen liidulla kirjoittamista varten ja toinen puoli on tarkoitettu kuivapyyhitt\u00e4vill\u00e4 tussilla kirjoittamista varten ja siihen voi kiinnitt\u00e4\u00e4 vaahtomuovisia magneettikirjaimia, numeroita ja symboleja.<br \/>\n* &#8211; Sarja sis\u00e4lt\u00e4\u00e4 yhteens\u00e4 94 elementti\u00e4.* &#8211; Magneettitaulun yl\u00e4puolella on paperilevyjen kiinnitt\u00e4miseen tarkoitettu pidike. * &#8211; Taulun alla ja sivuilla on s\u00e4ilytystilaa sienille, tussille tai liidulle. (ei sis\u00e4lly toimitukseen)<br \/>\n* &#8211; Helppo puhdistaa: k\u00e4yt\u00e4 desinfiointipyyhkeit\u00e4 tai kotitalouspuhdistusaineita milloin tahansa!<br \/>\n* &#8211; Pakkaus sis\u00e4lt\u00e4\u00e4: telinejalustan, kaksipuolisen piirustustaulun, 2 irrotettavaa sivukoria, 1 suuren korin, grafiikkaklipin, 94-osaisen pehme\u00e4n vaahtomuovimagneettisarjan.<\/p>\n<p>Step2 \u2013 ensisijaisesti laatua, toiseksi upeita leluja! Jos asetat laadun ja turvallisuuden etusijalle valitessasi leluja lapsellesi, amerikkalaisen Step2-yrityksen koko upea lelutarjonta t\u00e4ytt\u00e4\u00e4 varmasti lasten, vanhempien, p\u00e4iv\u00e4kotien, lastentarhojen ja muiden oppilaitosten odotukset. Step2 on valmistanut parhaita leluja Yhdysvalloissa jo vuosikymmenien ajan! Valikoimaan kuuluu hiekkalaatikoita, puutarham\u00f6kkej\u00e4, leikkikentti\u00e4, ty\u00f6pajoja, ajettavia leluja, keitti\u00f6it\u00e4 ja lastenhuonekaluja.<\/p>\n","protected":false},"excerpt":{"rendered":"<p>Step2 kaksipuolinen taulu pikkulapsille \u2013 toisella puolella perinteinen liitutaulu ja toisella puolella tussitaulu, johon voi kiinnitt\u00e4\u00e4 vaahtomuovisia magneettikirjaimia, numeroita ja symboleja. Sarja sis\u00e4lt\u00e4\u00e4 yhteens\u00e4 94 elementti\u00e4. Se edist\u00e4\u00e4 lasten taiteellisten t\u00f6iden luomista ja auttaa vanhempia lapsia oppimaan. Pienet taiteilijat voivat osoittaa luovuuttaan ja parantaa motorisia taitojaan kirjoittamalla, piirt\u00e4m\u00e4ll\u00e4 ja sijoittamalla magneetteja. Aikuisen on koottava tauluteline [&hellip;]<\/p>\n","protected":false},"featured_media":0,"comment_status":"open","ping_status":"closed","template":"","meta":[],"product_brand":[],"product_cat":[32],"product_tag":[],"class_list":{"0":"post-37041","1":"product","2":"type-product","3":"status-publish","5":"product_cat-uncategorized-fi","7":"first","8":"instock","9":"shipping-taxable","10":"purchasable","11":"product-type-simple"},"_links":{"self":[{"href":"https:\/\/nordicmart.andreevmaster.com\/fi\/wp-json\/wp\/v2\/product\/37041","targetHints":{"allow":["GET"]}}],"collection":[{"href":"https:\/\/nordicmart.andreevmaster.com\/fi\/wp-json\/wp\/v2\/product"}],"about":[{"href":"https:\/\/nordicmart.andreevmaster.com\/fi\/wp-json\/wp\/v2\/types\/product"}],"replies":[{"embeddable":true,"href":"https:\/\/nordicmart.andreevmaster.com\/fi\/wp-json\/wp\/v2\/comments?post=37041"}],"wp:attachment":[{"href":"https:\/\/nordicmart.andreevmaster.com\/fi\/wp-json\/wp\/v2\/media?parent=37041"}],"wp:term":[{"taxonomy":"product_brand","embeddable":true,"href":"https:\/\/nordicmart.andreevmaster.com\/fi\/wp-json\/wp\/v2\/product_brand?post=37041"},{"taxonomy":"product_cat","embeddable":true,"href":"https:\/\/nordicmart.andreevmaster.com\/fi\/wp-json\/wp\/v2\/product_cat?post=37041"},{"taxonomy":"product_tag","embeddable":true,"href":"https:\/\/nordicmart.andreevmaster.com\/fi\/wp-json\/wp\/v2\/product_tag?post=37041"}],"curies":[{"name":"wp","href":"https:\/\/api.w.org\/{rel}","templated":true}]}}