{"id":37040,"date":"2026-02-27T00:37:09","date_gmt":"2026-02-27T00:37:09","guid":{"rendered":"https:\/\/nordicmart.andreevmaster.com\/product\/step2-whister-ride-ii-buggy-pink-ride-on-car-2\/"},"modified":"2026-02-27T09:54:18","modified_gmt":"2026-02-27T09:54:18","slug":"step2-whister-ride-ii-buggy-pink-ride-on-car-2","status":"publish","type":"product","link":"https:\/\/nordicmart.andreevmaster.com\/fi\/tuote\/step2-whister-ride-ii-buggy-pink-ride-on-car-2\/","title":{"rendered":"STEP2 Whister Ride II Buggy Pink Ride-On Car"},"content":{"rendered":"<p>T\u00e4m\u00e4 vieh\u00e4tt\u00e4v\u00e4 Step2-leluauto tarjoaa unohtumattomia viihdehetki\u00e4, jotka simuloivat todellisen superauton ajamista. Autossa on liikkuva ohjauspy\u00f6r\u00e4 ja realistinen \u00e4\u00e4nitorvi, jotka antavat lapsellesi aidon ajokokemuksen. Mukana oleva turvavy\u00f6, konepellin alla oleva s\u00e4ilytyslokero v\u00e4lipaloille sek\u00e4 ohjauspy\u00f6r\u00e4n ja sen vieress\u00e4 olevat juomatelineet tekev\u00e4t matkan viel\u00e4kin nautittavammaksi. <\/p>\n<p>T\u00e4ss\u00e4 vieh\u00e4tt\u00e4v\u00e4ss\u00e4 vaaleanpunaisessa ajoneuvossa on erityiset Whisper-py\u00f6r\u00e4t, jotka v\u00e4hent\u00e4v\u00e4t ajon melua, sek\u00e4 taitettava kahva, joka helpottaa kuljetusta ja s\u00e4ilytyst\u00e4 ja takaa mukavuuden seuraavilla seikkailuillasi.<\/p>\n<p>Ominaisuudet:<\/p>\n<p>* &#8211; lelu on tarkoitettu 18 kuukauden ik\u00e4isille ja sit\u00e4 vanhemmille lapsille<br \/>\n* &#8211; tyylik\u00e4s, realistinen urheiluauton muotoilu, jossa on simuloitu ohjauspy\u00f6r\u00e4 ja toimiva \u00e4\u00e4nimerkki<br \/>\n* &#8211; helposti taitettava kahva nopeaa s\u00e4ilytyst\u00e4 ja kuljetusta varten<br \/>\n* &#8211; s\u00e4ilytyslokero istuimen alla ja k\u00e4tev\u00e4t mukinpitimet tekev\u00e4t autosta ihanteellisen pidemmille matkoille<\/p>\n","protected":false},"excerpt":{"rendered":"<p>T\u00e4m\u00e4 vieh\u00e4tt\u00e4v\u00e4 Step2-leluauto tarjoaa unohtumattomia viihdehetki\u00e4, jotka simuloivat todellisen superauton ajamista. Autossa on liikkuva ohjauspy\u00f6r\u00e4 ja realistinen \u00e4\u00e4nitorvi, jotka antavat lapsellesi aidon ajokokemuksen. Mukana oleva turvavy\u00f6, konepellin alla oleva s\u00e4ilytyslokero v\u00e4lipaloille sek\u00e4 ohjauspy\u00f6r\u00e4n ja sen vieress\u00e4 olevat juomatelineet tekev\u00e4t matkan viel\u00e4kin nautittavammaksi. T\u00e4ss\u00e4 vieh\u00e4tt\u00e4v\u00e4ss\u00e4 vaaleanpunaisessa ajoneuvossa on erityiset Whisper-py\u00f6r\u00e4t, jotka v\u00e4hent\u00e4v\u00e4t ajon melua, sek\u00e4 taitettava [&hellip;]<\/p>\n","protected":false},"featured_media":0,"comment_status":"open","ping_status":"closed","template":"","meta":[],"product_brand":[],"product_cat":[32],"product_tag":[],"class_list":{"0":"post-37040","1":"product","2":"type-product","3":"status-publish","5":"product_cat-uncategorized-fi","7":"first","8":"instock","9":"shipping-taxable","10":"purchasable","11":"product-type-simple"},"_links":{"self":[{"href":"https:\/\/nordicmart.andreevmaster.com\/fi\/wp-json\/wp\/v2\/product\/37040","targetHints":{"allow":["GET"]}}],"collection":[{"href":"https:\/\/nordicmart.andreevmaster.com\/fi\/wp-json\/wp\/v2\/product"}],"about":[{"href":"https:\/\/nordicmart.andreevmaster.com\/fi\/wp-json\/wp\/v2\/types\/product"}],"replies":[{"embeddable":true,"href":"https:\/\/nordicmart.andreevmaster.com\/fi\/wp-json\/wp\/v2\/comments?post=37040"}],"wp:attachment":[{"href":"https:\/\/nordicmart.andreevmaster.com\/fi\/wp-json\/wp\/v2\/media?parent=37040"}],"wp:term":[{"taxonomy":"product_brand","embeddable":true,"href":"https:\/\/nordicmart.andreevmaster.com\/fi\/wp-json\/wp\/v2\/product_brand?post=37040"},{"taxonomy":"product_cat","embeddable":true,"href":"https:\/\/nordicmart.andreevmaster.com\/fi\/wp-json\/wp\/v2\/product_cat?post=37040"},{"taxonomy":"product_tag","embeddable":true,"href":"https:\/\/nordicmart.andreevmaster.com\/fi\/wp-json\/wp\/v2\/product_tag?post=37040"}],"curies":[{"name":"wp","href":"https:\/\/api.w.org\/{rel}","templated":true}]}}