{"id":37039,"date":"2026-02-27T00:37:09","date_gmt":"2026-02-27T00:37:09","guid":{"rendered":"https:\/\/nordicmart.andreevmaster.com\/product\/smoby-koripallokori\/"},"modified":"2026-02-27T09:54:17","modified_gmt":"2026-02-27T09:54:17","slug":"smoby-koripallokori","status":"publish","type":"product","link":"https:\/\/nordicmart.andreevmaster.com\/fi\/tuote\/smoby-koripallokori\/","title":{"rendered":"SMOBY koripallokori"},"content":{"rendered":"<p>Smoby-koripallokori on urheilulelu yli 3-vuotiaille lapsille. Koripallon heitt\u00e4minen on hauskaa ja hyv\u00e4\u00e4 liikuntaa. Kori voidaan kiinnitt\u00e4\u00e4 Megagliss-liukum\u00e4keen (820200) tai Smoby XL -liukum\u00e4keen (820302). Sen voi sijoittaa liukum\u00e4en sivulle tai p\u00e4\u00e4tyyn, mik\u00e4 tekee leikist\u00e4 monipuolisempaa ja mielenkiintoisempaa. Jos sinulla ei ole Smoby-liukum\u00e4ke\u00e4, ei h\u00e4t\u00e4\u00e4! Korin voi ripustaa my\u00f6s sein\u00e4lle. Sarja sis\u00e4lt\u00e4\u00e4 korin kiinnitt\u00e4miseen tarvittavat kiinnityselementit.Ominaisuudet:<\/p>\n<p>* &#8211; lelu 3-vuotiaille ja sit\u00e4 vanhemmille lapsille,<br \/>\n* &#8211; koripallokori &#8211; voidaan kiinnitt\u00e4\u00e4 liukum\u00e4keen tai sein\u00e4\u00e4n,<br \/>\n* &#8211; yhteensopiva seuraavien Smoby-liukum\u00e4kien kanssa: 820302, 820303, 820200, 310261, 310260,<br \/>\n* &#8211; ANTI-UV-pinnoite &#8211; est\u00e4\u00e4 v\u00e4rien haalistumisen auringossa,<br \/>\n* &#8211; verkko &#8211; valmistettu pehme\u00e4st\u00e4 ja kest\u00e4v\u00e4st\u00e4 materiaalista,<br \/>\n* &#8211; pallo ei sis\u00e4lly toimitukseen.<\/p>\n","protected":false},"excerpt":{"rendered":"<p>Smoby-koripallokori on urheilulelu yli 3-vuotiaille lapsille. Koripallon heitt\u00e4minen on hauskaa ja hyv\u00e4\u00e4 liikuntaa. Kori voidaan kiinnitt\u00e4\u00e4 Megagliss-liukum\u00e4keen (820200) tai Smoby XL -liukum\u00e4keen (820302). Sen voi sijoittaa liukum\u00e4en sivulle tai p\u00e4\u00e4tyyn, mik\u00e4 tekee leikist\u00e4 monipuolisempaa ja mielenkiintoisempaa. Jos sinulla ei ole Smoby-liukum\u00e4ke\u00e4, ei h\u00e4t\u00e4\u00e4! Korin voi ripustaa my\u00f6s sein\u00e4lle. Sarja sis\u00e4lt\u00e4\u00e4 korin kiinnitt\u00e4miseen tarvittavat kiinnityselementit.Ominaisuudet: * [&hellip;]<\/p>\n","protected":false},"featured_media":0,"comment_status":"open","ping_status":"closed","template":"","meta":[],"product_brand":[],"product_cat":[32],"product_tag":[],"class_list":{"0":"post-37039","1":"product","2":"type-product","3":"status-publish","5":"product_cat-uncategorized-fi","7":"first","8":"instock","9":"shipping-taxable","10":"purchasable","11":"product-type-simple"},"_links":{"self":[{"href":"https:\/\/nordicmart.andreevmaster.com\/fi\/wp-json\/wp\/v2\/product\/37039","targetHints":{"allow":["GET"]}}],"collection":[{"href":"https:\/\/nordicmart.andreevmaster.com\/fi\/wp-json\/wp\/v2\/product"}],"about":[{"href":"https:\/\/nordicmart.andreevmaster.com\/fi\/wp-json\/wp\/v2\/types\/product"}],"replies":[{"embeddable":true,"href":"https:\/\/nordicmart.andreevmaster.com\/fi\/wp-json\/wp\/v2\/comments?post=37039"}],"wp:attachment":[{"href":"https:\/\/nordicmart.andreevmaster.com\/fi\/wp-json\/wp\/v2\/media?parent=37039"}],"wp:term":[{"taxonomy":"product_brand","embeddable":true,"href":"https:\/\/nordicmart.andreevmaster.com\/fi\/wp-json\/wp\/v2\/product_brand?post=37039"},{"taxonomy":"product_cat","embeddable":true,"href":"https:\/\/nordicmart.andreevmaster.com\/fi\/wp-json\/wp\/v2\/product_cat?post=37039"},{"taxonomy":"product_tag","embeddable":true,"href":"https:\/\/nordicmart.andreevmaster.com\/fi\/wp-json\/wp\/v2\/product_tag?post=37039"}],"curies":[{"name":"wp","href":"https:\/\/api.w.org\/{rel}","templated":true}]}}