{"id":37038,"date":"2026-02-27T00:37:08","date_gmt":"2026-02-27T00:37:08","guid":{"rendered":"https:\/\/nordicmart.andreevmaster.com\/product\/smoby-xs-slide-frozen-water-slide-90cm-2\/"},"modified":"2026-02-27T09:54:17","modified_gmt":"2026-02-27T09:54:17","slug":"smoby-xs-slide-frozen-water-slide-90cm-2","status":"publish","type":"product","link":"https:\/\/nordicmart.andreevmaster.com\/fi\/tuote\/smoby-xs-slide-frozen-water-slide-90cm-2\/","title":{"rendered":"SMOBY XS Slide Frozen Water Slide 90cm"},"content":{"rendered":"<p>Frozenin lisensoima XS-liukum\u00e4ki on vakaa liukum\u00e4ki pienimmille lapsille, joka sopii t\u00e4ydellisesti sek\u00e4 sis\u00e4- ett\u00e4 ulkok\u00e4ytt\u00f6\u00f6n. Liukum\u00e4ess\u00e4 on ergonominen, luistamaton tikkaat. Lis\u00e4ksi liukum\u00e4keen on mahdollista liitt\u00e4\u00e4 puutarhaletku, jotta liukum\u00e4ke\u00e4 voi suihkuttaa vedell\u00e4, mik\u00e4 on t\u00e4ydellist\u00e4 kuumina kes\u00e4p\u00e4ivin\u00e4. Leikin j\u00e4lkeen liukum\u00e4ki voidaan helposti taittaa kokoon, jotta se on helppo s\u00e4ilytt\u00e4\u00e4. Ominaisuudet: * &#8211; Frozen-satujen lisensoima liukum\u00e4ki, * &#8211; liukum\u00e4en pituus 90 cm,* &#8211; mahdollisuus liitt\u00e4\u00e4 puutarhaletku liukum\u00e4keen,<br \/>\n* &#8211; luistamattomat askelmat,<br \/>\n* &#8211; kuva on tehty IML-tekniikalla (upotettu liukum\u00e4en pintaan), mik\u00e4 tekee painatuksesta kulutusta kest\u00e4v\u00e4n,<br \/>\n* &#8211; enimm\u00e4iskuormitus 50 kg,<br \/>\n* &#8211; ergonominen ja kompakti liukum\u00e4ki,<br \/>\n* &#8211; helppo koota ja s\u00e4ilytt\u00e4\u00e4.<\/p>\n","protected":false},"excerpt":{"rendered":"<p>Frozenin lisensoima XS-liukum\u00e4ki on vakaa liukum\u00e4ki pienimmille lapsille, joka sopii t\u00e4ydellisesti sek\u00e4 sis\u00e4- ett\u00e4 ulkok\u00e4ytt\u00f6\u00f6n. Liukum\u00e4ess\u00e4 on ergonominen, luistamaton tikkaat. Lis\u00e4ksi liukum\u00e4keen on mahdollista liitt\u00e4\u00e4 puutarhaletku, jotta liukum\u00e4ke\u00e4 voi suihkuttaa vedell\u00e4, mik\u00e4 on t\u00e4ydellist\u00e4 kuumina kes\u00e4p\u00e4ivin\u00e4. Leikin j\u00e4lkeen liukum\u00e4ki voidaan helposti taittaa kokoon, jotta se on helppo s\u00e4ilytt\u00e4\u00e4. Ominaisuudet: * &#8211; Frozen-satujen lisensoima liukum\u00e4ki, * [&hellip;]<\/p>\n","protected":false},"featured_media":0,"comment_status":"open","ping_status":"closed","template":"","meta":[],"product_brand":[],"product_cat":[32],"product_tag":[],"class_list":{"0":"post-37038","1":"product","2":"type-product","3":"status-publish","5":"product_cat-uncategorized-fi","7":"first","8":"instock","9":"shipping-taxable","10":"purchasable","11":"product-type-simple"},"_links":{"self":[{"href":"https:\/\/nordicmart.andreevmaster.com\/fi\/wp-json\/wp\/v2\/product\/37038","targetHints":{"allow":["GET"]}}],"collection":[{"href":"https:\/\/nordicmart.andreevmaster.com\/fi\/wp-json\/wp\/v2\/product"}],"about":[{"href":"https:\/\/nordicmart.andreevmaster.com\/fi\/wp-json\/wp\/v2\/types\/product"}],"replies":[{"embeddable":true,"href":"https:\/\/nordicmart.andreevmaster.com\/fi\/wp-json\/wp\/v2\/comments?post=37038"}],"wp:attachment":[{"href":"https:\/\/nordicmart.andreevmaster.com\/fi\/wp-json\/wp\/v2\/media?parent=37038"}],"wp:term":[{"taxonomy":"product_brand","embeddable":true,"href":"https:\/\/nordicmart.andreevmaster.com\/fi\/wp-json\/wp\/v2\/product_brand?post=37038"},{"taxonomy":"product_cat","embeddable":true,"href":"https:\/\/nordicmart.andreevmaster.com\/fi\/wp-json\/wp\/v2\/product_cat?post=37038"},{"taxonomy":"product_tag","embeddable":true,"href":"https:\/\/nordicmart.andreevmaster.com\/fi\/wp-json\/wp\/v2\/product_tag?post=37038"}],"curies":[{"name":"wp","href":"https:\/\/api.w.org\/{rel}","templated":true}]}}