{"id":37037,"date":"2026-02-27T00:37:08","date_gmt":"2026-02-27T00:37:08","guid":{"rendered":"https:\/\/nordicmart.andreevmaster.com\/product\/smoby-megagliss-2-in-1-slide-2\/"},"modified":"2026-02-27T09:54:17","modified_gmt":"2026-02-27T09:54:17","slug":"smoby-megagliss-2-in-1-slide-2","status":"publish","type":"product","link":"https:\/\/nordicmart.andreevmaster.com\/fi\/tuote\/smoby-megagliss-2-in-1-slide-2\/","title":{"rendered":"Smoby MEGAGLISS 2-in-1 Slide"},"content":{"rendered":"<p>Smoby MEGAGLISS 2-in-1 -liukum\u00e4ki on ainutlaatuinen puutarhalelu, joka kasvaa lapsen mukana. 150 cm pitk\u00e4 liukum\u00e4ki sopii jo kaksivuotiaille lapsille, ja lis\u00e4osilla se voidaan muuttaa jopa 360 cm pitk\u00e4ksi megaliukum\u00e4eksi, joka on ihanteellinen vanhemmille lapsille.Smoby-liukum\u00e4ki takaa pienimpien lasten turvallisuuden \u2013 sen leve\u00e4 pohja takaa vakauden, ja luistamattomat askelmat ja ergonomiset kahvat auttavat lapsia kiipe\u00e4m\u00e4\u00e4n ja liukumaan turvallisesti. UV-kest\u00e4vist\u00e4 materiaaleista valmistettu liukum\u00e4ki on eritt\u00e4in kest\u00e4v\u00e4, ei haalistu auringossa, ja sen tukeva rakenne takaa, ett\u00e4 se kest\u00e4\u00e4 k\u00e4yt\u00f6ss\u00e4 monia vuosia. Ihanteellinen vanhemmille, jotka etsiv\u00e4t toimivaa lelua, joka tarjoaa lapsille monien vuosien ulkoilunautintoja.Ominaisuudet:<\/p>\n<p>* &#8211; Ik\u00e4: 2 vuotta<br \/>\n* &#8211; Maks. kuormitus: 50 kg<br \/>\n* &#8211; Modulaarinen rakenne \u2013 liukum\u00e4en pituus 150\u2013360 cm<br \/>\n* &#8211; Mukavuus ja turvallisuus \u2013 suuret, ergonomiset kahvat ja sile\u00e4 liukum\u00e4en pinta<br \/>\n* &#8211; ANTI-UV-pinnoite \u2013 suojaa auringonvalolta haalistumiselta<br \/>\n* &#8211; Hillityt v\u00e4rit \u2013 luonnonl\u00e4heiset v\u00e4rit<br \/>\n* &#8211; Asennettava vastuullisen aikuisen toimesta<br \/>\n* &#8211; Smoby Life eco-line \u2013 66 % materiaalista on kierr\u00e4tetty\u00e4<\/p>\n<p>Lelu kehitt\u00e4\u00e4:<\/p>\n<p>* &#8211; Motorisia taitoja: Liukum\u00e4ess\u00e4 liukuminen edist\u00e4\u00e4 tasapainon ja motorisen koordinaation kehityst\u00e4.<br \/>\n* &#8211; Itseluottamusta: Se auttaa lapsia voittamaan haasteita, mik\u00e4 kehitt\u00e4\u00e4 heid\u00e4n rohkeuttaan ja itseluottamustaan.<br \/>\n* &#8211; Leikin iloa: Laajennettavuutensa ansiosta liukum\u00e4ki tarjoaa pitk\u00e4aikaista hauskaa ja kasvaa lapsen mukana.<\/p>\n<p>[img-125983-left-thickbox_default]<\/p>\n<p>[img-125990-left-thickbox_default]<\/p>\n","protected":false},"excerpt":{"rendered":"<p>Smoby MEGAGLISS 2-in-1 -liukum\u00e4ki on ainutlaatuinen puutarhalelu, joka kasvaa lapsen mukana. 150 cm pitk\u00e4 liukum\u00e4ki sopii jo kaksivuotiaille lapsille, ja lis\u00e4osilla se voidaan muuttaa jopa 360 cm pitk\u00e4ksi megaliukum\u00e4eksi, joka on ihanteellinen vanhemmille lapsille.Smoby-liukum\u00e4ki takaa pienimpien lasten turvallisuuden \u2013 sen leve\u00e4 pohja takaa vakauden, ja luistamattomat askelmat ja ergonomiset kahvat auttavat lapsia kiipe\u00e4m\u00e4\u00e4n ja liukumaan [&hellip;]<\/p>\n","protected":false},"featured_media":0,"comment_status":"open","ping_status":"closed","template":"","meta":[],"product_brand":[],"product_cat":[32],"product_tag":[],"class_list":{"0":"post-37037","1":"product","2":"type-product","3":"status-publish","5":"product_cat-uncategorized-fi","7":"first","8":"instock","9":"shipping-taxable","10":"purchasable","11":"product-type-simple"},"_links":{"self":[{"href":"https:\/\/nordicmart.andreevmaster.com\/fi\/wp-json\/wp\/v2\/product\/37037","targetHints":{"allow":["GET"]}}],"collection":[{"href":"https:\/\/nordicmart.andreevmaster.com\/fi\/wp-json\/wp\/v2\/product"}],"about":[{"href":"https:\/\/nordicmart.andreevmaster.com\/fi\/wp-json\/wp\/v2\/types\/product"}],"replies":[{"embeddable":true,"href":"https:\/\/nordicmart.andreevmaster.com\/fi\/wp-json\/wp\/v2\/comments?post=37037"}],"wp:attachment":[{"href":"https:\/\/nordicmart.andreevmaster.com\/fi\/wp-json\/wp\/v2\/media?parent=37037"}],"wp:term":[{"taxonomy":"product_brand","embeddable":true,"href":"https:\/\/nordicmart.andreevmaster.com\/fi\/wp-json\/wp\/v2\/product_brand?post=37037"},{"taxonomy":"product_cat","embeddable":true,"href":"https:\/\/nordicmart.andreevmaster.com\/fi\/wp-json\/wp\/v2\/product_cat?post=37037"},{"taxonomy":"product_tag","embeddable":true,"href":"https:\/\/nordicmart.andreevmaster.com\/fi\/wp-json\/wp\/v2\/product_tag?post=37037"}],"curies":[{"name":"wp","href":"https:\/\/api.w.org\/{rel}","templated":true}]}}