{"id":37036,"date":"2026-02-27T00:37:08","date_gmt":"2026-02-27T00:37:08","guid":{"rendered":"https:\/\/nordicmart.andreevmaster.com\/product\/rolly-toys-rollyjunior-john-deere-polkutraktori\/"},"modified":"2026-02-27T09:54:17","modified_gmt":"2026-02-27T09:54:17","slug":"rolly-toys-rollyjunior-john-deere-polkutraktori","status":"publish","type":"product","link":"https:\/\/nordicmart.andreevmaster.com\/fi\/tuote\/rolly-toys-rollyjunior-john-deere-polkutraktori\/","title":{"rendered":"Rolly Toys rollyJunior John Deere -polkutraktori"},"content":{"rendered":"<p>John Deeren lisenssill\u00e4 valmistettu rollyJunior-traktori, jossa on Rolly Toysin kauha ja per\u00e4vaunu, on yksi markkinoiden parhaista lapsille tarkoitetuista traktoreista. T\u00e4m\u00e4 lelu on monen pienen traktorinkuljettajan unelmien t\u00e4yttymys. Se on valmistettu huolellisesti ja pienimpi\u00e4kin yksityiskohtia on huomioitu. Kukaan oikea maanviljelij\u00e4 ei k\u00e4\u00e4nt\u00e4isi sille selk\u00e4\u00e4ns\u00e4. T\u00e4ydellinen lahja mihin tahansa tilaisuuteen. T\u00e4m\u00e4 vihre\u00e4 polkutraktori on ihanteellinen lelu 3-vuotiaille ja sit\u00e4 vanhemmille lapsille. Lelu palvelee lapsianne monien vuosien ajan, tarjoamalla heille paitsi hauskaa puuhaa my\u00f6s kehitt\u00e4en heid\u00e4n motorisia taitojaan ja koordinaatiotaan. Traktorin rakenne takaa t\u00e4ydellisen turvallisuuden leikin aikana sen sis\u00e4\u00e4nrakennetun mekaanisen j\u00e4rjestelm\u00e4n ansiosta, joka suojaa lapsia vahingoilta. Lis\u00e4ksi traktorin konepelti voidaan nostaa, jotta lapsesi voi leikki\u00e4 korjaavansa ajoneuvoaan. Lis\u00e4ominaisuudet, kuten liikkuva kauha ja irrotettava per\u00e4vaunu, tuovat vaihtelua leikkiin ja antavat lapsellesi mahdollisuuden kuljettaa erilaisia esineit\u00e4 ja leikki\u00e4 maatilan t\u00f6it\u00e4. Avattava etukonepelti lis\u00e4\u00e4 realismia ja antaa lapsellesi mahdollisuuden leikki\u00e4 entist\u00e4 interaktiivisemmin. Py\u00f6r\u00e4nkapselit ja tukeva ketjuvaihteisto takaavat lelun kest\u00e4vyyden ja luotettavuuden.OMINAISUUDET: &#8211; Valmistettu lisenssill\u00e4 John Deerelt\u00e4, joka on yksi Euroopan suurimmista maatalouskoneiden valmistajista &#8211; Liikkuva kauha &#8211; antaa lasten leikki\u00e4 rakennusty\u00f6maalla tai maatilalla, mik\u00e4 kehitt\u00e4\u00e4 heid\u00e4n mielikuvitustaan ja k\u00e4dentaitojaan &#8211; Per\u00e4vaunun takaosa voidaan avata &#8211; Avaava konepelti &#8211; tekee traktorilla leikkimisest\u00e4 hauskempaa &#8211; S\u00e4\u00e4dett\u00e4v\u00e4 istuin, voidaan s\u00e4\u00e4t\u00e4\u00e4 lapsen i\u00e4n mukaan &#8211; Valmistettu korkealaatuisesta muovista, helppo pit\u00e4\u00e4 puhtaana &#8211; Koko mekaaninen j\u00e4rjestelm\u00e4 on turvallisesti suljettu, mik\u00e4 suojaa lasta vahingossa tapahtuvilta loukkaantumisilta &#8211; Takana on vetokoukku &#8211; mahdollistaa lis\u00e4varusteiden tai per\u00e4vaunujen kiinnitt\u00e4misen, mik\u00e4 lis\u00e4\u00e4 traktorin toiminnallisuutta. &#8211; Varustettu ketjuvaihteistolla &#8211; Ohjattava etuakseli.<\/p>\n","protected":false},"excerpt":{"rendered":"<p>John Deeren lisenssill\u00e4 valmistettu rollyJunior-traktori, jossa on Rolly Toysin kauha ja per\u00e4vaunu, on yksi markkinoiden parhaista lapsille tarkoitetuista traktoreista. T\u00e4m\u00e4 lelu on monen pienen traktorinkuljettajan unelmien t\u00e4yttymys. Se on valmistettu huolellisesti ja pienimpi\u00e4kin yksityiskohtia on huomioitu. Kukaan oikea maanviljelij\u00e4 ei k\u00e4\u00e4nt\u00e4isi sille selk\u00e4\u00e4ns\u00e4. T\u00e4ydellinen lahja mihin tahansa tilaisuuteen. T\u00e4m\u00e4 vihre\u00e4 polkutraktori on ihanteellinen lelu 3-vuotiaille [&hellip;]<\/p>\n","protected":false},"featured_media":0,"comment_status":"open","ping_status":"closed","template":"","meta":[],"product_brand":[],"product_cat":[32],"product_tag":[],"class_list":{"0":"post-37036","1":"product","2":"type-product","3":"status-publish","5":"product_cat-uncategorized-fi","7":"first","8":"instock","9":"shipping-taxable","10":"purchasable","11":"product-type-simple"},"_links":{"self":[{"href":"https:\/\/nordicmart.andreevmaster.com\/fi\/wp-json\/wp\/v2\/product\/37036","targetHints":{"allow":["GET"]}}],"collection":[{"href":"https:\/\/nordicmart.andreevmaster.com\/fi\/wp-json\/wp\/v2\/product"}],"about":[{"href":"https:\/\/nordicmart.andreevmaster.com\/fi\/wp-json\/wp\/v2\/types\/product"}],"replies":[{"embeddable":true,"href":"https:\/\/nordicmart.andreevmaster.com\/fi\/wp-json\/wp\/v2\/comments?post=37036"}],"wp:attachment":[{"href":"https:\/\/nordicmart.andreevmaster.com\/fi\/wp-json\/wp\/v2\/media?parent=37036"}],"wp:term":[{"taxonomy":"product_brand","embeddable":true,"href":"https:\/\/nordicmart.andreevmaster.com\/fi\/wp-json\/wp\/v2\/product_brand?post=37036"},{"taxonomy":"product_cat","embeddable":true,"href":"https:\/\/nordicmart.andreevmaster.com\/fi\/wp-json\/wp\/v2\/product_cat?post=37036"},{"taxonomy":"product_tag","embeddable":true,"href":"https:\/\/nordicmart.andreevmaster.com\/fi\/wp-json\/wp\/v2\/product_tag?post=37036"}],"curies":[{"name":"wp","href":"https:\/\/api.w.org\/{rel}","templated":true}]}}