{"id":37035,"date":"2026-02-27T00:37:07","date_gmt":"2026-02-27T00:37:07","guid":{"rendered":"https:\/\/nordicmart.andreevmaster.com\/product\/smoby-lelutalon-lattia-6-kappaletta\/"},"modified":"2026-02-27T09:54:17","modified_gmt":"2026-02-27T09:54:17","slug":"smoby-lelutalon-lattia-6-kappaletta","status":"publish","type":"product","link":"https:\/\/nordicmart.andreevmaster.com\/fi\/tuote\/smoby-lelutalon-lattia-6-kappaletta\/","title":{"rendered":"SMOBY Lelutalon lattia, 6 kappaletta"},"content":{"rendered":"<p>Laatat &#8211; lattiapaneelit puutarhataloihin tunnetulta ranskalaiselta lasten lelujen valmistajalta Smobylt\u00e4. Lattiapaneelit puutarhataloihin. Paneelit sopivat kaikkiin taloihin. Sarja koostuu 6 laatasta, joiden koko on 45 x 45 cm. Ominaisuudet: * &#8211; valmistaja: Smoby, * &#8211; taitettava lattia, * &#8211; 6 paneelia, * &#8211; yhteensopiva kaikkien Smoby-leikkim\u00f6kkien kanssa, * &#8211; laattojen mitat: 45 x 45 cm, * &#8211; korkealaatuinen valmistus.<\/p>\n<p>Smoby on ranskalainen yritys, jonka historia ulottuu vuoteen 1924. Nyky\u00e4\u00e4n se on saksalaisen lelujen valmistajan Simba-Dickie Groupin omistuksessa, joka suunnittelee, valmistaa ja jakelee laajaa valikoimaa leluja. Nyky\u00e4\u00e4n Smoby-tuotteet, joista suurin osa valmistetaan Euroopassa, ovat eritt\u00e4in suosittuja ja tunnettuja korkeasta laadustaan, turvallisuudestaan ja kest\u00e4vyydest\u00e4\u00e4n. Koska ne takaavat 100-prosenttisen ilon ja hauskanpidon pienimmille, ne ovat jo l\u00f6yt\u00e4neet tiens\u00e4 l\u00e4hes joka puolelle maailmaa.<\/p>\n","protected":false},"excerpt":{"rendered":"<p>Laatat &#8211; lattiapaneelit puutarhataloihin tunnetulta ranskalaiselta lasten lelujen valmistajalta Smobylt\u00e4. Lattiapaneelit puutarhataloihin. Paneelit sopivat kaikkiin taloihin. Sarja koostuu 6 laatasta, joiden koko on 45 x 45 cm. Ominaisuudet: * &#8211; valmistaja: Smoby, * &#8211; taitettava lattia, * &#8211; 6 paneelia, * &#8211; yhteensopiva kaikkien Smoby-leikkim\u00f6kkien kanssa, * &#8211; laattojen mitat: 45 x 45 cm, * [&hellip;]<\/p>\n","protected":false},"featured_media":0,"comment_status":"open","ping_status":"closed","template":"","meta":[],"product_brand":[],"product_cat":[32],"product_tag":[],"class_list":{"0":"post-37035","1":"product","2":"type-product","3":"status-publish","5":"product_cat-uncategorized-fi","7":"first","8":"instock","9":"shipping-taxable","10":"purchasable","11":"product-type-simple"},"_links":{"self":[{"href":"https:\/\/nordicmart.andreevmaster.com\/fi\/wp-json\/wp\/v2\/product\/37035","targetHints":{"allow":["GET"]}}],"collection":[{"href":"https:\/\/nordicmart.andreevmaster.com\/fi\/wp-json\/wp\/v2\/product"}],"about":[{"href":"https:\/\/nordicmart.andreevmaster.com\/fi\/wp-json\/wp\/v2\/types\/product"}],"replies":[{"embeddable":true,"href":"https:\/\/nordicmart.andreevmaster.com\/fi\/wp-json\/wp\/v2\/comments?post=37035"}],"wp:attachment":[{"href":"https:\/\/nordicmart.andreevmaster.com\/fi\/wp-json\/wp\/v2\/media?parent=37035"}],"wp:term":[{"taxonomy":"product_brand","embeddable":true,"href":"https:\/\/nordicmart.andreevmaster.com\/fi\/wp-json\/wp\/v2\/product_brand?post=37035"},{"taxonomy":"product_cat","embeddable":true,"href":"https:\/\/nordicmart.andreevmaster.com\/fi\/wp-json\/wp\/v2\/product_cat?post=37035"},{"taxonomy":"product_tag","embeddable":true,"href":"https:\/\/nordicmart.andreevmaster.com\/fi\/wp-json\/wp\/v2\/product_tag?post=37035"}],"curies":[{"name":"wp","href":"https:\/\/api.w.org\/{rel}","templated":true}]}}