{"id":37034,"date":"2026-02-27T00:37:07","date_gmt":"2026-02-27T00:37:07","guid":{"rendered":"https:\/\/nordicmart.andreevmaster.com\/product\/smoby-life-garden-playhouse-with-sandpit-2\/"},"modified":"2026-02-27T09:54:16","modified_gmt":"2026-02-27T09:54:16","slug":"smoby-life-garden-playhouse-with-sandpit-2","status":"publish","type":"product","link":"https:\/\/nordicmart.andreevmaster.com\/fi\/tuote\/smoby-life-garden-playhouse-with-sandpit-2\/","title":{"rendered":"Smoby Life Garden Playhouse with Sandpit"},"content":{"rendered":"<p>Smoby Life Garden -leikkim\u00f6kki hiekkalaatikolla on upea paikka tutkia, kokeilla ja leikki\u00e4 yhdess\u00e4. Yhdist\u00e4m\u00e4ll\u00e4 leikkim\u00f6kin hiekkalaatikkoon tai minipuutarhaan pienet voivat kehitt\u00e4\u00e4 mielikuvitustaan ja nauttia ulkoilusta. Se on t\u00e4ydellinen paikka leikki\u00e4 kotia, ravintolaa tai kauppaa sek\u00e4 rakentaa hiekkalinnoja tai istuttaa kukkia. Tilava leikkim\u00f6kki on suunniteltu monenlaisiin aktiviteetteihin, teemapeleist\u00e4 ensimm\u00e4isiin puutarhanhoitokokemuksiin.### Ominaisuudet:<\/p>\n<p>* &#8211; Ik\u00e4: 2 vuotta<br \/>\n* &#8211; Tukeva rakenne kest\u00e4v\u00e4\u00e4 muovia<br \/>\n* &#8211; ANTI-UV-pinnoite suojaa v\u00e4rej\u00e4 haalistumiselta<br \/>\n* &#8211; 2-in-1-laatikko: hiekkalaatikko tai puutarha kasvien istuttamiseen<br \/>\n* &#8211; Laatikon kapasiteetti: 100 kg hiekkaa tai 70 kg multaa<br \/>\n* &#8211; Mukana maata suojaava pressu<br \/>\n* &#8211; Smoby Life eco -sarja \u2013 60 % kierr\u00e4tysmateriaaleja<br \/>\n* &#8211; Tyylikk\u00e4\u00e4t, hillityt v\u00e4rit, jotka ovat saaneet inspiraationsa luonnosta<\/p>\n<p>### Lelu kehitt\u00e4\u00e4:<\/p>\n<p>* &#8211; Luovuutta roolileikkien kautta<br \/>\n* &#8211; Sosiaalisia taitoja leikkim\u00e4ll\u00e4 ik\u00e4tovereiden kanssa<br \/>\n* &#8211; K\u00e4rsiv\u00e4llisyytt\u00e4 ja kasvien hoitamista puutarhanhoidossa<br \/>\n* &#8211; Hieno- ja karkeamotorisia taitoja hiekkalaatikolla leikkiess\u00e4<\/p>\n","protected":false},"excerpt":{"rendered":"<p>Smoby Life Garden -leikkim\u00f6kki hiekkalaatikolla on upea paikka tutkia, kokeilla ja leikki\u00e4 yhdess\u00e4. Yhdist\u00e4m\u00e4ll\u00e4 leikkim\u00f6kin hiekkalaatikkoon tai minipuutarhaan pienet voivat kehitt\u00e4\u00e4 mielikuvitustaan ja nauttia ulkoilusta. Se on t\u00e4ydellinen paikka leikki\u00e4 kotia, ravintolaa tai kauppaa sek\u00e4 rakentaa hiekkalinnoja tai istuttaa kukkia. Tilava leikkim\u00f6kki on suunniteltu monenlaisiin aktiviteetteihin, teemapeleist\u00e4 ensimm\u00e4isiin puutarhanhoitokokemuksiin.### Ominaisuudet: * &#8211; Ik\u00e4: 2 vuotta [&hellip;]<\/p>\n","protected":false},"featured_media":0,"comment_status":"open","ping_status":"closed","template":"","meta":[],"product_brand":[],"product_cat":[32],"product_tag":[],"class_list":{"0":"post-37034","1":"product","2":"type-product","3":"status-publish","5":"product_cat-uncategorized-fi","7":"first","8":"instock","9":"shipping-taxable","10":"purchasable","11":"product-type-simple"},"_links":{"self":[{"href":"https:\/\/nordicmart.andreevmaster.com\/fi\/wp-json\/wp\/v2\/product\/37034","targetHints":{"allow":["GET"]}}],"collection":[{"href":"https:\/\/nordicmart.andreevmaster.com\/fi\/wp-json\/wp\/v2\/product"}],"about":[{"href":"https:\/\/nordicmart.andreevmaster.com\/fi\/wp-json\/wp\/v2\/types\/product"}],"replies":[{"embeddable":true,"href":"https:\/\/nordicmart.andreevmaster.com\/fi\/wp-json\/wp\/v2\/comments?post=37034"}],"wp:attachment":[{"href":"https:\/\/nordicmart.andreevmaster.com\/fi\/wp-json\/wp\/v2\/media?parent=37034"}],"wp:term":[{"taxonomy":"product_brand","embeddable":true,"href":"https:\/\/nordicmart.andreevmaster.com\/fi\/wp-json\/wp\/v2\/product_brand?post=37034"},{"taxonomy":"product_cat","embeddable":true,"href":"https:\/\/nordicmart.andreevmaster.com\/fi\/wp-json\/wp\/v2\/product_cat?post=37034"},{"taxonomy":"product_tag","embeddable":true,"href":"https:\/\/nordicmart.andreevmaster.com\/fi\/wp-json\/wp\/v2\/product_tag?post=37034"}],"curies":[{"name":"wp","href":"https:\/\/api.w.org\/{rel}","templated":true}]}}