{"id":37033,"date":"2026-02-27T00:37:07","date_gmt":"2026-02-27T00:37:07","guid":{"rendered":"https:\/\/nordicmart.andreevmaster.com\/product\/smoby-four-seasons-garden-house-2\/"},"modified":"2026-02-27T09:54:16","modified_gmt":"2026-02-27T09:54:16","slug":"smoby-four-seasons-garden-house-2","status":"publish","type":"product","link":"https:\/\/nordicmart.andreevmaster.com\/fi\/tuote\/smoby-four-seasons-garden-house-2\/","title":{"rendered":"SMOBY Four Seasons Garden House"},"content":{"rendered":"<p>Smobyn 4 Seasons Garden House on 2-vuotiaille ja sit\u00e4 vanhemmille lapsille tarkoitettu lelu, joka kannustaa ulkoiluun. Talossa on v\u00e4rik\u00e4s muotoilu ja monia mielenkiintoisia ominaisuuksia, kuten ikkunaluukut, ovikello ja tuulikellot. Talossa on my\u00f6s s\u00e4\u00e4opiskelutarvikkeita, kuten sademittari, tuuliviiri ja s\u00e4\u00e4paneeli. Lapset voivat tarkkailla l\u00e4mp\u00f6tilan, sadem\u00e4\u00e4r\u00e4n ja auringonpaisteen muutoksia ja kirjata havainnot paneeliin. Talo on valmistettu korkealaatuisesta muovista, joka kest\u00e4\u00e4 haalistumista ja s\u00e4\u00e4olosuhteita. Leikkitalo voidaan yhdist\u00e4\u00e4 my\u00f6s muihin Smoby-lis\u00e4varusteisiin, kuten hiekkalaatikkoon, kes\u00e4keitti\u00f6\u00f6n, lattiaan, sprinkleriin tai puutarhapurkkiin (myyd\u00e4\u00e4n erikseen). 4 Seasons Garden Playhouse on t\u00e4ydellinen lelu pienille tutkimusmatkailijoille, jotka rakastavat leikki\u00e4 ulkona.Ominaisuudet:<\/p>\n<p>* &#8211; lelu 2-vuotiaille ja sit\u00e4 vanhemmille lapsille,<br \/>\n* &#8211; v\u00e4rik\u00e4s ja houkutteleva muotoilu,<br \/>\n* &#8211; ikkunat, joissa on kaihtimet, ovi, jossa on kello ja tuulikellot,<br \/>\n* &#8211; s\u00e4\u00e4opiskelutarvikkeet: sademittari, tuuliviiri, s\u00e4\u00e4paneeli,<br \/>\n* &#8211; muovi, jossa on UV-suojapinnoite, kest\u00e4\u00e4 haalistumista ja s\u00e4\u00e4olosuhteita,<br \/>\n* &#8211; voidaan yhdist\u00e4\u00e4 muihin Smoby-lis\u00e4varusteisiin (myyd\u00e4\u00e4n erikseen),<br \/>\n* &#8211; valmistettu Ranskassa.<\/p>\n","protected":false},"excerpt":{"rendered":"<p>Smobyn 4 Seasons Garden House on 2-vuotiaille ja sit\u00e4 vanhemmille lapsille tarkoitettu lelu, joka kannustaa ulkoiluun. Talossa on v\u00e4rik\u00e4s muotoilu ja monia mielenkiintoisia ominaisuuksia, kuten ikkunaluukut, ovikello ja tuulikellot. Talossa on my\u00f6s s\u00e4\u00e4opiskelutarvikkeita, kuten sademittari, tuuliviiri ja s\u00e4\u00e4paneeli. Lapset voivat tarkkailla l\u00e4mp\u00f6tilan, sadem\u00e4\u00e4r\u00e4n ja auringonpaisteen muutoksia ja kirjata havainnot paneeliin. Talo on valmistettu korkealaatuisesta muovista, [&hellip;]<\/p>\n","protected":false},"featured_media":0,"comment_status":"open","ping_status":"closed","template":"","meta":[],"product_brand":[],"product_cat":[32],"product_tag":[],"class_list":{"0":"post-37033","1":"product","2":"type-product","3":"status-publish","5":"product_cat-uncategorized-fi","7":"first","8":"instock","9":"shipping-taxable","10":"purchasable","11":"product-type-simple"},"_links":{"self":[{"href":"https:\/\/nordicmart.andreevmaster.com\/fi\/wp-json\/wp\/v2\/product\/37033","targetHints":{"allow":["GET"]}}],"collection":[{"href":"https:\/\/nordicmart.andreevmaster.com\/fi\/wp-json\/wp\/v2\/product"}],"about":[{"href":"https:\/\/nordicmart.andreevmaster.com\/fi\/wp-json\/wp\/v2\/types\/product"}],"replies":[{"embeddable":true,"href":"https:\/\/nordicmart.andreevmaster.com\/fi\/wp-json\/wp\/v2\/comments?post=37033"}],"wp:attachment":[{"href":"https:\/\/nordicmart.andreevmaster.com\/fi\/wp-json\/wp\/v2\/media?parent=37033"}],"wp:term":[{"taxonomy":"product_brand","embeddable":true,"href":"https:\/\/nordicmart.andreevmaster.com\/fi\/wp-json\/wp\/v2\/product_brand?post=37033"},{"taxonomy":"product_cat","embeddable":true,"href":"https:\/\/nordicmart.andreevmaster.com\/fi\/wp-json\/wp\/v2\/product_cat?post=37033"},{"taxonomy":"product_tag","embeddable":true,"href":"https:\/\/nordicmart.andreevmaster.com\/fi\/wp-json\/wp\/v2\/product_tag?post=37033"}],"curies":[{"name":"wp","href":"https:\/\/api.w.org\/{rel}","templated":true}]}}