{"id":37032,"date":"2026-02-27T00:37:06","date_gmt":"2026-02-27T00:37:06","guid":{"rendered":"https:\/\/nordicmart.andreevmaster.com\/product\/smoby-chefs-house-2\/"},"modified":"2026-02-27T09:54:16","modified_gmt":"2026-02-27T09:54:16","slug":"smoby-chefs-house-2","status":"publish","type":"product","link":"https:\/\/nordicmart.andreevmaster.com\/fi\/tuote\/smoby-chefs-house-2\/","title":{"rendered":"Smoby Chef&#8217;s House"},"content":{"rendered":"<p>Smoby Chef&#8217;s House on ainutlaatuinen lelu, joka yhdist\u00e4\u00e4 klassisen puutarhaleikkim\u00f6kin toiminnot ja t\u00e4ysin varustellun ravintolakeitti\u00f6n. Se on t\u00e4ydellinen nuorille ruoanlaittoharrastajille, jotka haluavat kehitt\u00e4\u00e4 kulinaarisia taitojaan puutarhassa luomalla oman ulkoravintolan. Se on ihanteellinen leikkimiseen yksin tai yst\u00e4vien kanssa ja kannustaa luovuuteen ja yhteisty\u00f6h\u00f6n. Ominaisuudet: * &#8211; Ik\u00e4: 2 vuotta * &#8211; Toimiva keitti\u00f6: Talossa on j\u00e4\u00e4kaappi, uuni, kaasuliesi, pesuallas hanalla ja kassakone kortinlukijalla. Se on todellinen ravintolaleikkisetti!<br \/>\n* &#8211; Keitti\u00f6tarvikkeet: Juomasetti, ruokailuv\u00e4lineet, makeat ja suolaiset ruoat, keitti\u00f6v\u00e4lineet, pannukakkupannu, pippuris\u00e4ili\u00f6, suolasirotin, ketsuppi ja sinappi \u2013 kaikki mit\u00e4 tarvitset herkullisten aterioiden valmistamiseen.* &#8211; Alkuper\u00e4inen muotoilu: Seinien ja kattotiilien puuefektinen kohokuviointi antaa talolle ainutlaatuisen luonteen. * &#8211; Menutaulut: Kahdelle taululle voi kirjoittaa menun tai ravintolan nimen, mik\u00e4 mahdollistaa hauskanpidon t\u00e4ydellisen personoinnin. * &#8211; Turvallinen ja kest\u00e4v\u00e4 materiaali: Talon materiaali on 64-prosenttisesti kierr\u00e4tetty\u00e4 muovia, ja siin\u00e4 on UV-suojapinnoite, joka est\u00e4\u00e4 v\u00e4rien haalistumisen.<\/p>\n<p>Lelu kehitt\u00e4\u00e4:<\/p>\n<p>* &#8211; Luovuutta ja mielikuvitusta: Lapset luovat oman kulinaarisen tarinansa, kehitt\u00e4v\u00e4t mielikuvitustaan ja oppivat luomaan ruokalistoja, tarjoilemaan ruokia ja johtamaan ravintolaansa.<br \/>\n* &#8211; Sosiaalisia taitoja: Tiimiss\u00e4 leikkiminen kehitt\u00e4\u00e4 viestint\u00e4- ja yhteisty\u00f6taitoja ja antaa lapsille mahdollisuuden harjoitella sosiaalisia rooleja ja tilanteita.* &#8211; K\u00e4sien ja silmien koordinaatiota: Ruoanlaitto, ruoan valmistus, tarvikkeiden j\u00e4rjestely ja keitti\u00f6v\u00e4lineiden k\u00e4ytt\u00f6 kehitt\u00e4v\u00e4t lasten motorisia taitoja. * &#8211; Tilan hallintaa: Lapset oppivat j\u00e4rjest\u00e4m\u00e4\u00e4n keitti\u00f6n tilan, pit\u00e4m\u00e4\u00e4n asiat siistin\u00e4 ja s\u00e4ilytt\u00e4m\u00e4\u00e4n tarvikkeet asianmukaisesti. Chef&#8217;s House on erinomainen lelu, joka vie lapset ruoanlaitto- ja ravintolamaailmaan. Rikkaan varustuksensa ja toiminnallisuutensa ansiosta se tarjoaa tunteja luovaa hauskaa ja kehitt\u00e4\u00e4 k\u00e4den taitoja, sosiaalisia taitoja ja organisointitaitoja.<\/p>\n","protected":false},"excerpt":{"rendered":"<p>Smoby Chef&#8217;s House on ainutlaatuinen lelu, joka yhdist\u00e4\u00e4 klassisen puutarhaleikkim\u00f6kin toiminnot ja t\u00e4ysin varustellun ravintolakeitti\u00f6n. Se on t\u00e4ydellinen nuorille ruoanlaittoharrastajille, jotka haluavat kehitt\u00e4\u00e4 kulinaarisia taitojaan puutarhassa luomalla oman ulkoravintolan. Se on ihanteellinen leikkimiseen yksin tai yst\u00e4vien kanssa ja kannustaa luovuuteen ja yhteisty\u00f6h\u00f6n. Ominaisuudet: * &#8211; Ik\u00e4: 2 vuotta * &#8211; Toimiva keitti\u00f6: Talossa on j\u00e4\u00e4kaappi, [&hellip;]<\/p>\n","protected":false},"featured_media":0,"comment_status":"open","ping_status":"closed","template":"","meta":[],"product_brand":[],"product_cat":[32],"product_tag":[],"class_list":{"0":"post-37032","1":"product","2":"type-product","3":"status-publish","5":"product_cat-uncategorized-fi","7":"first","8":"instock","9":"shipping-taxable","10":"purchasable","11":"product-type-simple"},"_links":{"self":[{"href":"https:\/\/nordicmart.andreevmaster.com\/fi\/wp-json\/wp\/v2\/product\/37032","targetHints":{"allow":["GET"]}}],"collection":[{"href":"https:\/\/nordicmart.andreevmaster.com\/fi\/wp-json\/wp\/v2\/product"}],"about":[{"href":"https:\/\/nordicmart.andreevmaster.com\/fi\/wp-json\/wp\/v2\/types\/product"}],"replies":[{"embeddable":true,"href":"https:\/\/nordicmart.andreevmaster.com\/fi\/wp-json\/wp\/v2\/comments?post=37032"}],"wp:attachment":[{"href":"https:\/\/nordicmart.andreevmaster.com\/fi\/wp-json\/wp\/v2\/media?parent=37032"}],"wp:term":[{"taxonomy":"product_brand","embeddable":true,"href":"https:\/\/nordicmart.andreevmaster.com\/fi\/wp-json\/wp\/v2\/product_brand?post=37032"},{"taxonomy":"product_cat","embeddable":true,"href":"https:\/\/nordicmart.andreevmaster.com\/fi\/wp-json\/wp\/v2\/product_cat?post=37032"},{"taxonomy":"product_tag","embeddable":true,"href":"https:\/\/nordicmart.andreevmaster.com\/fi\/wp-json\/wp\/v2\/product_tag?post=37032"}],"curies":[{"name":"wp","href":"https:\/\/api.w.org\/{rel}","templated":true}]}}