{"id":37031,"date":"2026-02-27T00:37:06","date_gmt":"2026-02-27T00:37:06","guid":{"rendered":"https:\/\/nordicmart.andreevmaster.com\/product\/smoby-life-evo-garden-playhouse-2\/"},"modified":"2026-02-27T09:54:16","modified_gmt":"2026-02-27T09:54:16","slug":"smoby-life-evo-garden-playhouse-2","status":"publish","type":"product","link":"https:\/\/nordicmart.andreevmaster.com\/fi\/tuote\/smoby-life-evo-garden-playhouse-2\/","title":{"rendered":"Smoby Life Evo Garden Playhouse"},"content":{"rendered":"<p>Smoby Life Evo -puutarhaleikkim\u00f6kki on t\u00e4ydellinen ulkoleikkipaikka 3-vuotiaille ja sit\u00e4 vanhemmille lapsille. Siell\u00e4 pienet voivat leikki\u00e4 erilaisia rooleja ja kutsua yst\u00e4v\u00e4ns\u00e4 mukaan hauskanpitoon. Sen tilavuus, korkealaatuiset materiaalit ja toimivuus tekev\u00e4t siit\u00e4 t\u00e4ydellisen valinnan puutarhaan, jossa lapset voivat kehitt\u00e4\u00e4 mielikuvitustaan ja viett\u00e4\u00e4 aikaa ulkona.Ominaisuudet:<\/p>\n<p>* &#8211; Sopii 3-vuotiaille ja sit\u00e4 vanhemmille lapsille, tarjoaa heille tarpeeksi tilaa leikki\u00e4.<br \/>\n* &#8211; Laadukas materiaali: Leikkim\u00f6kki on valmistettu kest\u00e4v\u00e4st\u00e4 muovista, joka j\u00e4ljittelee puuta ja kive\u00e4, on s\u00e4\u00e4nkest\u00e4v\u00e4 ja kierr\u00e4tetty (61 % materiaalista).* &#8211; ANTI-UV-pinnoite: Suojaa auringonvalolta haalistumista vastaan ja varmistaa pitk\u00e4kestoisen esteettisyyden ja v\u00e4rien intensiteetin. * &#8211; Tilavuus: Korkeus yli 1,5 metri\u00e4. * &#8211; Lis\u00e4varusteet: Leikkim\u00f6kiss\u00e4 on ovi, jossa on ovisilm\u00e4, ikkunat, joissa on avattavat ikkunaluukut, ja postilaatikko, joiden ansiosta lapset voivat leikki\u00e4 realistisemmin.* &#8211; Tasapainoiset v\u00e4rit: Hillityt v\u00e4rit luonnollisissa s\u00e4vyiss\u00e4 mahdollistavat leikkim\u00f6kin sulautumisen mihin tahansa puutarhaan hallitsematta tilaa. Lelu kehitt\u00e4\u00e4: * &#8211; Mielikuvitusta ja luovuutta: Leikkim\u00f6kiss\u00e4 leikkiminen kehitt\u00e4\u00e4 mielikuvitusta; lapset voivat j\u00e4rjest\u00e4\u00e4 erilaisia rooleja, kutsua vieraita tai k\u00e4yd\u00e4 kuvitteellisia keskusteluja.* &#8211; Sosiaaliset taidot: Leikkim\u00f6kki kannustaa vuorovaikutukseen ik\u00e4tovereiden kanssa, mik\u00e4 kehitt\u00e4\u00e4 viestint\u00e4taitoja, yhteisty\u00f6kyky\u00e4 ja jakamista. * &#8211; K\u00e4sity\u00f6taidot: Avoimet ikkunaluukut, ovet, postilaatikko ja muut elementit auttavat kehitt\u00e4m\u00e4\u00e4n lasten k\u00e4sity\u00f6taitoja ja opettavat heit\u00e4 k\u00e4ytt\u00e4m\u00e4\u00e4n k\u00e4si\u00e4\u00e4n tarkasti. * &#8211; Esteettinen aisti: Hillityt v\u00e4rit ja luonnonmateriaalit muovaavat lasten esteettist\u00e4 aistia ja huolenpitoa ymp\u00e4rist\u00f6\u00e4\u00e4n kohtaan.* &#8211; Luova j\u00e4rjestely: Lis\u00e4varusteiden (myyd\u00e4\u00e4n erikseen), kuten hiekkalaatikon, lampun, sprinklerin tai piknikp\u00f6yd\u00e4n, ostaminen antaa lapsille mahdollisuuden luoda t\u00e4ydellinen, toimiva leikkitila.<\/p>\n","protected":false},"excerpt":{"rendered":"<p>Smoby Life Evo -puutarhaleikkim\u00f6kki on t\u00e4ydellinen ulkoleikkipaikka 3-vuotiaille ja sit\u00e4 vanhemmille lapsille. Siell\u00e4 pienet voivat leikki\u00e4 erilaisia rooleja ja kutsua yst\u00e4v\u00e4ns\u00e4 mukaan hauskanpitoon. Sen tilavuus, korkealaatuiset materiaalit ja toimivuus tekev\u00e4t siit\u00e4 t\u00e4ydellisen valinnan puutarhaan, jossa lapset voivat kehitt\u00e4\u00e4 mielikuvitustaan ja viett\u00e4\u00e4 aikaa ulkona.Ominaisuudet: * &#8211; Sopii 3-vuotiaille ja sit\u00e4 vanhemmille lapsille, tarjoaa heille tarpeeksi tilaa [&hellip;]<\/p>\n","protected":false},"featured_media":0,"comment_status":"open","ping_status":"closed","template":"","meta":[],"product_brand":[],"product_cat":[32],"product_tag":[],"class_list":{"0":"post-37031","1":"product","2":"type-product","3":"status-publish","5":"product_cat-uncategorized-fi","7":"first","8":"instock","9":"shipping-taxable","10":"purchasable","11":"product-type-simple"},"_links":{"self":[{"href":"https:\/\/nordicmart.andreevmaster.com\/fi\/wp-json\/wp\/v2\/product\/37031","targetHints":{"allow":["GET"]}}],"collection":[{"href":"https:\/\/nordicmart.andreevmaster.com\/fi\/wp-json\/wp\/v2\/product"}],"about":[{"href":"https:\/\/nordicmart.andreevmaster.com\/fi\/wp-json\/wp\/v2\/types\/product"}],"replies":[{"embeddable":true,"href":"https:\/\/nordicmart.andreevmaster.com\/fi\/wp-json\/wp\/v2\/comments?post=37031"}],"wp:attachment":[{"href":"https:\/\/nordicmart.andreevmaster.com\/fi\/wp-json\/wp\/v2\/media?parent=37031"}],"wp:term":[{"taxonomy":"product_brand","embeddable":true,"href":"https:\/\/nordicmart.andreevmaster.com\/fi\/wp-json\/wp\/v2\/product_brand?post=37031"},{"taxonomy":"product_cat","embeddable":true,"href":"https:\/\/nordicmart.andreevmaster.com\/fi\/wp-json\/wp\/v2\/product_cat?post=37031"},{"taxonomy":"product_tag","embeddable":true,"href":"https:\/\/nordicmart.andreevmaster.com\/fi\/wp-json\/wp\/v2\/product_tag?post=37031"}],"curies":[{"name":"wp","href":"https:\/\/api.w.org\/{rel}","templated":true}]}}