{"id":37030,"date":"2026-02-27T00:37:06","date_gmt":"2026-02-27T00:37:06","guid":{"rendered":"https:\/\/nordicmart.andreevmaster.com\/product\/falk-scooter-strada-scooter-red-quiet-tires-from-1-year-2\/"},"modified":"2026-02-27T09:54:16","modified_gmt":"2026-02-27T09:54:16","slug":"falk-scooter-strada-scooter-red-quiet-tires-from-1-year-2","status":"publish","type":"product","link":"https:\/\/nordicmart.andreevmaster.com\/fi\/tuote\/falk-scooter-strada-scooter-red-quiet-tires-from-1-year-2\/","title":{"rendered":"FALK Scooter Strada Scooter Red Quiet Tires from 1 Year"},"content":{"rendered":"<p>T\u00e4m\u00e4 ranskalaisen Falk-valmistajan ajettava lelu on t\u00e4ydellinen lahja 1-vuotiaille ja sit\u00e4 vanhemmille lapsille. Suurilla py\u00f6rill\u00e4 varustettu lelu tarjoaa lapselle kehityksen kannalta tarvittavan vakauden ja auttaa pienokaisia harjoittelemaan tasapainoa ja motorisia taitoja. Elastomeeripinnoite tekee py\u00f6rist\u00e4 naarmuuntumattomampia ja kest\u00e4v\u00e4mpi\u00e4. Ajettava lelu toimii kuin oikea skootteri pienell\u00e4 k\u00e4\u00e4ntyv\u00e4ll\u00e4 ohjauspy\u00f6r\u00e4ll\u00e4 ja \u00e4\u00e4nimerkill\u00e4, mik\u00e4 lis\u00e4\u00e4 lapsen ajonautintoa entisest\u00e4\u00e4n. Ominaisuudet: * &#8211; 1-vuotiaille lapsille, * &#8211; enimm\u00e4iskuorma 25 kg, * &#8211; skootterityyppinen ajettava lelu, * &#8211; hiljaiset renkaat,* &#8211; elastomeeripinnoite,<br \/>\n* &#8211; leve\u00e4t py\u00f6r\u00e4t turvallisuuden tunteen lis\u00e4\u00e4miseksi,<br \/>\n* &#8211; \u00e4\u00e4nitorvi ohjaustangossa.<\/p>\n","protected":false},"excerpt":{"rendered":"<p>T\u00e4m\u00e4 ranskalaisen Falk-valmistajan ajettava lelu on t\u00e4ydellinen lahja 1-vuotiaille ja sit\u00e4 vanhemmille lapsille. Suurilla py\u00f6rill\u00e4 varustettu lelu tarjoaa lapselle kehityksen kannalta tarvittavan vakauden ja auttaa pienokaisia harjoittelemaan tasapainoa ja motorisia taitoja. Elastomeeripinnoite tekee py\u00f6rist\u00e4 naarmuuntumattomampia ja kest\u00e4v\u00e4mpi\u00e4. Ajettava lelu toimii kuin oikea skootteri pienell\u00e4 k\u00e4\u00e4ntyv\u00e4ll\u00e4 ohjauspy\u00f6r\u00e4ll\u00e4 ja \u00e4\u00e4nimerkill\u00e4, mik\u00e4 lis\u00e4\u00e4 lapsen ajonautintoa entisest\u00e4\u00e4n. Ominaisuudet: * [&hellip;]<\/p>\n","protected":false},"featured_media":0,"comment_status":"open","ping_status":"closed","template":"","meta":[],"product_brand":[],"product_cat":[32],"product_tag":[],"class_list":{"0":"post-37030","1":"product","2":"type-product","3":"status-publish","5":"product_cat-uncategorized-fi","7":"first","8":"instock","9":"shipping-taxable","10":"purchasable","11":"product-type-simple"},"_links":{"self":[{"href":"https:\/\/nordicmart.andreevmaster.com\/fi\/wp-json\/wp\/v2\/product\/37030","targetHints":{"allow":["GET"]}}],"collection":[{"href":"https:\/\/nordicmart.andreevmaster.com\/fi\/wp-json\/wp\/v2\/product"}],"about":[{"href":"https:\/\/nordicmart.andreevmaster.com\/fi\/wp-json\/wp\/v2\/types\/product"}],"replies":[{"embeddable":true,"href":"https:\/\/nordicmart.andreevmaster.com\/fi\/wp-json\/wp\/v2\/comments?post=37030"}],"wp:attachment":[{"href":"https:\/\/nordicmart.andreevmaster.com\/fi\/wp-json\/wp\/v2\/media?parent=37030"}],"wp:term":[{"taxonomy":"product_brand","embeddable":true,"href":"https:\/\/nordicmart.andreevmaster.com\/fi\/wp-json\/wp\/v2\/product_brand?post=37030"},{"taxonomy":"product_cat","embeddable":true,"href":"https:\/\/nordicmart.andreevmaster.com\/fi\/wp-json\/wp\/v2\/product_cat?post=37030"},{"taxonomy":"product_tag","embeddable":true,"href":"https:\/\/nordicmart.andreevmaster.com\/fi\/wp-json\/wp\/v2\/product_tag?post=37030"}],"curies":[{"name":"wp","href":"https:\/\/api.w.org\/{rel}","templated":true}]}}