{"id":37029,"date":"2026-02-27T00:37:06","date_gmt":"2026-02-27T00:37:06","guid":{"rendered":"https:\/\/nordicmart.andreevmaster.com\/product\/step2-poyta-piknikpoyta-sateenvarjolla\/"},"modified":"2026-02-27T09:54:15","modified_gmt":"2026-02-27T09:54:15","slug":"step2-poyta-piknikpoyta-sateenvarjolla","status":"publish","type":"product","link":"https:\/\/nordicmart.andreevmaster.com\/fi\/tuote\/step2-poyta-piknikpoyta-sateenvarjolla\/","title":{"rendered":"STEP2 P\u00f6yt\u00e4 \u2013 Piknikp\u00f6yt\u00e4 sateenvarjolla"},"content":{"rendered":"<p>STEP2 Piknikp\u00f6yt\u00e4 \u2013 pieni\u00e4 tutkimusmatkailijoita varten<\/p>\n<p>L\u00f6yd\u00e4 huoleton hauskanpidon ja yhteisten aterioiden maailma ulkona t\u00e4m\u00e4n tunnetun amerikkalaisen STEP2-br\u00e4ndin tukevan piknikp\u00f6yd\u00e4n avulla! Kuudelle lapselle suunniteltu p\u00f6yt\u00e4 on varustettu kahdella ergonomisella penkill\u00e4, joiden muotoillut istuimet huolehtivat jopa aktiivisimpien pikku veijareiden selk\u00e4rangasta.<\/p>\n<p>Verraton kest\u00e4vyys ja turvallisuus<\/p>\n<p>* Kaksisein\u00e4inen rakenne: paksut (5\u20136 cm) ilmat\u00e4ytteiset sein\u00e4t takaavat keveyden ja samalla vertaansa vailla olevan iskun- ja vaurionkest\u00e4vyyden.<br \/>\n* Vakaa rakenne: vankka 100 \u00d7 50 cm:n p\u00f6yt\u00e4levy ja tukevat jalat takaavat turvallisen leikin ilman heilumista tai kaatumista.* Sertifioitu laatu: testattu akkreditoidussa laboratoriossa, t\u00e4ysin EN71 1-3 -standardin mukainen, mik\u00e4 tarkoittaa korkeinta turvallisuustasoa.<\/p>\n<p>Kaksisein\u00e4inen kone: paksut (5\u20136 cm) ilmat\u00e4ytteiset sein\u00e4t takaavat keveyden ja samalla vertaansa vailla olevan iskun- ja vaurionkest\u00e4vyyden.<\/p>\n<p>Vakaa rakenne: vankka 100 \u00d7 50 cm:n p\u00f6yt\u00e4levy ja tukevat jalat takaavat turvallisen leikin ilman heilumista tai kaatumista.<\/p>\n<p>Sertifioitu laatu: testattu akkreditoidussa laboratoriossa, t\u00e4ysin EN71 1-3 -standardin mukainen, mik\u00e4 tarkoittaa korkeinta turvallisuustasoa. <\/p>\n<p>Mukavuus ja helppok\u00e4ytt\u00f6isyys <\/p>\n<p>* Optimaalinen korkeus 50 cm \u2013 sopii eri pituisille esikoululaisille ja ala-asteen oppilaille.* Aurinkosuoja \u2013 mukana toimitettava UV-suojaava sateenvarjo mahdollistaa pitk\u00e4t leikkituhot ilman liiallisen auringonvalon riski\u00e4. * Helppo puhdistaa ja s\u00e4\u00e4nkest\u00e4v\u00e4 \u2013 t\u00e4m\u00e4 p\u00f6yt\u00e4 ei pet\u00e4 sinua koskaan, s\u00e4\u00e4ll\u00e4 kuin s\u00e4\u00e4ll\u00e4! Optimaalinen korkeus 50 cm \u2013 sovitettu esikoululaisten ja ala-asteen oppilaiden eri pituuksiin.<\/p>\n<p>Auringonsuojaus \u2013 mukana toimitettava UV-suojaava sateenvarjo mahdollistaa pitk\u00e4t leikkituhot ilman liiallisen auringonvalon riski\u00e4.<\/p>\n<p>Helppo puhdistaa ja s\u00e4\u00e4nkest\u00e4v\u00e4 \u2013 t\u00e4m\u00e4 p\u00f6yt\u00e4 ei pet\u00e4 sinua koskaan, s\u00e4\u00e4ll\u00e4 kuin s\u00e4\u00e4ll\u00e4!<\/p>\n<p>Tekniset tiedot:<\/p>\n<p>* Sarjan paino: 16 kg<br \/>\n* Mahtuu enint\u00e4\u00e4n 6 lasta (enimm\u00e4ispaino yhteens\u00e4 135 kg; enint\u00e4\u00e4n 22,5 kg per lapsi)<br \/>\n* P\u00f6yd\u00e4n mitat: 100 \u00d7 50 cm<br \/>\n* Korkeus maasta: 50 cm<\/p>\n<p>Sarjan paino: 16 kg<\/p>\n<p>Mahtuu enint\u00e4\u00e4n 6 lasta (enint\u00e4\u00e4n 135 kg; enint\u00e4\u00e4n 22,5 kg per lapsi)<\/p>\n<p>P\u00f6yd\u00e4n mitat: 100 \u00d7 50 cm<\/p>\n<p>Korkeus maasta: 50 cm<\/p>\n<p>[img-55961-left-thickbox_default]<\/p>\n","protected":false},"excerpt":{"rendered":"<p>STEP2 Piknikp\u00f6yt\u00e4 \u2013 pieni\u00e4 tutkimusmatkailijoita varten L\u00f6yd\u00e4 huoleton hauskanpidon ja yhteisten aterioiden maailma ulkona t\u00e4m\u00e4n tunnetun amerikkalaisen STEP2-br\u00e4ndin tukevan piknikp\u00f6yd\u00e4n avulla! Kuudelle lapselle suunniteltu p\u00f6yt\u00e4 on varustettu kahdella ergonomisella penkill\u00e4, joiden muotoillut istuimet huolehtivat jopa aktiivisimpien pikku veijareiden selk\u00e4rangasta. Verraton kest\u00e4vyys ja turvallisuus * Kaksisein\u00e4inen rakenne: paksut (5\u20136 cm) ilmat\u00e4ytteiset sein\u00e4t takaavat keveyden ja samalla [&hellip;]<\/p>\n","protected":false},"featured_media":0,"comment_status":"open","ping_status":"closed","template":"","meta":[],"product_brand":[],"product_cat":[32],"product_tag":[],"class_list":{"0":"post-37029","1":"product","2":"type-product","3":"status-publish","5":"product_cat-uncategorized-fi","7":"first","8":"instock","9":"shipping-taxable","10":"purchasable","11":"product-type-simple"},"_links":{"self":[{"href":"https:\/\/nordicmart.andreevmaster.com\/fi\/wp-json\/wp\/v2\/product\/37029","targetHints":{"allow":["GET"]}}],"collection":[{"href":"https:\/\/nordicmart.andreevmaster.com\/fi\/wp-json\/wp\/v2\/product"}],"about":[{"href":"https:\/\/nordicmart.andreevmaster.com\/fi\/wp-json\/wp\/v2\/types\/product"}],"replies":[{"embeddable":true,"href":"https:\/\/nordicmart.andreevmaster.com\/fi\/wp-json\/wp\/v2\/comments?post=37029"}],"wp:attachment":[{"href":"https:\/\/nordicmart.andreevmaster.com\/fi\/wp-json\/wp\/v2\/media?parent=37029"}],"wp:term":[{"taxonomy":"product_brand","embeddable":true,"href":"https:\/\/nordicmart.andreevmaster.com\/fi\/wp-json\/wp\/v2\/product_brand?post=37029"},{"taxonomy":"product_cat","embeddable":true,"href":"https:\/\/nordicmart.andreevmaster.com\/fi\/wp-json\/wp\/v2\/product_cat?post=37029"},{"taxonomy":"product_tag","embeddable":true,"href":"https:\/\/nordicmart.andreevmaster.com\/fi\/wp-json\/wp\/v2\/product_tag?post=37029"}],"curies":[{"name":"wp","href":"https:\/\/api.w.org\/{rel}","templated":true}]}}