{"id":37028,"date":"2026-02-27T00:37:05","date_gmt":"2026-02-27T00:37:05","guid":{"rendered":"https:\/\/nordicmart.andreevmaster.com\/product\/step2-lasten-leikkikentta-aktiviteettikeskus-liukumaki-koripallo-baseball\/"},"modified":"2026-02-27T09:54:15","modified_gmt":"2026-02-27T09:54:15","slug":"step2-lasten-leikkikentta-aktiviteettikeskus-liukumaki-koripallo-baseball","status":"publish","type":"product","link":"https:\/\/nordicmart.andreevmaster.com\/fi\/tuote\/step2-lasten-leikkikentta-aktiviteettikeskus-liukumaki-koripallo-baseball\/","title":{"rendered":"STEP2 Lasten leikkikentt\u00e4 Aktiviteettikeskus Liukum\u00e4ki Koripallo Baseball"},"content":{"rendered":"<p>STEP2-leikkikentt\u00e4 tarjoaa monia leikkimahdollisuuksia. T\u00e4m\u00e4 kiehtova aktiviteettikeskus pienille lapsille on p\u00e4\u00e4osin urheiluteemainen. Lapset voivat harjoitella tasapainoaan ja motorisia taitojaan kiipe\u00e4m\u00e4ll\u00e4 eritt\u00e4in leve\u00e4lle askelmalle ja liukumalla alas toisella puolella olevaa liukum\u00e4ke\u00e4. Mukana on my\u00f6s pallo ja koripallokori, jotta lapsesi voi heitt\u00e4\u00e4 koria. Lis\u00e4ksi he voivat k\u00e4ytt\u00e4\u00e4 mukana tulevaa mailaa ly\u00f6d\u00e4kseen kiinnitetty\u00e4 baseball-palloa! T\u00e4m\u00e4n erityisesti pienille lapsille suunnitellun urheilulelun avulla lapsesi voi hyp\u00e4t\u00e4 kotiin, liukua pes\u00e4lle ja tehd\u00e4 upeita slam dunk -heittoja leikkiess\u00e4\u00e4n. Kun leikkiaika on ohi, voit s\u00e4ilytt\u00e4\u00e4 koripallon sis\u00e4\u00e4nrakennetussa s\u00e4ilytyslokerossa ja painaa mailan aktiviteettikeskuksen ulkosein\u00e4\u00e4n, jotta kaikki on k\u00e4den ulottuvilla seuraavaa leikkip\u00e4iv\u00e4\u00e4 varten.Ominaisuudet:<\/p>\n<p>* &#8211; Sis\u00e4\u00e4nrakennetut s\u00e4ilytyslokerot v\u00e4hent\u00e4v\u00e4t tavaroiden katoamisen riski\u00e4<br \/>\n* &#8211; 2-vuotiaille ja sit\u00e4 vanhemmille lapsille<br \/>\n* &#8211; Koko tuote on urheiluteemainen<br \/>\n* &#8211; Korin ja koripallon ansiosta leikkiin tulee vaihtelua<br \/>\n* &#8211; Enimm\u00e4iskuorma 20 kg,<br \/>\n* &#8211; Helppo puhdistaa, k\u00e4yt\u00e4 vain desinfiointipyyhkeit\u00e4 tai kotitalouspuhdistusaineita,<br \/>\n* &#8211; Vaatii aikuisen suorittaman kokoonpanon,<br \/>\n* &#8211; Mukana oleva maila ja baseball-pallo tekev\u00e4t leikist\u00e4 j\u00e4nnitt\u00e4v\u00e4mm\u00e4n,<br \/>\n* &#8211; Lapsesi viett\u00e4\u00e4 aikaa aktiivisesti,<br \/>\n* &#8211; Kest\u00e4v\u00e4 ja tukeva tuote.<\/p>\n<p>Step2 \u2013 ensisijaisesti laatua, toiseksi upeita leluja! Jos asetat laadun ja turvallisuuden etusijalle valitessasi leluja lapsellesi, amerikkalaisen Step2-yrityksen koko upea lelutarjonta t\u00e4ytt\u00e4\u00e4 varmasti lasten, vanhempien, p\u00e4iv\u00e4kotien, lastentarhojen ja muiden oppilaitosten odotukset. Step2 on valmistanut parhaita leluja Yhdysvalloissa jo vuosikymmenien ajan! Valikoimaan kuuluu hiekkalaatikoita, puutarham\u00f6kkej\u00e4, leikkikentti\u00e4, ty\u00f6pajoja, ajettavia leluja, keitti\u00f6it\u00e4 ja lastenhuonekaluja.<\/p>\n","protected":false},"excerpt":{"rendered":"<p>STEP2-leikkikentt\u00e4 tarjoaa monia leikkimahdollisuuksia. T\u00e4m\u00e4 kiehtova aktiviteettikeskus pienille lapsille on p\u00e4\u00e4osin urheiluteemainen. Lapset voivat harjoitella tasapainoaan ja motorisia taitojaan kiipe\u00e4m\u00e4ll\u00e4 eritt\u00e4in leve\u00e4lle askelmalle ja liukumalla alas toisella puolella olevaa liukum\u00e4ke\u00e4. Mukana on my\u00f6s pallo ja koripallokori, jotta lapsesi voi heitt\u00e4\u00e4 koria. Lis\u00e4ksi he voivat k\u00e4ytt\u00e4\u00e4 mukana tulevaa mailaa ly\u00f6d\u00e4kseen kiinnitetty\u00e4 baseball-palloa! T\u00e4m\u00e4n erityisesti pienille lapsille [&hellip;]<\/p>\n","protected":false},"featured_media":0,"comment_status":"open","ping_status":"closed","template":"","meta":[],"product_brand":[],"product_cat":[32],"product_tag":[],"class_list":{"0":"post-37028","1":"product","2":"type-product","3":"status-publish","5":"product_cat-uncategorized-fi","7":"first","8":"instock","9":"shipping-taxable","10":"purchasable","11":"product-type-simple"},"_links":{"self":[{"href":"https:\/\/nordicmart.andreevmaster.com\/fi\/wp-json\/wp\/v2\/product\/37028","targetHints":{"allow":["GET"]}}],"collection":[{"href":"https:\/\/nordicmart.andreevmaster.com\/fi\/wp-json\/wp\/v2\/product"}],"about":[{"href":"https:\/\/nordicmart.andreevmaster.com\/fi\/wp-json\/wp\/v2\/types\/product"}],"replies":[{"embeddable":true,"href":"https:\/\/nordicmart.andreevmaster.com\/fi\/wp-json\/wp\/v2\/comments?post=37028"}],"wp:attachment":[{"href":"https:\/\/nordicmart.andreevmaster.com\/fi\/wp-json\/wp\/v2\/media?parent=37028"}],"wp:term":[{"taxonomy":"product_brand","embeddable":true,"href":"https:\/\/nordicmart.andreevmaster.com\/fi\/wp-json\/wp\/v2\/product_brand?post=37028"},{"taxonomy":"product_cat","embeddable":true,"href":"https:\/\/nordicmart.andreevmaster.com\/fi\/wp-json\/wp\/v2\/product_cat?post=37028"},{"taxonomy":"product_tag","embeddable":true,"href":"https:\/\/nordicmart.andreevmaster.com\/fi\/wp-json\/wp\/v2\/product_tag?post=37028"}],"curies":[{"name":"wp","href":"https:\/\/api.w.org\/{rel}","templated":true}]}}