{"id":37027,"date":"2026-02-27T00:37:05","date_gmt":"2026-02-27T00:37:05","guid":{"rendered":"https:\/\/nordicmart.andreevmaster.com\/product\/step2-suuri-hiekkalaatikkopoyta-kannella-ja-autotie\/"},"modified":"2026-02-27T09:54:15","modified_gmt":"2026-02-27T09:54:15","slug":"step2-suuri-hiekkalaatikkopoyta-kannella-ja-autotie","status":"publish","type":"product","link":"https:\/\/nordicmart.andreevmaster.com\/fi\/tuote\/step2-suuri-hiekkalaatikkopoyta-kannella-ja-autotie\/","title":{"rendered":"STEP2 Suuri hiekkalaatikkop\u00f6yt\u00e4 kannella ja autotie"},"content":{"rendered":"<p>Korotettu hiekkalaatikkop\u00f6yt\u00e4 kannella on t\u00e4ydellinen lis\u00e4ys mihin tahansa leikkikentt\u00e4\u00e4n. Hiekkalaatikko on kiinnitetty nelj\u00e4\u00e4n jalkaan, joten sit\u00e4 on helppo siirt\u00e4\u00e4 paikasta toiseen. Ihanteellinen leikkimiseen ulkona ja sis\u00e4ll\u00e4. Hiekkalaatikkoon voi t\u00e4ytt\u00e4\u00e4 perinteist\u00e4 hiekkaa, ja kuminauhoilla varustettu kansi suojaa hiekkaa lialta. Hiekan sijaan hiekkalaatikon voi t\u00e4ytt\u00e4\u00e4 my\u00f6s herneill\u00e4 tai pastalla. Se on t\u00e4ydellinen ratkaisu lasten aistitoimintoja kehitt\u00e4viin leikkeihin. Kannessa on kaiverrettu rata, jolla lapsi voi leikki\u00e4 suosikkipienoisauteillaan, mik\u00e4 on ep\u00e4ilem\u00e4tt\u00e4 tuotteen lis\u00e4vetovoima. Sarjaan kuuluu \u00e4mp\u00e4ri, kaksi lapioa ja kaksi haravaa. Tuote on tarkoitettu yli 2-vuotiaille lapsille.Ominaisuudet:<\/p>\n<p>* &#8211; hiekkap\u00f6yt\u00e4 kannella<br \/>\n* &#8211; p\u00f6yd\u00e4n mitat: 41,7 x 91,4 x 66 (cm)<br \/>\n* &#8211; helppo koota, helppo siirt\u00e4\u00e4 korotetun hiekkalaatikon ansiosta<br \/>\n* &#8211; sis\u00e4- ja ulkok\u00e4ytt\u00f6\u00f6n<br \/>\n* &#8211; hiekkalaatikon mukana toimitetaan 2 kauhaa, 2 haravaa ja \u00e4mp\u00e4ri<br \/>\n* &#8211; kannessa on kaiverrettu rata, jossa lapsi voi leikki\u00e4 suosikkipienoisauteillaan<br \/>\n* &#8211; tuote on tarkoitettu yli 2-vuotiaille lapsille<br \/>\n* &#8211; hiekan sijaan hiekkalaatikkoon voi t\u00e4ytt\u00e4\u00e4 herneit\u00e4, pastaa tai kinetiikkahiekkaa<br \/>\n* &#8211; hiekkalaatikkoon mahtuu jopa 35 kg hiekkaa<\/p>\n<p>Lelu kehitt\u00e4\u00e4:<\/p>\n<p>* &#8211; lasten motorisia taitoja<br \/>\n* &#8211; aistitaitoja<br \/>\n* &#8211; luovuutta ja mielikuvitusta<br \/>\n* &#8211; yhteisty\u00f6taitoja<br \/>\n* &#8211; jakamisen taitoa<\/p>\n<p>Step2 \u2013 ensinn\u00e4kin laatu, sitten upeat lelut! Jos asetat laadun ja turvallisuuden etusijalle valitessasi leluja lapsellesi, amerikkalaisen Step2-yrityksen koko upea lelutarjonta t\u00e4ytt\u00e4\u00e4 varmasti lasten, vanhempien, p\u00e4iv\u00e4kotien, lastentarhojen ja muiden oppilaitosten odotukset. Step2 on valmistanut parhaita leluja Yhdysvalloissa jo vuosikymmenien ajan! Valikoimaan kuuluu hiekkalaatikoita, puutarham\u00f6kkej\u00e4, leikkikentti\u00e4, ty\u00f6pajoja, ajettavia leluja, keitti\u00f6it\u00e4 ja lastenhuonekaluja.<\/p>\n","protected":false},"excerpt":{"rendered":"<p>Korotettu hiekkalaatikkop\u00f6yt\u00e4 kannella on t\u00e4ydellinen lis\u00e4ys mihin tahansa leikkikentt\u00e4\u00e4n. Hiekkalaatikko on kiinnitetty nelj\u00e4\u00e4n jalkaan, joten sit\u00e4 on helppo siirt\u00e4\u00e4 paikasta toiseen. Ihanteellinen leikkimiseen ulkona ja sis\u00e4ll\u00e4. Hiekkalaatikkoon voi t\u00e4ytt\u00e4\u00e4 perinteist\u00e4 hiekkaa, ja kuminauhoilla varustettu kansi suojaa hiekkaa lialta. Hiekan sijaan hiekkalaatikon voi t\u00e4ytt\u00e4\u00e4 my\u00f6s herneill\u00e4 tai pastalla. Se on t\u00e4ydellinen ratkaisu lasten aistitoimintoja kehitt\u00e4viin leikkeihin. [&hellip;]<\/p>\n","protected":false},"featured_media":0,"comment_status":"open","ping_status":"closed","template":"","meta":[],"product_brand":[],"product_cat":[32],"product_tag":[],"class_list":{"0":"post-37027","1":"product","2":"type-product","3":"status-publish","5":"product_cat-uncategorized-fi","7":"first","8":"instock","9":"shipping-taxable","10":"purchasable","11":"product-type-simple"},"_links":{"self":[{"href":"https:\/\/nordicmart.andreevmaster.com\/fi\/wp-json\/wp\/v2\/product\/37027","targetHints":{"allow":["GET"]}}],"collection":[{"href":"https:\/\/nordicmart.andreevmaster.com\/fi\/wp-json\/wp\/v2\/product"}],"about":[{"href":"https:\/\/nordicmart.andreevmaster.com\/fi\/wp-json\/wp\/v2\/types\/product"}],"replies":[{"embeddable":true,"href":"https:\/\/nordicmart.andreevmaster.com\/fi\/wp-json\/wp\/v2\/comments?post=37027"}],"wp:attachment":[{"href":"https:\/\/nordicmart.andreevmaster.com\/fi\/wp-json\/wp\/v2\/media?parent=37027"}],"wp:term":[{"taxonomy":"product_brand","embeddable":true,"href":"https:\/\/nordicmart.andreevmaster.com\/fi\/wp-json\/wp\/v2\/product_brand?post=37027"},{"taxonomy":"product_cat","embeddable":true,"href":"https:\/\/nordicmart.andreevmaster.com\/fi\/wp-json\/wp\/v2\/product_cat?post=37027"},{"taxonomy":"product_tag","embeddable":true,"href":"https:\/\/nordicmart.andreevmaster.com\/fi\/wp-json\/wp\/v2\/product_tag?post=37027"}],"curies":[{"name":"wp","href":"https:\/\/api.w.org\/{rel}","templated":true}]}}