{"id":37026,"date":"2026-02-27T00:37:05","date_gmt":"2026-02-27T00:37:05","guid":{"rendered":"https:\/\/nordicmart.andreevmaster.com\/product\/step2-canyon-with-tabletop-car-track-table-2\/"},"modified":"2026-02-27T09:54:14","modified_gmt":"2026-02-27T09:54:14","slug":"step2-canyon-with-tabletop-car-track-table-2","status":"publish","type":"product","link":"https:\/\/nordicmart.andreevmaster.com\/fi\/tuote\/step2-canyon-with-tabletop-car-track-table-2\/","title":{"rendered":"STEP2 Canyon with tabletop Car track table"},"content":{"rendered":"<p>Canyon Table with Top on suuri, hienostunut p\u00f6yt\u00e4 tunnetulta amerikkalaiselta yritykselt\u00e4 STEP2. Se on upea lelu, joka tarjoaa lapsille monia mahdollisuuksia leikki\u00e4 leluautoilla ja muilla ajoneuvoilla. Siin\u00e4 on monitasoinen, valettu rata ja kiinte\u00e4t sillat, joten sinun ei tarvitse en\u00e4\u00e4 koskaan asettaa rataa uudelleen lapsillesi! Se auttaa pieni\u00e4 kondukt\u00f6\u00f6rej\u00e4 kehitt\u00e4m\u00e4\u00e4n sosiaalisia taitojaan, kun he jakavat junat ja radat leikkikavereidensa ja sisarustensa kanssa. Sile\u00e4 kansi muuttaa sen p\u00f6yd\u00e4ksi askartelua ja v\u00e4lipaloja varten. Ominaisuudet:<\/p>\n<p>* &#8211; koko, joka tarjoaa lapsellesi tuntikausia hauskaa<br \/>\n* &#8211; monitasoinen rata<br \/>\n* &#8211; k\u00e4ytt\u00f6valmis heti, voidaan peitt\u00e4\u00e4 p\u00f6yt\u00e4levyll\u00e4<br \/>\n* &#8211; korkeus sovitettu lapsen pituuteen<br \/>\n* &#8211; p\u00f6yt\u00e4 on yhteensopiva kaikkien suurten valmistajien lelujen kanssa<br \/>\n* &#8211; irrotettavat jalat -> lattian tasolla leikkiminen, helppo s\u00e4ilytt\u00e4\u00e4<br \/>\n* &#8211; sis\u00e4lt\u00e4\u00e4 mm. leluautoja, helikopterin ja junan<br \/>\n* &#8211; korkealaatuinen valmistus takaa kest\u00e4vyyden moniksi vuosiksi<br \/>\n* &#8211; helppo pit\u00e4\u00e4 puhtaana<\/p>\n<p>Step2 \u2013 ensinn\u00e4kin laatu, sitten upeat lelut! Jos asetat laadun ja turvallisuuden etusijalle valitessasi leluja lapsellesi, amerikkalaisen Step2-yrityksen koko upea lelutarjonta t\u00e4ytt\u00e4\u00e4 varmasti lasten, vanhempien, p\u00e4iv\u00e4kotien, lastentarhojen ja muiden oppilaitosten odotukset. Step2 on valmistanut parhaita leluja Yhdysvalloissa jo vuosikymmenien ajan! Valikoimaan kuuluu hiekkalaatikoita, puutarham\u00f6kkej\u00e4, leikkikentti\u00e4, ty\u00f6pajoja, ajettavia leluja, keitti\u00f6it\u00e4 ja lastenhuonekaluja.<\/p>\n","protected":false},"excerpt":{"rendered":"<p>Canyon Table with Top on suuri, hienostunut p\u00f6yt\u00e4 tunnetulta amerikkalaiselta yritykselt\u00e4 STEP2. Se on upea lelu, joka tarjoaa lapsille monia mahdollisuuksia leikki\u00e4 leluautoilla ja muilla ajoneuvoilla. Siin\u00e4 on monitasoinen, valettu rata ja kiinte\u00e4t sillat, joten sinun ei tarvitse en\u00e4\u00e4 koskaan asettaa rataa uudelleen lapsillesi! Se auttaa pieni\u00e4 kondukt\u00f6\u00f6rej\u00e4 kehitt\u00e4m\u00e4\u00e4n sosiaalisia taitojaan, kun he jakavat junat [&hellip;]<\/p>\n","protected":false},"featured_media":0,"comment_status":"open","ping_status":"closed","template":"","meta":[],"product_brand":[],"product_cat":[32],"product_tag":[],"class_list":{"0":"post-37026","1":"product","2":"type-product","3":"status-publish","5":"product_cat-uncategorized-fi","7":"first","8":"instock","9":"shipping-taxable","10":"purchasable","11":"product-type-simple"},"_links":{"self":[{"href":"https:\/\/nordicmart.andreevmaster.com\/fi\/wp-json\/wp\/v2\/product\/37026","targetHints":{"allow":["GET"]}}],"collection":[{"href":"https:\/\/nordicmart.andreevmaster.com\/fi\/wp-json\/wp\/v2\/product"}],"about":[{"href":"https:\/\/nordicmart.andreevmaster.com\/fi\/wp-json\/wp\/v2\/types\/product"}],"replies":[{"embeddable":true,"href":"https:\/\/nordicmart.andreevmaster.com\/fi\/wp-json\/wp\/v2\/comments?post=37026"}],"wp:attachment":[{"href":"https:\/\/nordicmart.andreevmaster.com\/fi\/wp-json\/wp\/v2\/media?parent=37026"}],"wp:term":[{"taxonomy":"product_brand","embeddable":true,"href":"https:\/\/nordicmart.andreevmaster.com\/fi\/wp-json\/wp\/v2\/product_brand?post=37026"},{"taxonomy":"product_cat","embeddable":true,"href":"https:\/\/nordicmart.andreevmaster.com\/fi\/wp-json\/wp\/v2\/product_cat?post=37026"},{"taxonomy":"product_tag","embeddable":true,"href":"https:\/\/nordicmart.andreevmaster.com\/fi\/wp-json\/wp\/v2\/product_tag?post=37026"}],"curies":[{"name":"wp","href":"https:\/\/api.w.org\/{rel}","templated":true}]}}