{"id":37025,"date":"2026-02-27T00:37:05","date_gmt":"2026-02-27T00:37:05","guid":{"rendered":"https:\/\/nordicmart.andreevmaster.com\/product\/injusa-24v-monster-kaksipaikkainen-led-akkuauto\/"},"modified":"2026-02-27T09:54:14","modified_gmt":"2026-02-27T09:54:14","slug":"injusa-24v-monster-kaksipaikkainen-led-akkuauto","status":"publish","type":"product","link":"https:\/\/nordicmart.andreevmaster.com\/fi\/tuote\/injusa-24v-monster-kaksipaikkainen-led-akkuauto\/","title":{"rendered":"INJUSA 24V Monster kaksipaikkainen LED-akkuauto"},"content":{"rendered":"<p>Espanjalaisen s\u00e4hk\u00f6ajoneuvovalmistajan INJUSA:n punainen Monster-akkuauto on ajoneuvo, joka tarjoaa lapsellesi paljon j\u00e4nnityst\u00e4. LED-valot edess\u00e4 ja takana sek\u00e4 moderni muotoilu antavat sille \u00e4\u00e4rimm\u00e4isen ulkon\u00e4\u00f6n. 24 V:n akun teho mahdollistaa jopa 7 km\/h:n nopeuden. Sopii 3-vuotiaille ja sit\u00e4 vanhemmille lapsille.Ominaisuudet:<\/p>\n<p>* &#8211; punainen Monster-akkuauto,<br \/>\n* &#8211; 2 x 12 V 7,2 Ah akku,<br \/>\n* &#8211; akkulaturi mukana,<br \/>\n* &#8211; ajoneuvo varustettu turvav\u00f6ill\u00e4,<br \/>\n* &#8211; LED-valot edess\u00e4 ja takana,<br \/>\n* &#8211; vaihteisto: peruutusvaihde ja 2 x eteenp\u00e4inajovaihde,<br \/>\n* &#8211; suunniteltu 3-vuotiaille ja sit\u00e4 vanhemmille lapsille,<br \/>\n* &#8211; kest\u00e4v\u00e4t kumipy\u00f6r\u00e4t,<br \/>\n* &#8211; kaksipaikkainen auto,<br \/>\n* &#8211; suurin kantavuus 50 kg.<\/p>\n<p>INJUSA \u2013 lelut tunnetulta espanjalaiselta yritykselt\u00e4, joka on toiminut markkinoilla vuodesta 1947. Niille on ominaista korkea laatu ja poikkeuksellinen huomiota yksityiskohtiin. Tunnetaan leluista, kuten s\u00e4hk\u00f6ajoneuvoista, polkupy\u00f6rist\u00e4, tasapainopy\u00f6rist\u00e4, kolmipy\u00f6rist\u00e4 ja leikkim\u00f6keist\u00e4.<\/p>\n","protected":false},"excerpt":{"rendered":"<p>Espanjalaisen s\u00e4hk\u00f6ajoneuvovalmistajan INJUSA:n punainen Monster-akkuauto on ajoneuvo, joka tarjoaa lapsellesi paljon j\u00e4nnityst\u00e4. LED-valot edess\u00e4 ja takana sek\u00e4 moderni muotoilu antavat sille \u00e4\u00e4rimm\u00e4isen ulkon\u00e4\u00f6n. 24 V:n akun teho mahdollistaa jopa 7 km\/h:n nopeuden. Sopii 3-vuotiaille ja sit\u00e4 vanhemmille lapsille.Ominaisuudet: * &#8211; punainen Monster-akkuauto, * &#8211; 2 x 12 V 7,2 Ah akku, * &#8211; akkulaturi mukana, [&hellip;]<\/p>\n","protected":false},"featured_media":0,"comment_status":"open","ping_status":"closed","template":"","meta":[],"product_brand":[],"product_cat":[32],"product_tag":[],"class_list":{"0":"post-37025","1":"product","2":"type-product","3":"status-publish","5":"product_cat-uncategorized-fi","7":"first","8":"instock","9":"shipping-taxable","10":"purchasable","11":"product-type-simple"},"_links":{"self":[{"href":"https:\/\/nordicmart.andreevmaster.com\/fi\/wp-json\/wp\/v2\/product\/37025","targetHints":{"allow":["GET"]}}],"collection":[{"href":"https:\/\/nordicmart.andreevmaster.com\/fi\/wp-json\/wp\/v2\/product"}],"about":[{"href":"https:\/\/nordicmart.andreevmaster.com\/fi\/wp-json\/wp\/v2\/types\/product"}],"replies":[{"embeddable":true,"href":"https:\/\/nordicmart.andreevmaster.com\/fi\/wp-json\/wp\/v2\/comments?post=37025"}],"wp:attachment":[{"href":"https:\/\/nordicmart.andreevmaster.com\/fi\/wp-json\/wp\/v2\/media?parent=37025"}],"wp:term":[{"taxonomy":"product_brand","embeddable":true,"href":"https:\/\/nordicmart.andreevmaster.com\/fi\/wp-json\/wp\/v2\/product_brand?post=37025"},{"taxonomy":"product_cat","embeddable":true,"href":"https:\/\/nordicmart.andreevmaster.com\/fi\/wp-json\/wp\/v2\/product_cat?post=37025"},{"taxonomy":"product_tag","embeddable":true,"href":"https:\/\/nordicmart.andreevmaster.com\/fi\/wp-json\/wp\/v2\/product_tag?post=37025"}],"curies":[{"name":"wp","href":"https:\/\/api.w.org\/{rel}","templated":true}]}}