{"id":37024,"date":"2026-02-27T00:37:04","date_gmt":"2026-02-27T00:37:04","guid":{"rendered":"https:\/\/nordicmart.andreevmaster.com\/product\/smoby-cars-kolmipyorainen-skootteri-puinen\/"},"modified":"2026-02-27T09:54:14","modified_gmt":"2026-02-27T09:54:14","slug":"smoby-cars-kolmipyorainen-skootteri-puinen","status":"publish","type":"product","link":"https:\/\/nordicmart.andreevmaster.com\/fi\/tuote\/smoby-cars-kolmipyorainen-skootteri-puinen\/","title":{"rendered":"SMOBY Cars Kolmipy\u00f6r\u00e4inen skootteri, puinen"},"content":{"rendered":"<p>Potkulauta on loistava tapa pit\u00e4\u00e4 hauskaa liikkuessa. Potkulaudalla ajaminen aktivoi monia lihaksia ja parantaa samalla lasten kielitaitoa.<\/p>\n<p>Cars-lisensoitu kolmipy\u00f6r\u00e4inen potkulauta on luotu sarjakuvan nuorempia faneja silm\u00e4ll\u00e4 pit\u00e4en. Intuitiivinen kolmipy\u00f6r\u00e4inen skootteri on varustettu leve\u00e4ll\u00e4 ja vakaalla alustalla sek\u00e4 muotoilluilla kahvoilla. T\u00e4m\u00e4 tekee siit\u00e4 t\u00e4ydellisen ensimm\u00e4isen skootterin, joka helpottaa oppimista, takaa ajomukavuuden ja tukee lapsen psykomotorista kehityst\u00e4.<\/p>\n<p>Ominaisuudet:<\/p>\n<p>* &#8211; Cars-sarjakuvan lisensoima skootteri,<br \/>\n* &#8211; s\u00e4\u00e4dett\u00e4v\u00e4 ohjaustangon korkeus (67 ja 70 cm),* &#8211; puu- ja metallirakenne,<br \/>\n* &#8211; enimm\u00e4iskuorma &#8211; 20 kg,<br \/>\n* &#8211; luistamattomat py\u00f6r\u00e4t,<br \/>\n* &#8211; leve\u00e4 ja vakaa puinen alusta,<br \/>\n* &#8211; helppo taittaa kokoon.<\/p>\n","protected":false},"excerpt":{"rendered":"<p>Potkulauta on loistava tapa pit\u00e4\u00e4 hauskaa liikkuessa. Potkulaudalla ajaminen aktivoi monia lihaksia ja parantaa samalla lasten kielitaitoa. Cars-lisensoitu kolmipy\u00f6r\u00e4inen potkulauta on luotu sarjakuvan nuorempia faneja silm\u00e4ll\u00e4 pit\u00e4en. Intuitiivinen kolmipy\u00f6r\u00e4inen skootteri on varustettu leve\u00e4ll\u00e4 ja vakaalla alustalla sek\u00e4 muotoilluilla kahvoilla. T\u00e4m\u00e4 tekee siit\u00e4 t\u00e4ydellisen ensimm\u00e4isen skootterin, joka helpottaa oppimista, takaa ajomukavuuden ja tukee lapsen psykomotorista kehityst\u00e4. [&hellip;]<\/p>\n","protected":false},"featured_media":0,"comment_status":"open","ping_status":"closed","template":"","meta":[],"product_brand":[],"product_cat":[32],"product_tag":[],"class_list":{"0":"post-37024","1":"product","2":"type-product","3":"status-publish","5":"product_cat-uncategorized-fi","7":"first","8":"instock","9":"shipping-taxable","10":"purchasable","11":"product-type-simple"},"_links":{"self":[{"href":"https:\/\/nordicmart.andreevmaster.com\/fi\/wp-json\/wp\/v2\/product\/37024","targetHints":{"allow":["GET"]}}],"collection":[{"href":"https:\/\/nordicmart.andreevmaster.com\/fi\/wp-json\/wp\/v2\/product"}],"about":[{"href":"https:\/\/nordicmart.andreevmaster.com\/fi\/wp-json\/wp\/v2\/types\/product"}],"replies":[{"embeddable":true,"href":"https:\/\/nordicmart.andreevmaster.com\/fi\/wp-json\/wp\/v2\/comments?post=37024"}],"wp:attachment":[{"href":"https:\/\/nordicmart.andreevmaster.com\/fi\/wp-json\/wp\/v2\/media?parent=37024"}],"wp:term":[{"taxonomy":"product_brand","embeddable":true,"href":"https:\/\/nordicmart.andreevmaster.com\/fi\/wp-json\/wp\/v2\/product_brand?post=37024"},{"taxonomy":"product_cat","embeddable":true,"href":"https:\/\/nordicmart.andreevmaster.com\/fi\/wp-json\/wp\/v2\/product_cat?post=37024"},{"taxonomy":"product_tag","embeddable":true,"href":"https:\/\/nordicmart.andreevmaster.com\/fi\/wp-json\/wp\/v2\/product_tag?post=37024"}],"curies":[{"name":"wp","href":"https:\/\/api.w.org\/{rel}","templated":true}]}}