{"id":37023,"date":"2026-02-27T00:37:04","date_gmt":"2026-02-27T00:37:04","guid":{"rendered":"https:\/\/nordicmart.andreevmaster.com\/product\/smoby-baby-balade-plus-blue-tricycle-2\/"},"modified":"2026-02-27T09:54:14","modified_gmt":"2026-02-27T09:54:14","slug":"smoby-baby-balade-plus-blue-tricycle-2","status":"publish","type":"product","link":"https:\/\/nordicmart.andreevmaster.com\/fi\/tuote\/smoby-baby-balade-plus-blue-tricycle-2\/","title":{"rendered":"SMOBY Baby Balade Plus Blue Tricycle"},"content":{"rendered":"<p>Baby Balade 3-in-1 on moderni ja hyvin varusteltu ensimm\u00e4inen polkupy\u00f6r\u00e4, joka &#8221;kasvaa&#8221; lapsen mukana ja mukautuu h\u00e4nen tarpeisiinsa eri kehitysvaiheissa. Kolmipy\u00f6r\u00e4inen rakenne mahdollistaa ajoneuvon k\u00e4yt\u00f6n jo 10 kuukauden ik\u00e4isill\u00e4 lapsilla.Ominaisuudet:<\/p>\n<p>* &#8211; s\u00e4\u00e4dett\u00e4v\u00e4 kahva, jonka avulla vanhemmat voivat ohjata py\u00f6r\u00e4\u00e4,<br \/>\n* &#8211; ohjaustangon lukko,<br \/>\n* &#8211; seisontajarru,<br \/>\n* &#8211; turvavy\u00f6t,<br \/>\n* &#8211; turvarengas,<br \/>\n* &#8211; mukava ja ergonominen istuin, jossa on korotettu p\u00e4\u00e4ntuki,* &#8211; vapaakytkinmekanismi, eli py\u00f6r\u00e4 py\u00f6rii ja polkimet pysyv\u00e4t paikallaan (ihanteellinen py\u00f6r\u00e4ilyyn, lapsi voi lev\u00e4t\u00e4 jalkojaan polkimilla),<br \/>\n* &#8211; s\u00e4ilytyslokero pienille esineille, jossa on my\u00f6s kallistustoiminto,<br \/>\n* &#8211; laukku lapsen aarteille tai omille tavaroille (voidaan irrottaa ja kantaa erikseen),* &#8211; aurinkosuoja,<br \/>\n* &#8211; hiljaiset py\u00f6r\u00e4t,<br \/>\n* &#8211; mukavat jalkatuet, jotka voidaan taittaa tai irrottaa,<br \/>\n* &#8211; s\u00e4\u00e4dett\u00e4v\u00e4 ohjauspy\u00f6r\u00e4,<br \/>\n* &#8211; \u00e4\u00e4nimerkki,<br \/>\n* &#8211; luistamattomat polkimet.<\/p>\n","protected":false},"excerpt":{"rendered":"<p>Baby Balade 3-in-1 on moderni ja hyvin varusteltu ensimm\u00e4inen polkupy\u00f6r\u00e4, joka &#8221;kasvaa&#8221; lapsen mukana ja mukautuu h\u00e4nen tarpeisiinsa eri kehitysvaiheissa. Kolmipy\u00f6r\u00e4inen rakenne mahdollistaa ajoneuvon k\u00e4yt\u00f6n jo 10 kuukauden ik\u00e4isill\u00e4 lapsilla.Ominaisuudet: * &#8211; s\u00e4\u00e4dett\u00e4v\u00e4 kahva, jonka avulla vanhemmat voivat ohjata py\u00f6r\u00e4\u00e4, * &#8211; ohjaustangon lukko, * &#8211; seisontajarru, * &#8211; turvavy\u00f6t, * &#8211; turvarengas, * &#8211; [&hellip;]<\/p>\n","protected":false},"featured_media":0,"comment_status":"open","ping_status":"closed","template":"","meta":[],"product_brand":[],"product_cat":[32],"product_tag":[],"class_list":{"0":"post-37023","1":"product","2":"type-product","3":"status-publish","5":"product_cat-uncategorized-fi","7":"first","8":"instock","9":"shipping-taxable","10":"purchasable","11":"product-type-simple"},"_links":{"self":[{"href":"https:\/\/nordicmart.andreevmaster.com\/fi\/wp-json\/wp\/v2\/product\/37023","targetHints":{"allow":["GET"]}}],"collection":[{"href":"https:\/\/nordicmart.andreevmaster.com\/fi\/wp-json\/wp\/v2\/product"}],"about":[{"href":"https:\/\/nordicmart.andreevmaster.com\/fi\/wp-json\/wp\/v2\/types\/product"}],"replies":[{"embeddable":true,"href":"https:\/\/nordicmart.andreevmaster.com\/fi\/wp-json\/wp\/v2\/comments?post=37023"}],"wp:attachment":[{"href":"https:\/\/nordicmart.andreevmaster.com\/fi\/wp-json\/wp\/v2\/media?parent=37023"}],"wp:term":[{"taxonomy":"product_brand","embeddable":true,"href":"https:\/\/nordicmart.andreevmaster.com\/fi\/wp-json\/wp\/v2\/product_brand?post=37023"},{"taxonomy":"product_cat","embeddable":true,"href":"https:\/\/nordicmart.andreevmaster.com\/fi\/wp-json\/wp\/v2\/product_cat?post=37023"},{"taxonomy":"product_tag","embeddable":true,"href":"https:\/\/nordicmart.andreevmaster.com\/fi\/wp-json\/wp\/v2\/product_tag?post=37023"}],"curies":[{"name":"wp","href":"https:\/\/api.w.org\/{rel}","templated":true}]}}