{"id":37022,"date":"2026-02-27T00:37:04","date_gmt":"2026-02-27T00:37:04","guid":{"rendered":"https:\/\/nordicmart.andreevmaster.com\/product\/smoby-be-fun-spidey-kolmipyora\/"},"modified":"2026-02-27T09:54:13","modified_gmt":"2026-02-27T09:54:13","slug":"smoby-be-fun-spidey-kolmipyora","status":"publish","type":"product","link":"https:\/\/nordicmart.andreevmaster.com\/fi\/tuote\/smoby-be-fun-spidey-kolmipyora\/","title":{"rendered":"SMOBY Be Fun Spidey -kolmipy\u00f6r\u00e4"},"content":{"rendered":"<p>Supercool kolmipy\u00f6r\u00e4, jonka tyylikk\u00e4\u00e4n ulkon\u00e4\u00f6n ovat luoneet Spidey ja h\u00e4nen superkaverinsa. Smobyn moderni Spidey Be Fun -kolmipy\u00f6r\u00e4 on turvallinen kulkuv\u00e4line 15 kuukauden ik\u00e4isille lapsille. Ergonominen istuin on erityisen mukava ja tukee selk\u00e4\u00e4. Hihna tarjoaa lis\u00e4suojaa. Ominaisuudet, kuten vaihdettava vapaakytkin polkimissa, kovat muovirenkaat, ohjauslukko ja korkeuss\u00e4\u00e4dett\u00e4v\u00e4 ty\u00f6nt\u00f6tanko, tekev\u00e4t t\u00e4st\u00e4 kolmipy\u00f6r\u00e4st\u00e4 luotettavan kumppanin lapsen ensimm\u00e4isin\u00e4 elinvuosina. Heti kun lapsi oppii ajamaan itsen\u00e4isesti, turvaominaisuudet voidaan poistaa.Ominaisuudet:<\/p>\n<p>* &#8211; 15 kuukaudesta alkaen,<br \/>\n* &#8211; tukeva ter\u00e4srunko, joka tekee py\u00f6r\u00e4st\u00e4 korkean,<br \/>\n* &#8211; mukava ohjaustanko,<br \/>\n* &#8211; tavarateline,<br \/>\n* &#8211; mukava istuin, jossa on turvavy\u00f6t,<br \/>\n* &#8211; ohjaustanko, jossa on rajoitin ja ohjauslukko,<br \/>\n* &#8211; enimm\u00e4iskuorma 30 kg.<\/p>\n<p>Smoby on Ranskan suurin ja suosituin lelubr\u00e4ndi ja yksi maailman parhaista lelujen valmistajista. T\u00e4m\u00e4n br\u00e4ndin maine puhuu puolestaan, ja sen tuotevalikoiman laajuus ja monipuolisuus vahvistavat yrityksen aseman. Smoby on tunnettu kaikenlaisten lelujen tarjoamisesta, mutta erityist\u00e4 huomiota kannattaa kiinnitt\u00e4\u00e4 sen leikkim\u00f6kkeihin, puutarhaleluihin ja ajettavissa oleviin leluihin.<\/p>\n","protected":false},"excerpt":{"rendered":"<p>Supercool kolmipy\u00f6r\u00e4, jonka tyylikk\u00e4\u00e4n ulkon\u00e4\u00f6n ovat luoneet Spidey ja h\u00e4nen superkaverinsa. Smobyn moderni Spidey Be Fun -kolmipy\u00f6r\u00e4 on turvallinen kulkuv\u00e4line 15 kuukauden ik\u00e4isille lapsille. Ergonominen istuin on erityisen mukava ja tukee selk\u00e4\u00e4. Hihna tarjoaa lis\u00e4suojaa. Ominaisuudet, kuten vaihdettava vapaakytkin polkimissa, kovat muovirenkaat, ohjauslukko ja korkeuss\u00e4\u00e4dett\u00e4v\u00e4 ty\u00f6nt\u00f6tanko, tekev\u00e4t t\u00e4st\u00e4 kolmipy\u00f6r\u00e4st\u00e4 luotettavan kumppanin lapsen ensimm\u00e4isin\u00e4 elinvuosina. Heti [&hellip;]<\/p>\n","protected":false},"featured_media":0,"comment_status":"open","ping_status":"closed","template":"","meta":[],"product_brand":[],"product_cat":[32],"product_tag":[],"class_list":{"0":"post-37022","1":"product","2":"type-product","3":"status-publish","5":"product_cat-uncategorized-fi","7":"first","8":"instock","9":"shipping-taxable","10":"purchasable","11":"product-type-simple"},"_links":{"self":[{"href":"https:\/\/nordicmart.andreevmaster.com\/fi\/wp-json\/wp\/v2\/product\/37022","targetHints":{"allow":["GET"]}}],"collection":[{"href":"https:\/\/nordicmart.andreevmaster.com\/fi\/wp-json\/wp\/v2\/product"}],"about":[{"href":"https:\/\/nordicmart.andreevmaster.com\/fi\/wp-json\/wp\/v2\/types\/product"}],"replies":[{"embeddable":true,"href":"https:\/\/nordicmart.andreevmaster.com\/fi\/wp-json\/wp\/v2\/comments?post=37022"}],"wp:attachment":[{"href":"https:\/\/nordicmart.andreevmaster.com\/fi\/wp-json\/wp\/v2\/media?parent=37022"}],"wp:term":[{"taxonomy":"product_brand","embeddable":true,"href":"https:\/\/nordicmart.andreevmaster.com\/fi\/wp-json\/wp\/v2\/product_brand?post=37022"},{"taxonomy":"product_cat","embeddable":true,"href":"https:\/\/nordicmart.andreevmaster.com\/fi\/wp-json\/wp\/v2\/product_cat?post=37022"},{"taxonomy":"product_tag","embeddable":true,"href":"https:\/\/nordicmart.andreevmaster.com\/fi\/wp-json\/wp\/v2\/product_tag?post=37022"}],"curies":[{"name":"wp","href":"https:\/\/api.w.org\/{rel}","templated":true}]}}