{"id":37021,"date":"2026-02-27T00:37:04","date_gmt":"2026-02-27T00:37:04","guid":{"rendered":"https:\/\/nordicmart.andreevmaster.com\/product\/injusa-large-quad-rage-24v-extreme-6-vuotiaille-ja-alle-50-kg-painaville\/"},"modified":"2026-02-27T09:54:13","modified_gmt":"2026-02-27T09:54:13","slug":"injusa-large-quad-rage-24v-extreme-6-vuotiaille-ja-alle-50-kg-painaville","status":"publish","type":"product","link":"https:\/\/nordicmart.andreevmaster.com\/fi\/tuote\/injusa-large-quad-rage-24v-extreme-6-vuotiaille-ja-alle-50-kg-painaville\/","title":{"rendered":"INJUSA LARGE Quad Rage 24V Extreme 6-vuotiaille ja alle 50 kg painaville"},"content":{"rendered":"<p>Espanjalaisen s\u00e4hk\u00f6ajoneuvovalmistajan INJUSA:n s\u00e4hk\u00f6inen Quad Rage on t\u00e4ydellinen valinta adrenaliinia rakastaville 6-vuotiaille ja sit\u00e4 vanhemmille lapsille. Ajoneuvo on eritt\u00e4in vakaa leveiden py\u00f6riens\u00e4 ansiosta, ja kumipinta takaa hyv\u00e4n pidon ja ajomukavuuden erilaisilla alustoilla. 24 V:n akku tarjoaa jopa 11 km\/h:n nopeuden. Ominaisuudet: * &#8211; Rage Green -m\u00f6nkij\u00e4, * &#8211; akun teho 24 V, * &#8211; akkulaturi mukana, * &#8211; nopeus jopa 11 km\/h,* &#8211; kaksi ajonopeutta,<br \/>\n* &#8211; renkaissa on kumipinta, joka takaa vakauden ja mukavuuden,<br \/>\n* &#8211; suunniteltu 6-vuotiaille ja sit\u00e4 vanhemmille lapsille,<br \/>\n* &#8211; leve\u00e4t renkaat takaavat maksimaalisen vakauden,<br \/>\n* &#8211; suurin sallittu kuorma enint\u00e4\u00e4n 50 kg.<\/p>\n","protected":false},"excerpt":{"rendered":"<p>Espanjalaisen s\u00e4hk\u00f6ajoneuvovalmistajan INJUSA:n s\u00e4hk\u00f6inen Quad Rage on t\u00e4ydellinen valinta adrenaliinia rakastaville 6-vuotiaille ja sit\u00e4 vanhemmille lapsille. Ajoneuvo on eritt\u00e4in vakaa leveiden py\u00f6riens\u00e4 ansiosta, ja kumipinta takaa hyv\u00e4n pidon ja ajomukavuuden erilaisilla alustoilla. 24 V:n akku tarjoaa jopa 11 km\/h:n nopeuden. Ominaisuudet: * &#8211; Rage Green -m\u00f6nkij\u00e4, * &#8211; akun teho 24 V, * &#8211; akkulaturi [&hellip;]<\/p>\n","protected":false},"featured_media":0,"comment_status":"open","ping_status":"closed","template":"","meta":[],"product_brand":[],"product_cat":[32],"product_tag":[],"class_list":{"0":"post-37021","1":"product","2":"type-product","3":"status-publish","5":"product_cat-uncategorized-fi","7":"first","8":"instock","9":"shipping-taxable","10":"purchasable","11":"product-type-simple"},"_links":{"self":[{"href":"https:\/\/nordicmart.andreevmaster.com\/fi\/wp-json\/wp\/v2\/product\/37021","targetHints":{"allow":["GET"]}}],"collection":[{"href":"https:\/\/nordicmart.andreevmaster.com\/fi\/wp-json\/wp\/v2\/product"}],"about":[{"href":"https:\/\/nordicmart.andreevmaster.com\/fi\/wp-json\/wp\/v2\/types\/product"}],"replies":[{"embeddable":true,"href":"https:\/\/nordicmart.andreevmaster.com\/fi\/wp-json\/wp\/v2\/comments?post=37021"}],"wp:attachment":[{"href":"https:\/\/nordicmart.andreevmaster.com\/fi\/wp-json\/wp\/v2\/media?parent=37021"}],"wp:term":[{"taxonomy":"product_brand","embeddable":true,"href":"https:\/\/nordicmart.andreevmaster.com\/fi\/wp-json\/wp\/v2\/product_brand?post=37021"},{"taxonomy":"product_cat","embeddable":true,"href":"https:\/\/nordicmart.andreevmaster.com\/fi\/wp-json\/wp\/v2\/product_cat?post=37021"},{"taxonomy":"product_tag","embeddable":true,"href":"https:\/\/nordicmart.andreevmaster.com\/fi\/wp-json\/wp\/v2\/product_tag?post=37021"}],"curies":[{"name":"wp","href":"https:\/\/api.w.org\/{rel}","templated":true}]}}