{"id":37020,"date":"2026-02-27T00:37:03","date_gmt":"2026-02-27T00:37:03","guid":{"rendered":"https:\/\/nordicmart.andreevmaster.com\/product\/barometri-fischer-1366r-22\/"},"modified":"2026-02-27T09:54:13","modified_gmt":"2026-02-27T09:54:13","slug":"barometri-fischer-1366r-22","status":"publish","type":"product","link":"https:\/\/nordicmart.andreevmaster.com\/fi\/tuote\/barometri-fischer-1366r-22\/","title":{"rendered":"Barometri Fischer | 1366R-22"},"content":{"rendered":"<p>Barometri Fischer &#8211; 13366R-22&nbsp;Tuotetiedot:&nbsp;N\u00e4kyv\u00e4 mekanismiKlassinen, tyylik\u00e4s ulkon\u00e4k\u00f6Messinkikotelo mekanismillePuiset jalustat py\u00f6kkipuusta &#8211; mahonki V\u00e4rit englanniksi&nbsp;Mitat:&nbsp;Halkaisija: 14 cmMittarin halkaisija: 10 cm&nbsp;Fischer-yritys perustettiin vuonna 1945 Drebachissa, Saksassa, ja se on valmistanut siell\u00e4 barometrej\u00e4, kosteusmittareita ja l\u00e4mp\u00f6mittareita siit\u00e4 l\u00e4htien. Yrityksell\u00e4 on yli 70 vuoden kokemus alalta. Nyky\u00e4\u00e4n Fischer on tunnettu ja arvostettu korkealaatuisten tuotteiden toimittaja. Kaikki tuotteet valmistetaan k\u00e4sity\u00f6n\u00e4 yksinomaan Saksan Erzgebirge-vuoristossa. Barometri on eritt\u00e4in tarkka laite, joka mittaa ilmanpainetta. T\u00e4t\u00e4 tarkoitusta varten se k\u00e4ytt\u00e4\u00e4 ns. tyhji\u00f6astiaa, jonka sein\u00e4t laajenevat tai supistuvat sadasosamillimetrin verran ilmanpaineen muutosten mukaan. Barometri on kalibroitu tehtaalla. On hyvin tiedossa, ett\u00e4 mit\u00e4 korkeammalla merenpinnasta ollaan, sit\u00e4 matalampi paine on. Mit\u00e4 korkeampi paine on, sit\u00e4 v\u00e4hemm\u00e4n s\u00e4\u00e4 vaihtelee. Paineiden ollessa yli 1020 mbar voidaan odottaa kuivaa ja selke\u00e4\u00e4 p\u00e4iv\u00e4\u00e4. Kes\u00e4ll\u00e4 s\u00e4\u00e4 on vain mukava, talvella p\u00e4iv\u00e4 on todenn\u00e4k\u00f6isesti pakkasinen (vaikka sumua voi esiinty\u00e4). Painealueella 1005\u20131020 mbar s\u00e4\u00e4 on vaihteleva. Kirkastuvat hetket voivat vuorotella ohimenev\u00e4n sateen kanssa. Paineella alle 1000 mbar taivas on pilvinen ja voimme odottaa sadetta. Paineen nousu tarkoittaa s\u00e4\u00e4n paranemista ja p\u00e4invastoin paineen lasku tarkoittaa s\u00e4\u00e4n huonontumista. Kes\u00e4ll\u00e4 \u00e4killiset, voimakkaat paineen nousut voivat olla merkkej\u00e4 voimakkaista ukkosmyrskyist\u00e4. Esimerkiksi voimakkaiden iskujen vuoksi uusi s\u00e4\u00e4t\u00f6 voi olla tarpeen. T\u00e4t\u00e4 varten k\u00e4yt\u00e4 ruuvimeisseli\u00e4 ja s\u00e4\u00e4d\u00e4 laitteen takana olevaa ruuvia mukana toimitetun k\u00e4ytt\u00f6ohjeen ohjeiden mukaisesti.<\/p>\n","protected":false},"excerpt":{"rendered":"<p>Barometri Fischer &#8211; 13366R-22&nbsp;Tuotetiedot:&nbsp;N\u00e4kyv\u00e4 mekanismiKlassinen, tyylik\u00e4s ulkon\u00e4k\u00f6Messinkikotelo mekanismillePuiset jalustat py\u00f6kkipuusta &#8211; mahonki V\u00e4rit englanniksi&nbsp;Mitat:&nbsp;Halkaisija: 14 cmMittarin halkaisija: 10 cm&nbsp;Fischer-yritys perustettiin vuonna 1945 Drebachissa, Saksassa, ja se on valmistanut siell\u00e4 barometrej\u00e4, kosteusmittareita ja l\u00e4mp\u00f6mittareita siit\u00e4 l\u00e4htien. Yrityksell\u00e4 on yli 70 vuoden kokemus alalta. Nyky\u00e4\u00e4n Fischer on tunnettu ja arvostettu korkealaatuisten tuotteiden toimittaja. Kaikki tuotteet valmistetaan k\u00e4sity\u00f6n\u00e4 [&hellip;]<\/p>\n","protected":false},"featured_media":45027,"comment_status":"open","ping_status":"closed","template":"","meta":[],"product_brand":[],"product_cat":[32],"product_tag":[],"class_list":{"0":"post-37020","1":"product","2":"type-product","3":"status-publish","4":"has-post-thumbnail","6":"product_cat-uncategorized-fi","8":"first","9":"instock","10":"shipping-taxable","11":"purchasable","12":"product-type-simple"},"_links":{"self":[{"href":"https:\/\/nordicmart.andreevmaster.com\/fi\/wp-json\/wp\/v2\/product\/37020","targetHints":{"allow":["GET"]}}],"collection":[{"href":"https:\/\/nordicmart.andreevmaster.com\/fi\/wp-json\/wp\/v2\/product"}],"about":[{"href":"https:\/\/nordicmart.andreevmaster.com\/fi\/wp-json\/wp\/v2\/types\/product"}],"replies":[{"embeddable":true,"href":"https:\/\/nordicmart.andreevmaster.com\/fi\/wp-json\/wp\/v2\/comments?post=37020"}],"wp:featuredmedia":[{"embeddable":true,"href":"https:\/\/nordicmart.andreevmaster.com\/fi\/wp-json\/wp\/v2\/media\/45027"}],"wp:attachment":[{"href":"https:\/\/nordicmart.andreevmaster.com\/fi\/wp-json\/wp\/v2\/media?parent=37020"}],"wp:term":[{"taxonomy":"product_brand","embeddable":true,"href":"https:\/\/nordicmart.andreevmaster.com\/fi\/wp-json\/wp\/v2\/product_brand?post=37020"},{"taxonomy":"product_cat","embeddable":true,"href":"https:\/\/nordicmart.andreevmaster.com\/fi\/wp-json\/wp\/v2\/product_cat?post=37020"},{"taxonomy":"product_tag","embeddable":true,"href":"https:\/\/nordicmart.andreevmaster.com\/fi\/wp-json\/wp\/v2\/product_tag?post=37020"}],"curies":[{"name":"wp","href":"https:\/\/api.w.org\/{rel}","templated":true}]}}