{"id":37019,"date":"2026-02-27T00:37:03","date_gmt":"2026-02-27T00:37:03","guid":{"rendered":"https:\/\/nordicmart.andreevmaster.com\/product\/messinkinen-aurinkokvadrantti-gunterr-h39\/"},"modified":"2026-02-27T09:54:13","modified_gmt":"2026-02-27T09:54:13","slug":"messinkinen-aurinkokvadrantti-gunterr-h39","status":"publish","type":"product","link":"https:\/\/nordicmart.andreevmaster.com\/fi\/tuote\/messinkinen-aurinkokvadrantti-gunterr-h39\/","title":{"rendered":"Messinkinen aurinkokvadrantti Gunterr \u2013 H39"},"content":{"rendered":"<p>Gunter-messinkinen aurinkokvadrantti \u2013 H39 &nbsp;&nbsp;Kvadrantti on historiallinen instrumentti t\u00e4htien sijainnin m\u00e4\u00e4ritt\u00e4miseen. Se oli nelj\u00e4nnesympyr\u00e4n muotoinen ja siin\u00e4 oli kulmaskaala. Se tunnettiin jo antiikin Kreikassa, ja se oli k\u00e4yt\u00f6ss\u00e4 viel\u00e4 1600-luvulla.&nbsp;Se on t\u00e4ydellinen lahja merimiehelle tai t\u00e4htitieteen harrastajalle.&nbsp;J\u00e4ljenn\u00f6s on tehty 1700-luvun Gunter-kvadrantin pohjalta, joka on esill\u00e4 Greenwichin merimuseossa. &nbsp;&nbsp;Tuotetiedot:&nbsp;Mitat: korkeus 17 cm x leveys 15 cm x syvyys 0,7 cm. Paino: 0,85 kg. Y\u00f6kellon takaosa. Lahjapakkaus: kaunis lahjapakkaus, jossa on koristelista. Upea lahja t\u00e4htitieteilij\u00e4lle tai t\u00e4htitieteen harrastajalle.<\/p>\n","protected":false},"excerpt":{"rendered":"<p>Gunter-messinkinen aurinkokvadrantti \u2013 H39 &nbsp;&nbsp;Kvadrantti on historiallinen instrumentti t\u00e4htien sijainnin m\u00e4\u00e4ritt\u00e4miseen. Se oli nelj\u00e4nnesympyr\u00e4n muotoinen ja siin\u00e4 oli kulmaskaala. Se tunnettiin jo antiikin Kreikassa, ja se oli k\u00e4yt\u00f6ss\u00e4 viel\u00e4 1600-luvulla.&nbsp;Se on t\u00e4ydellinen lahja merimiehelle tai t\u00e4htitieteen harrastajalle.&nbsp;J\u00e4ljenn\u00f6s on tehty 1700-luvun Gunter-kvadrantin pohjalta, joka on esill\u00e4 Greenwichin merimuseossa. &nbsp;&nbsp;Tuotetiedot:&nbsp;Mitat: korkeus 17 cm x leveys 15 cm [&hellip;]<\/p>\n","protected":false},"featured_media":45026,"comment_status":"open","ping_status":"closed","template":"","meta":[],"product_brand":[],"product_cat":[32],"product_tag":[],"class_list":{"0":"post-37019","1":"product","2":"type-product","3":"status-publish","4":"has-post-thumbnail","6":"product_cat-uncategorized-fi","8":"first","9":"instock","10":"shipping-taxable","11":"purchasable","12":"product-type-simple"},"_links":{"self":[{"href":"https:\/\/nordicmart.andreevmaster.com\/fi\/wp-json\/wp\/v2\/product\/37019","targetHints":{"allow":["GET"]}}],"collection":[{"href":"https:\/\/nordicmart.andreevmaster.com\/fi\/wp-json\/wp\/v2\/product"}],"about":[{"href":"https:\/\/nordicmart.andreevmaster.com\/fi\/wp-json\/wp\/v2\/types\/product"}],"replies":[{"embeddable":true,"href":"https:\/\/nordicmart.andreevmaster.com\/fi\/wp-json\/wp\/v2\/comments?post=37019"}],"wp:featuredmedia":[{"embeddable":true,"href":"https:\/\/nordicmart.andreevmaster.com\/fi\/wp-json\/wp\/v2\/media\/45026"}],"wp:attachment":[{"href":"https:\/\/nordicmart.andreevmaster.com\/fi\/wp-json\/wp\/v2\/media?parent=37019"}],"wp:term":[{"taxonomy":"product_brand","embeddable":true,"href":"https:\/\/nordicmart.andreevmaster.com\/fi\/wp-json\/wp\/v2\/product_brand?post=37019"},{"taxonomy":"product_cat","embeddable":true,"href":"https:\/\/nordicmart.andreevmaster.com\/fi\/wp-json\/wp\/v2\/product_cat?post=37019"},{"taxonomy":"product_tag","embeddable":true,"href":"https:\/\/nordicmart.andreevmaster.com\/fi\/wp-json\/wp\/v2\/product_tag?post=37019"}],"curies":[{"name":"wp","href":"https:\/\/api.w.org\/{rel}","templated":true}]}}